{"id":5141,"date":"2023-09-07T07:56:58","date_gmt":"2023-09-07T07:56:58","guid":{"rendered":"https:\/\/artconendustri.com\/?page_id=5141"},"modified":"2023-09-20T09:46:23","modified_gmt":"2023-09-20T09:46:23","slug":"kariyer","status":"publish","type":"page","link":"https:\/\/artconendustri.com\/ua\/kariyer\/","title":{"rendered":"Kariyer"},"content":{"rendered":"\t\t<div data-elementor-type=\"wp-page\" data-elementor-id=\"5141\" class=\"elementor elementor-5141\" data-elementor-post-type=\"page\">\n\t\t\t\t\t\t<section class=\"elementor-section elementor-top-section elementor-element elementor-element-696e64b elementor-section-boxed elementor-section-height-default elementor-section-height-default\" data-id=\"696e64b\" data-element_type=\"section\" data-e-type=\"section\">\n\t\t\t\t\t\t<div class=\"elementor-container elementor-column-gap-default\">\n\t\t\t\t\t<div class=\"elementor-column elementor-col-100 elementor-top-column elementor-element elementor-element-6fcbf6d\" data-id=\"6fcbf6d\" data-element_type=\"column\" data-e-type=\"column\">\n\t\t\t<div class=\"elementor-widget-wrap elementor-element-populated\">\n\t\t\t\t\t\t<div class=\"elementor-element elementor-element-24b3c34 elementor-widget elementor-widget-heading\" data-id=\"24b3c34\" data-element_type=\"widget\" data-e-type=\"widget\" data-widget_type=\"heading.default\">\n\t\t\t\t<div class=\"elementor-widget-container\">\n\t\t\t\t\t<h2 class=\"elementor-heading-title elementor-size-default\">Bizimle \u00c7al\u0131\u015fmak \u0130ster misiniz?<\/h2>\t\t\t\t<\/div>\n\t\t\t\t<\/div>\n\t\t\t\t<div class=\"elementor-element elementor-element-33a1857 elementor-widget elementor-widget-text-editor\" data-id=\"33a1857\" data-element_type=\"widget\" data-e-type=\"widget\" data-widget_type=\"text-editor.default\">\n\t\t\t\t<div class=\"elementor-widget-container\">\n\t\t\t\t\t\t\t\t\t<p>Ba\u015fvuru formumuz arac\u0131l\u0131\u011f\u0131yla, ekibimize kat\u0131lmak ve bizimle birlikte \u00e7al\u0131\u015fma f\u0131rsat\u0131n\u0131 de\u011ferlendirmek isteyen herkese kap\u0131lar\u0131m\u0131z\u0131 a\u00e7\u0131yoruz. Siz de bizimle gelece\u011fin ba\u015far\u0131 hikayesini yazmak isterseniz, l\u00fctfen a\u015fa\u011f\u0131daki formu doldurun ve ba\u015fvurunuzu bize iletin. Birlikte b\u00fcy\u00fck i\u015flere imza atmak i\u00e7in sab\u0131rs\u0131zlan\u0131yoruz!<\/p>\t\t\t\t\t\t\t\t<\/div>\n\t\t\t\t<\/div>\n\t\t\t\t<div class=\"elementor-element elementor-element-c96fcb1 elementor-button-align-stretch elementor-widget elementor-widget-form\" data-id=\"c96fcb1\" data-element_type=\"widget\" data-e-type=\"widget\" data-settings=\"{&quot;step_next_label&quot;:&quot;Next&quot;,&quot;step_previous_label&quot;:&quot;Previous&quot;,&quot;button_width&quot;:&quot;25&quot;,&quot;step_type&quot;:&quot;number_text&quot;,&quot;step_icon_shape&quot;:&quot;circle&quot;}\" data-widget_type=\"form.default\">\n\t\t\t\t<div class=\"elementor-widget-container\">\n\t\t\t\t\t\t\t<form class=\"elementor-form\" method=\"post\" name=\"New Form\" aria-label=\"New Form\">\n\t\t\t<input type=\"hidden\" name=\"post_id\" value=\"5141\"\/>\n\t\t\t<input type=\"hidden\" name=\"form_id\" value=\"c96fcb1\"\/>\n\t\t\t<input type=\"hidden\" name=\"referer_title\" value=\"Kariyer\" \/>\n\n\t\t\t\t\t\t\t<input type=\"hidden\" name=\"queried_id\" value=\"5141\"\/>\n\t\t\t\n\t\t\t<div class=\"elementor-form-fields-wrapper elementor-labels-above\">\n\t\t\t\t\t\t\t\t<div class=\"elementor-field-type-text elementor-field-group elementor-column elementor-field-group-name elementor-col-50\">\n\t\t\t\t\t\t\t\t\t\t\t\t<label for=\"form-field-name\" class=\"elementor-field-label\">\n\t\t\t\t\t\t\t\t\u0130sim:\t\t\t\t\t\t\t<\/label>\n\t\t\t\t\t\t\t\t\t\t\t\t\t\t<input size=\"1\" type=\"text\" name=\"form_fields[name]\" id=\"form-field-name\" class=\"elementor-field elementor-size-sm  elementor-field-textual\">\n\t\t\t\t\t\t\t\t\t\t\t<\/div>\n\t\t\t\t\t\t\t\t<div class=\"elementor-field-type-text elementor-field-group elementor-column elementor-field-group-field_3062b70 elementor-col-50\">\n\t\t\t\t\t\t\t\t\t\t\t\t<label for=\"form-field-field_3062b70\" class=\"elementor-field-label\">\n\t\t\t\t\t\t\t\tSoyad:\t\t\t\t\t\t\t<\/label>\n\t\t\t\t\t\t\t\t\t\t\t\t\t\t<input size=\"1\" type=\"text\" name=\"form_fields[field_3062b70]\" id=\"form-field-field_3062b70\" class=\"elementor-field elementor-size-sm  elementor-field-textual\">\n\t\t\t\t\t\t\t\t\t\t\t<\/div>\n\t\t\t\t\t\t\t\t<div class=\"elementor-field-type-email elementor-field-group elementor-column elementor-field-group-email elementor-col-50 elementor-field-required\">\n\t\t\t\t\t\t\t\t\t\t\t\t<label for=\"form-field-email\" class=\"elementor-field-label\">\n\t\t\t\t\t\t\t\tE-Posta Adresi\t\t\t\t\t\t\t<\/label>\n\t\t\t\t\t\t\t\t\t\t\t\t\t\t<input size=\"1\" type=\"email\" name=\"form_fields[email]\" id=\"form-field-email\" class=\"elementor-field elementor-size-sm  elementor-field-textual\" required=\"required\">\n\t\t\t\t\t\t\t\t\t\t\t<\/div>\n\t\t\t\t\t\t\t\t<div class=\"elementor-field-type-tel elementor-field-group elementor-column elementor-field-group-field_6593fbf elementor-col-50 elementor-field-required\">\n\t\t\t\t\t\t\t\t\t\t\t\t<label for=\"form-field-field_6593fbf\" class=\"elementor-field-label\">\n\t\t\t\t\t\t\t\tTelefon numras\u0131\t\t\t\t\t\t\t<\/label>\n\t\t\t\t\t\t\t\t<input size=\"1\" type=\"tel\" name=\"form_fields[field_6593fbf]\" id=\"form-field-field_6593fbf\" class=\"elementor-field elementor-size-sm  elementor-field-textual\" placeholder=\"+90 5XX XXX XXX\" required=\"required\" pattern=\"[0-9()#&amp;+*-=.]+\" title=\"Only numbers and phone characters (#, -, *, etc) are accepted.\">\n\n\t\t\t\t\t\t<\/div>\n\t\t\t\t\t\t\t\t<div class=\"elementor-field-type-upload elementor-field-group elementor-column elementor-field-group-field_ceda4a8 elementor-col-100\">\n\t\t\t\t\t\t\t\t\t\t\t\t<label for=\"form-field-field_ceda4a8\" class=\"elementor-field-label\">\n\t\t\t\t\t\t\t\tCV ekleyebilirsiniz. \t\t\t\t\t\t\t<\/label>\n\t\t\t\t\t\t\t\t<input type=\"file\" name=\"form_fields[field_ceda4a8][]\" id=\"form-field-field_ceda4a8\" class=\"elementor-field elementor-size-sm  elementor-upload-field\" multiple=\"multiple\">\n\n\t\t\t\t\t\t<\/div>\n\t\t\t\t\t\t\t\t<div class=\"elementor-field-group elementor-column elementor-field-type-submit elementor-col-25 e-form__buttons\">\n\t\t\t\t\t<button class=\"elementor-button elementor-size-sm elementor-animation-shrink\" type=\"submit\">\n\t\t\t\t\t\t<span class=\"elementor-button-content-wrapper\">\n\t\t\t\t\t\t\t\t\t\t\t\t\t\t\t\t\t\t\t\t\t\t<span class=\"elementor-button-text\">G\u00f6nder<\/span>\n\t\t\t\t\t\t\t\t\t\t\t\t\t<\/span>\n\t\t\t\t\t<\/button>\n\t\t\t\t<\/div>\n\t\t\t<\/div>\n\t\t<\/form>\n\t\t\t\t\t\t<\/div>\n\t\t\t\t<\/div>\n\t\t\t\t\t<\/div>\n\t\t<\/div>\n\t\t\t\t\t<\/div>\n\t\t<\/section>\n\t\t\t\t<\/div>\n\t\t","protected":false},"excerpt":{"rendered":"<p>Bizimle \u00c7al\u0131\u015fmak \u0130ster misiniz? Ba\u015fvuru formumuz arac\u0131l\u0131\u011f\u0131yla, ekibimize kat\u0131lmak ve bizimle birlikte \u00e7al\u0131\u015fma f\u0131rsat\u0131n\u0131 de\u011ferlendirmek isteyen herkese kap\u0131lar\u0131m\u0131z\u0131 a\u00e7\u0131yoruz. Siz de bizimle gelece\u011fin ba\u015far\u0131 hikayesini yazmak isterseniz, l\u00fctfen a\u015fa\u011f\u0131daki formu doldurun ve ba\u015fvurunuzu bize iletin. Birlikte b\u00fcy\u00fck i\u015flere imza atmak i\u00e7in sab\u0131rs\u0131zlan\u0131yoruz!<\/p>","protected":false},"author":1,"featured_media":0,"parent":0,"menu_order":0,"comment_status":"closed","ping_status":"closed","template":"","meta":{"footnotes":""},"class_list":["post-5141","page","type-page","status-publish","hentry"],"_links":{"self":[{"href":"https:\/\/artconendustri.com\/ua\/wp-json\/wp\/v2\/pages\/5141","targetHints":{"allow":["GET"]}}],"collection":[{"href":"https:\/\/artconendustri.com\/ua\/wp-json\/wp\/v2\/pages"}],"about":[{"href":"https:\/\/artconendustri.com\/ua\/wp-json\/wp\/v2\/types\/page"}],"author":[{"embeddable":true,"href":"https:\/\/artconendustri.com\/ua\/wp-json\/wp\/v2\/users\/1"}],"replies":[{"embeddable":true,"href":"https:\/\/artconendustri.com\/ua\/wp-json\/wp\/v2\/comments?post=5141"}],"version-history":[{"count":29,"href":"https:\/\/artconendustri.com\/ua\/wp-json\/wp\/v2\/pages\/5141\/revisions"}],"predecessor-version":[{"id":5344,"href":"https:\/\/artconendustri.com\/ua\/wp-json\/wp\/v2\/pages\/5141\/revisions\/5344"}],"wp:attachment":[{"href":"https:\/\/artconendustri.com\/ua\/wp-json\/wp\/v2\/media?parent=5141"}],"curies":[{"name":"wp","href":"https:\/\/api.w.org\/{rel}","templated":true}]}}