{"id":4649,"date":"2023-08-21T13:55:48","date_gmt":"2023-08-21T13:55:48","guid":{"rendered":"https:\/\/artconendustri.com\/?page_id=4649"},"modified":"2023-10-11T14:29:19","modified_gmt":"2023-10-11T14:29:19","slug":"marmara-cam-sanayi-c-firini-harman-besleme-sistemi","status":"publish","type":"page","link":"https:\/\/artconendustri.com\/ua\/marmara-cam-sanayi-c-firini-harman-besleme-sistemi\/","title":{"rendered":"Marmara Cam Sanayi,\nC-\u0424\u0443\u0440\u043d\u0456, \u0421\u0438\u0441\u0442\u0435\u043c\u0430 \u041f\u043e\u0434\u0430\u0432\u0430\u043d\u043d\u044f \u0421\u0443\u043c\u0456\u0448\u0456"},"content":{"rendered":"<div data-elementor-type=\"wp-page\" data-elementor-id=\"4649\" class=\"elementor elementor-4649\" data-elementor-post-type=\"page\">\n\t\t\t\t\t\t<section class=\"elementor-section elementor-top-section elementor-element elementor-element-5d0e342 elementor-section-height-min-height elementor-section-boxed elementor-section-height-default elementor-section-items-middle\" data-id=\"5d0e342\" data-element_type=\"section\" data-e-type=\"section\">\n\t\t\t\t\t\t<div class=\"elementor-container elementor-column-gap-default\">\n\t\t\t\t\t<div class=\"elementor-column elementor-col-50 elementor-top-column elementor-element elementor-element-0eed059\" data-id=\"0eed059\" data-element_type=\"column\" data-e-type=\"column\">\n\t\t\t<div class=\"elementor-widget-wrap elementor-element-populated\">\n\t\t\t\t\t\t<div class=\"elementor-element elementor-element-28d8fd0 elementor-widget elementor-widget-text-editor\" data-id=\"28d8fd0\" data-element_type=\"widget\" data-e-type=\"widget\" data-widget_type=\"text-editor.default\">\n\t\t\t\t<div class=\"elementor-widget-container\">\n\t\t\t\t\t\t\t\t\t<p>\u0417\u043c\u0456\u0441\u0442 \u043f\u0440\u043e\u0446\u0435\u0441\u0443 \u0432\u043a\u043b\u044e\u0447\u0430\u0454 \u043f\u0440\u043e\u0432\u0435\u0434\u0435\u043d\u043d\u044f \u0456\u043d\u0436\u0435\u043d\u0435\u0440\u043d\u0438\u0445 \u0440\u043e\u0437\u0440\u0430\u0445\u0443\u043d\u043a\u0456\u0432 \u0434\u043b\u044f \u043e\u0431\u043b\u0430\u0434\u043d\u0430\u043d\u043d\u044f, 3D \u043c\u043e\u0434\u0435\u043b\u044e\u0432\u0430\u043d\u043d\u044f, \u043f\u0456\u0434\u0433\u043e\u0442\u043e\u0432\u043a\u0443 \u0434\u0435\u0442\u0430\u043b\u044c\u043d\u0438\u0445 \u0432\u0438\u0440\u043e\u0431\u043d\u0438\u0447\u0438\u0445 \u043f\u0440\u043e\u0435\u043a\u0442\u0456\u0432, \u0432\u0438\u0433\u043e\u0442\u043e\u0432\u043b\u0435\u043d\u043d\u044f, \u0434\u043e\u0441\u0442\u0430\u0432\u043a\u0443, \u043c\u043e\u043d\u0442\u0430\u0436 \u0456 \u0432\u0432\u0435\u0434\u0435\u043d\u043d\u044f \u0432 \u0435\u043a\u0441\u043f\u043b\u0443\u0430\u0442\u0430\u0446\u0456\u044e \u043e\u0431\u043b\u0430\u0434\u043d\u0430\u043d\u043d\u044f. \u0412\u0438\u043a\u043e\u0440\u0438\u0441\u0442\u043e\u0432\u0443\u0432\u0430\u043d\u0435 \u043e\u0431\u043b\u0430\u0434\u043d\u0430\u043d\u043d\u044f \u0432 \u043f\u0440\u043e\u0446\u0435\u0441\u0456, \u0437\u0433\u0456\u0434\u043d\u043e \u0437 \u043e\u0441\u043d\u043e\u0432\u043d\u0438\u043c\u0438 \u043f\u0443\u043d\u043a\u0442\u0430\u043c\u0438, \u043d\u0430\u0432\u0435\u0434\u0435\u043d\u043e \u043d\u0438\u0436\u0447\u0435:<\/p><ul><li>\u0411\u0443\u043d\u043a\u0435\u0440\u0438 \u0434\u043b\u044f \u0437\u043c\u0456\u0448\u0443\u0432\u0430\u043d\u043d\u044f<\/li><li>\u0411\u0443\u043d\u043a\u0435\u0440 \u0434\u043b\u044f \u0437\u0432\u0430\u0436\u0443\u0432\u0430\u043d\u043d\u044f \u0441\u043a\u043b\u0430<\/li><li>\u0415\u043b\u0435\u043a\u0442\u0440\u043e\u043c\u0430\u0433\u043d\u0456\u0442\u043d\u0438\u0439 \u0432\u0456\u0431\u0440\u0430\u0446\u0456\u0439\u043d\u0438\u0439 \u0436\u0438\u0432\u0438\u043b\u044c\u043d\u0438\u043a<\/li><li>\u041a\u043e\u043d\u0432\u0435\u0454\u0440 \u0434\u043b\u044f \u043f\u043e\u0434\u0430\u0447\u0456 \u0432 \u0435\u043b\u0435\u043a\u0442\u0440\u0438\u0447\u043d\u0438\u0439 \u043f\u0456\u0434\u0439\u043e\u043c\u043d\u0438\u043a (B=500x8\u043c \/ 30 \u0442\/\u0433\u043e\u0434)<\/li><li>\u041f\u0435\u0440\u0435\u0432\u0430\u043d\u0442\u0430\u0436\u0443\u0432\u0430\u043b\u044c\u043d\u0438\u0439 \u043f\u0456\u0434\u0439\u043e\u043c\u043d\u0438\u043a \u0434\u043b\u044f \u0437\u043c\u0456\u0448\u0443\u0432\u0430\u043d\u043d\u044f (B=200x10\u043c \/ 30 \u0442\/\u0433\u043e\u0434)<\/li><li>\u041f\u043d\u0435\u0432\u043c\u0430\u0442\u0438\u0447\u043d\u0438\u0439 \u043a\u043b\u0430\u043f\u0430\u043d \u0434\u043b\u044f \u043f\u0430\u043d\u0442\u0430\u043b\u043e\u043d\u0456\u0432<\/li><li>\u0421\u0438\u0441\u0442\u0435\u043c\u0430 \u043f\u0435\u0440\u0435\u0440\u043e\u0431\u043a\u0438 \u0441\u043a\u043b\u0430 \u0442\u0430 \u043a\u043e\u043d\u0432\u0435\u0454\u0440\u0438<\/li><\/ul>\t\t\t\t\t\t\t\t<\/div>\n\t\t\t\t<\/div>\n\t\t\t\t\t<\/div>\n\t\t<\/div>\n\t\t\t\t<div class=\"elementor-column elementor-col-50 elementor-top-column elementor-element elementor-element-4cdce59\" data-id=\"4cdce59\" data-element_type=\"column\" data-e-type=\"column\">\n\t\t\t<div class=\"elementor-widget-wrap elementor-element-populated\">\n\t\t\t\t\t\t<div class=\"elementor-element elementor-element-6d1e039 elementor-widget elementor-widget-image\" data-id=\"6d1e039\" data-element_type=\"widget\" data-e-type=\"widget\" data-widget_type=\"image.default\">\n\t\t\t\t<div class=\"elementor-widget-container\">\n\t\t\t\t\t\t\t\t\t\t\t\t\t\t\t<img fetchpriority=\"high\" decoding=\"async\" width=\"800\" height=\"534\" src=\"https:\/\/artconendustri.com\/wp-content\/uploads\/2023\/08\/marmara-cam-4-1024x683.jpg\" class=\"attachment-large size-large wp-image-4656\" alt=\"\" srcset=\"https:\/\/artconendustri.com\/wp-content\/uploads\/2023\/08\/marmara-cam-4-1024x683.jpg 1024w, https:\/\/artconendustri.com\/wp-content\/uploads\/2023\/08\/marmara-cam-4-300x200.jpg 300w, https:\/\/artconendustri.com\/wp-content\/uploads\/2023\/08\/marmara-cam-4-768x512.jpg 768w, https:\/\/artconendustri.com\/wp-content\/uploads\/2023\/08\/marmara-cam-4-1200x800.jpg 1200w, https:\/\/artconendustri.com\/wp-content\/uploads\/2023\/08\/marmara-cam-4-460x307.jpg 460w, https:\/\/artconendustri.com\/wp-content\/uploads\/2023\/08\/marmara-cam-4.jpg 1500w\" sizes=\"(max-width: 800px) 100vw, 800px\" \/>\t\t\t\t\t\t\t\t\t\t\t\t\t\t\t<\/div>\n\t\t\t\t<\/div>\n\t\t\t\t\t<\/div>\n\t\t<\/div>\n\t\t\t\t\t<\/div>\n\t\t<\/section>\n\t\t\t\t<section class=\"elementor-section elementor-top-section elementor-element elementor-element-823f62e elementor-section-boxed elementor-section-height-default elementor-section-height-default\" data-id=\"823f62e\" data-element_type=\"section\" data-e-type=\"section\">\n\t\t\t\t\t\t<div class=\"elementor-container elementor-column-gap-default\">\n\t\t\t\t\t<div class=\"elementor-column elementor-col-100 elementor-top-column elementor-element elementor-element-fd99e4a\" data-id=\"fd99e4a\" data-element_type=\"column\" data-e-type=\"column\">\n\t\t\t<div class=\"elementor-widget-wrap elementor-element-populated\">\n\t\t\t\t\t\t<div class=\"elementor-element elementor-element-c9d073c elementor-widget elementor-widget-heading\" data-id=\"c9d073c\" data-element_type=\"widget\" data-e-type=\"widget\" data-widget_type=\"heading.default\">\n\t\t\t\t<div class=\"elementor-widget-container\">\n\t\t\t\t\t<h2 class=\"elementor-heading-title elementor-size-default\">\u0406\u043d\u0448\u0456 \u0432\u0456\u0437\u0443\u0430\u043b\u044c\u043d\u0456 \u043c\u0430\u0442\u0435\u0440\u0456\u0430\u043b\u0438 \u043f\u0440\u043e\u0435\u043a\u0442\u0443<\/h2>\t\t\t\t<\/div>\n\t\t\t\t<\/div>\n\t\t\t\t<div class=\"elementor-element elementor-element-68cdf9b elementor-widget elementor-widget-gallery\" data-id=\"68cdf9b\" data-element_type=\"widget\" data-e-type=\"widget\" data-settings=\"{&quot;columns&quot;:3,&quot;lazyload&quot;:&quot;yes&quot;,&quot;gallery_layout&quot;:&quot;grid&quot;,&quot;columns_tablet&quot;:2,&quot;columns_mobile&quot;:1,&quot;gap&quot;:{&quot;unit&quot;:&quot;px&quot;,&quot;size&quot;:10,&quot;sizes&quot;:[]},&quot;gap_tablet&quot;:{&quot;unit&quot;:&quot;px&quot;,&quot;size&quot;:10,&quot;sizes&quot;:[]},&quot;gap_mobile&quot;:{&quot;unit&quot;:&quot;px&quot;,&quot;size&quot;:10,&quot;sizes&quot;:[]},&quot;link_to&quot;:&quot;file&quot;,&quot;aspect_ratio&quot;:&quot;3:2&quot;,&quot;overlay_background&quot;:&quot;yes&quot;,&quot;content_hover_animation&quot;:&quot;fade-in&quot;}\" data-widget_type=\"gallery.default\">\n\t\t\t\t<div class=\"elementor-widget-container\">\n\t\t\t\t\t\t\t<div class=\"elementor-gallery__container\">\n\t\t\t\t\t\t\t<a class=\"e-gallery-item elementor-gallery-item elementor-animated-content\" href=\"https:\/\/artconendustri.com\/wp-content\/uploads\/2023\/08\/marmara-cam-3.jpg\" data-elementor-open-lightbox=\"yes\" data-elementor-lightbox-slideshow=\"68cdf9b\" data-elementor-lightbox-title=\"marmara-cam-3\" data-e-action-hash=\"#elementor-action%3Aaction%3Dlightbox%26settings%3DeyJpZCI6NDY1NSwidXJsIjoiaHR0cHM6XC9cL2FydGNvbmVuZHVzdHJpLmNvbVwvd3AtY29udGVudFwvdXBsb2Fkc1wvMjAyM1wvMDhcL21hcm1hcmEtY2FtLTMuanBnIiwic2xpZGVzaG93IjoiNjhjZGY5YiJ9\">\n\t\t\t\t\t<div class=\"e-gallery-image elementor-gallery-item__image\" data-thumbnail=\"https:\/\/artconendustri.com\/wp-content\/uploads\/2023\/08\/marmara-cam-3.jpg\" data-width=\"1500\" data-height=\"1000\" aria-label=\"\" role=\"img\" ><\/div>\n\t\t\t\t\t\t\t\t\t\t\t<div class=\"elementor-gallery-item__overlay\"><\/div>\n\t\t\t\t\t\t\t\t\t\t\t\t\t\t<\/a>\n\t\t\t\t\t\t\t<a class=\"e-gallery-item elementor-gallery-item elementor-animated-content\" href=\"https:\/\/artconendustri.com\/wp-content\/uploads\/2023\/08\/marmara-cam-2.jpg\" data-elementor-open-lightbox=\"yes\" data-elementor-lightbox-slideshow=\"68cdf9b\" data-elementor-lightbox-title=\"marmara-cam-2\" data-e-action-hash=\"#elementor-action%3Aaction%3Dlightbox%26settings%3DeyJpZCI6NDY1NCwidXJsIjoiaHR0cHM6XC9cL2FydGNvbmVuZHVzdHJpLmNvbVwvd3AtY29udGVudFwvdXBsb2Fkc1wvMjAyM1wvMDhcL21hcm1hcmEtY2FtLTIuanBnIiwic2xpZGVzaG93IjoiNjhjZGY5YiJ9\">\n\t\t\t\t\t<div class=\"e-gallery-image elementor-gallery-item__image\" data-thumbnail=\"https:\/\/artconendustri.com\/wp-content\/uploads\/2023\/08\/marmara-cam-2.jpg\" data-width=\"1500\" data-height=\"1000\" aria-label=\"\" role=\"img\" ><\/div>\n\t\t\t\t\t\t\t\t\t\t\t<div class=\"elementor-gallery-item__overlay\"><\/div>\n\t\t\t\t\t\t\t\t\t\t\t\t\t\t<\/a>\n\t\t\t\t\t\t\t<a class=\"e-gallery-item elementor-gallery-item elementor-animated-content\" href=\"https:\/\/artconendustri.com\/wp-content\/uploads\/2023\/08\/marmara-cam-1.jpg\" data-elementor-open-lightbox=\"yes\" data-elementor-lightbox-slideshow=\"68cdf9b\" data-elementor-lightbox-title=\"marmara-cam-1\" data-e-action-hash=\"#elementor-action%3Aaction%3Dlightbox%26settings%3DeyJpZCI6NDY1MywidXJsIjoiaHR0cHM6XC9cL2FydGNvbmVuZHVzdHJpLmNvbVwvd3AtY29udGVudFwvdXBsb2Fkc1wvMjAyM1wvMDhcL21hcm1hcmEtY2FtLTEuanBnIiwic2xpZGVzaG93IjoiNjhjZGY5YiJ9\">\n\t\t\t\t\t<div class=\"e-gallery-image elementor-gallery-item__image\" data-thumbnail=\"https:\/\/artconendustri.com\/wp-content\/uploads\/2023\/08\/marmara-cam-1.jpg\" data-width=\"1500\" data-height=\"1000\" aria-label=\"\" role=\"img\" ><\/div>\n\t\t\t\t\t\t\t\t\t\t\t<div class=\"elementor-gallery-item__overlay\"><\/div>\n\t\t\t\t\t\t\t\t\t\t\t\t\t\t<\/a>\n\t\t\t\t\t\t\t<a class=\"e-gallery-item elementor-gallery-item elementor-animated-content\" href=\"https:\/\/artconendustri.com\/wp-content\/uploads\/2023\/09\/marmara-cam-5.png\" data-elementor-open-lightbox=\"yes\" data-elementor-lightbox-slideshow=\"68cdf9b\" data-elementor-lightbox-title=\"marmara-cam-5\" data-e-action-hash=\"#elementor-action%3Aaction%3Dlightbox%26settings%3DeyJpZCI6NTI2OSwidXJsIjoiaHR0cHM6XC9cL2FydGNvbmVuZHVzdHJpLmNvbVwvd3AtY29udGVudFwvdXBsb2Fkc1wvMjAyM1wvMDlcL21hcm1hcmEtY2FtLTUucG5nIiwic2xpZGVzaG93IjoiNjhjZGY5YiJ9\">\n\t\t\t\t\t<div class=\"e-gallery-image elementor-gallery-item__image\" data-thumbnail=\"https:\/\/artconendustri.com\/wp-content\/uploads\/2023\/09\/marmara-cam-5.png\" data-width=\"426\" data-height=\"510\" aria-label=\"\" role=\"img\" ><\/div>\n\t\t\t\t\t\t\t\t\t\t\t<div class=\"elementor-gallery-item__overlay\"><\/div>\n\t\t\t\t\t\t\t\t\t\t\t\t\t\t<\/a>\n\t\t\t\t\t\t\t<a class=\"e-gallery-item elementor-gallery-item elementor-animated-content\" href=\"https:\/\/artconendustri.com\/wp-content\/uploads\/2023\/10\/marmara-cam-sanayi-c-firini-harman-besleme-sistemi-6.jpg\" data-elementor-open-lightbox=\"yes\" data-elementor-lightbox-slideshow=\"68cdf9b\" data-elementor-lightbox-title=\"marmara-cam-sanayi-c-firini-harman-besleme-sistemi-6\" data-e-action-hash=\"#elementor-action%3Aaction%3Dlightbox%26settings%3DeyJpZCI6NTQ2OCwidXJsIjoiaHR0cHM6XC9cL2FydGNvbmVuZHVzdHJpLmNvbVwvd3AtY29udGVudFwvdXBsb2Fkc1wvMjAyM1wvMTBcL21hcm1hcmEtY2FtLXNhbmF5aS1jLWZpcmluaS1oYXJtYW4tYmVzbGVtZS1zaXN0ZW1pLTYuanBnIiwic2xpZGVzaG93IjoiNjhjZGY5YiJ9\">\n\t\t\t\t\t<div class=\"e-gallery-image elementor-gallery-item__image\" data-thumbnail=\"https:\/\/artconendustri.com\/wp-content\/uploads\/2023\/10\/marmara-cam-sanayi-c-firini-harman-besleme-sistemi-6.jpg\" data-width=\"512\" data-height=\"384\" aria-label=\"\" role=\"img\" ><\/div>\n\t\t\t\t\t\t\t\t\t\t\t<div class=\"elementor-gallery-item__overlay\"><\/div>\n\t\t\t\t\t\t\t\t\t\t\t\t\t\t<\/a>\n\t\t\t\t\t\t\t<a class=\"e-gallery-item elementor-gallery-item elementor-animated-content\" href=\"https:\/\/artconendustri.com\/wp-content\/uploads\/2023\/10\/marmara-cam-sanayi-c-firini-harman-besleme-sistemi-5.jpg\" data-elementor-open-lightbox=\"yes\" data-elementor-lightbox-slideshow=\"68cdf9b\" data-elementor-lightbox-title=\"marmara-cam-sanayi-c-firini-harman-besleme-sistemi-5\" data-e-action-hash=\"#elementor-action%3Aaction%3Dlightbox%26settings%3DeyJpZCI6NTQ3MiwidXJsIjoiaHR0cHM6XC9cL2FydGNvbmVuZHVzdHJpLmNvbVwvd3AtY29udGVudFwvdXBsb2Fkc1wvMjAyM1wvMTBcL21hcm1hcmEtY2FtLXNhbmF5aS1jLWZpcmluaS1oYXJtYW4tYmVzbGVtZS1zaXN0ZW1pLTUuanBnIiwic2xpZGVzaG93IjoiNjhjZGY5YiJ9\">\n\t\t\t\t\t<div class=\"e-gallery-image elementor-gallery-item__image\" data-thumbnail=\"https:\/\/artconendustri.com\/wp-content\/uploads\/2023\/10\/marmara-cam-sanayi-c-firini-harman-besleme-sistemi-5.jpg\" data-width=\"512\" data-height=\"433\" aria-label=\"\" role=\"img\" ><\/div>\n\t\t\t\t\t\t\t\t\t\t\t<div class=\"elementor-gallery-item__overlay\"><\/div>\n\t\t\t\t\t\t\t\t\t\t\t\t\t\t<\/a>\n\t\t\t\t\t<\/div>\n\t\t\t\t\t<\/div>\n\t\t\t\t<\/div>\n\t\t\t\t\t<\/div>\n\t\t<\/div>\n\t\t\t\t\t<\/div>\n\t\t<\/section>\n\t\t\t\t<\/div>","protected":false},"excerpt":{"rendered":"<p>Proses i\u00e7eri\u011fi ekipmanlar\u0131n m\u00fchendislik hesaplar\u0131n\u0131n yap\u0131lmas\u0131, 3D modellenmesi, detay imalat projelerinin haz\u0131rlanmas\u0131, imalat\u0131, sevki, montaj\u0131 ve devreye alma i\u015fleri yap\u0131lm\u0131\u015ft\u0131r. Proseste kullan\u0131lan ekipmanlar ana ba\u015fl\u0131klar\u0131 ile a\u015fa\u011f\u0131dad\u0131r: Harman Bunkerleri Cam K\u0131r\u0131\u011f\u0131 Tart\u0131m Bunkeri Elektromagnetik titre\u015fimli besleyici Elevat\u00f6r Besleme Konvey\u00f6r\u00fc (B=500x8m \/ 30tph) Harman Nakil Elavat\u00f6r\u00fc (B=200x10m \/ 30 tph) Pn\u00f6matik Pantolon Klape Cam K\u0131r\u0131\u011f\u0131 Geri [&hellip;]<\/p>\n","protected":false},"author":1,"featured_media":0,"parent":0,"menu_order":0,"comment_status":"closed","ping_status":"closed","template":"","meta":{"footnotes":""},"class_list":["post-4649","page","type-page","status-publish","hentry"],"_links":{"self":[{"href":"https:\/\/artconendustri.com\/ua\/wp-json\/wp\/v2\/pages\/4649","targetHints":{"allow":["GET"]}}],"collection":[{"href":"https:\/\/artconendustri.com\/ua\/wp-json\/wp\/v2\/pages"}],"about":[{"href":"https:\/\/artconendustri.com\/ua\/wp-json\/wp\/v2\/types\/page"}],"author":[{"embeddable":true,"href":"https:\/\/artconendustri.com\/ua\/wp-json\/wp\/v2\/users\/1"}],"replies":[{"embeddable":true,"href":"https:\/\/artconendustri.com\/ua\/wp-json\/wp\/v2\/comments?post=4649"}],"version-history":[{"count":20,"href":"https:\/\/artconendustri.com\/ua\/wp-json\/wp\/v2\/pages\/4649\/revisions"}],"predecessor-version":[{"id":5475,"href":"https:\/\/artconendustri.com\/ua\/wp-json\/wp\/v2\/pages\/4649\/revisions\/5475"}],"wp:attachment":[{"href":"https:\/\/artconendustri.com\/ua\/wp-json\/wp\/v2\/media?parent=4649"}],"curies":[{"name":"wp","href":"https:\/\/api.w.org\/{rel}","templated":true}]}}