{"id":4648,"date":"2023-08-21T13:58:42","date_gmt":"2023-08-21T13:58:42","guid":{"rendered":"https:\/\/artconendustri.com\/?page_id=4648"},"modified":"2023-10-11T14:36:40","modified_gmt":"2023-10-11T14:36:40","slug":"ozdogu-sarp-insaat-kaolin-tesisi","status":"publish","type":"page","link":"https:\/\/artconendustri.com\/ua\/ozdogu-sarp-insaat-kaolin-tesisi\/","title":{"rendered":"\u00d6zdo\u011fu Sarp \u0130n\u015faat, \u0417\u0430\u0432\u043e\u0434 \u041f\u043e \u0412\u0438\u0440\u043e\u0431\u043d\u0438\u0446\u0442\u0432\u0443 \u041a\u0430\u043e\u043b\u0456\u043d\u0443"},"content":{"rendered":"<div data-elementor-type=\"wp-page\" data-elementor-id=\"4648\" class=\"elementor elementor-4648\" data-elementor-post-type=\"page\">\n\t\t\t\t\t\t<section class=\"elementor-section elementor-top-section elementor-element elementor-element-5d0e342 elementor-section-height-min-height elementor-section-boxed elementor-section-height-default elementor-section-items-middle\" data-id=\"5d0e342\" data-element_type=\"section\" data-e-type=\"section\">\n\t\t\t\t\t\t<div class=\"elementor-container elementor-column-gap-default\">\n\t\t\t\t\t<div class=\"elementor-column elementor-col-50 elementor-top-column elementor-element elementor-element-0eed059\" data-id=\"0eed059\" data-element_type=\"column\" data-e-type=\"column\">\n\t\t\t<div class=\"elementor-widget-wrap elementor-element-populated\">\n\t\t\t\t\t\t<div class=\"elementor-element elementor-element-28d8fd0 elementor-widget elementor-widget-text-editor\" data-id=\"28d8fd0\" data-element_type=\"widget\" data-e-type=\"widget\" data-widget_type=\"text-editor.default\">\n\t\t\t\t<div class=\"elementor-widget-container\">\n\t\t\t\t\t\t\t\t\t<p>\u0417\u0430\u0433\u0430\u043b\u043e\u043c \u0431\u0443\u043b\u043e \u0432\u0438\u043a\u043e\u043d\u0430\u043d\u043e \u0456\u043d\u0436\u0435\u043d\u0435\u0440\u043d\u0456 \u0440\u043e\u0437\u0440\u0430\u0445\u0443\u043d\u043a\u0438, \u043f\u0440\u043e\u0454\u043a\u0442\u0443\u0432\u0430\u043d\u043d\u044f \u0442\u0430 \u0432\u0438\u0440\u043e\u0431\u043d\u0438\u0446\u0442\u0432\u043e \u0441\u0442\u0430\u043b\u0435\u0432\u043e\u0457 \u043a\u043e\u043d\u0441\u0442\u0440\u0443\u043a\u0446\u0456\u0457 \u0431\u0443\u0434\u0456\u0432\u043b\u0456 \u0432\u0430\u0433\u043e\u044e 550 \u0442\u043e\u043d\u043d, \u0430 \u0442\u0430\u043a\u043e\u0436 \u0432\u0438\u0433\u043e\u0442\u043e\u0432\u043b\u0435\u043d\u043e \u0434\u0435\u044f\u043a\u0456 \u0442\u0430\u043d\u043a\u0438, \u0431\u0443\u043d\u043a\u0435\u0440\u0438 \u0442\u0430 \u0456\u043d\u0448\u0456 \u0454\u043c\u043d\u043e\u0441\u0442\u0456 \u0434\u043b\u044f \u0442\u0435\u0445\u043d\u043e\u043b\u043e\u0433\u0456\u0447\u043d\u0438\u0445 \u043f\u043e\u0442\u0440\u0435\u0431. \u041e\u0441\u043d\u043e\u0432\u043d\u0456 \u0430\u0441\u043f\u0435\u043a\u0442\u0438 \u0440\u043e\u0431\u043e\u0442\u0438 \u043d\u0430\u0432\u0435\u0434\u0435\u043d\u043e \u043d\u0438\u0436\u0447\u0435:<br><ul><li>\n\u0411\u0443\u0434\u0456\u0432\u043b\u044f \u0441\u0442\u0430\u043b\u0435\u0432\u043e\u0457 \u043a\u043e\u043d\u0441\u0442\u0440\u0443\u043a\u0446\u0456\u0457 \u0434\u043b\u044f \u043e\u0441\u043d\u043e\u0432\u043d\u043e\u0433\u043e \u043f\u0440\u043e\u0446\u0435\u0441\u0443 \u043e\u0431\u043b\u0430\u0434\u043d\u0430\u043d\u043d\u044f \u043f\u043b\u043e\u0449\u0435\u044e 2200 \u043c\u00b2<\/li><li>\n\u0411\u0443\u0434\u0456\u0432\u043b\u044f \u0441\u0442\u0430\u043b\u0435\u0432\u043e\u0457 \u043a\u043e\u043d\u0441\u0442\u0440\u0443\u043a\u0446\u0456\u0457 \u0434\u043b\u044f \u0437\u0431\u0435\u0440\u0456\u0433\u0430\u043d\u043d\u044f \u043f\u0440\u043e\u0434\u0443\u043a\u0446\u0456\u0457 \u043f\u043b\u043e\u0449\u0435\u044e 800 \u043c\u00b2<\/li><li>\n\u0411\u0443\u0434\u0456\u0432\u043b\u0456 \u0441\u0442\u0430\u043b\u0435\u0432\u043e\u0457 \u043a\u043e\u043d\u0441\u0442\u0440\u0443\u043a\u0446\u0456\u0457 \u0434\u043b\u044f \u043e\u0444\u0456\u0441\u0443 \u0442\u0430 \u0442\u0435\u0445\u043d\u0456\u0447\u043d\u043e\u0433\u043e \u043e\u0431\u0441\u043b\u0443\u0433\u043e\u0432\u0443\u0432\u0430\u043d\u043d\u044f \u043f\u043b\u043e\u0449\u0435\u044e 600 \u043c\u00b2, \u0434\u0432\u043e\u043f\u043e\u0432\u0435\u0440\u0445\u043e\u0432\u0456<\/li><li>\n5 \u0440\u0435\u0437\u0435\u0440\u0432\u0443\u0430\u0440\u0456\u0432 \u0434\u043b\u044f \u0432\u0456\u0434\u0441\u0442\u043e\u044e\u0432\u0430\u043d\u043d\u044f \u043e\u0431'\u0454\u043c\u043e\u043c 30 \u043c\u00b3 \u043a\u043e\u0436\u0435\u043d<\/li><li>\n3 \u0454\u043c\u043d\u043e\u0441\u0442\u0456 \u0434\u043b\u044f \u0437\u0433\u0443\u0449\u0435\u043d\u043d\u044f \u0434\u0456\u0430\u043c\u0435\u0442\u0440\u043e\u043c 5 \u043c\u0435\u0442\u0440\u0456\u0432 \u043a\u043e\u0436\u043d\u0430<\/li><li>\n\u0420\u0456\u0437\u043d\u043e\u043c\u0430\u043d\u0456\u0442\u043d\u0456 \u043a\u043e\u043d\u0434\u0438\u0446\u0456\u043e\u043d\u0435\u0440\u043d\u0456 \u0440\u0435\u0437\u0435\u0440\u0432\u0443\u0430\u0440\u0438 \u0442\u0430 \u043c\u0435\u0445\u0430\u043d\u0456\u0437\u043c\u0438 \u0437\u043c\u0456\u0448\u0443\u0432\u0430\u043d\u043d\u044f \u0437 \u043d\u0435\u0440\u0436\u0430\u0432\u0456\u044e\u0447\u043e\u0457 \u0441\u0442\u0430\u043b\u0456<\/li><li>\n\u0412\u0438\u0433\u043e\u0442\u043e\u0432\u043b\u0435\u043d\u043d\u044f \u043a\u043e\u043d\u0432\u0435\u0454\u0440\u0430 B=800\u00d735 \u043c\u0435\u0442\u0440\u0456\u0432 \/ 200 \u0442\/\u0433\u043e\u0434<\/li><li>\nB=1200\u00d76 \u043c\u0435\u0442\u0440\u0456\u0432 \u043a\u043e\u043d\u0432\u0435\u0454\u0440 \u043f\u043e\u0434\u0430\u0447\u0456 \u043f\u0456\u0434 \u0437\u0430\u0432\u0430\u043d\u0442\u0430\u0436\u0443\u0432\u0430\u043b\u044c\u043d\u0438\u043c \u0431\u0443\u043d\u043a\u0435\u0440\u043e\u043c<\/li><li>\n35 \u043c\u00b3 \u0437\u0430\u0432\u0430\u043d\u0442\u0430\u0436\u0443\u0432\u0430\u043b\u044c\u043d\u0438\u0439 \u0431\u0443\u043d\u043a\u0435\u0440 \u0442\u0430 \u0448\u0430\u0441\u0456<\/li><\/ul><\/p>\t\t\t\t\t\t\t\t<\/div>\n\t\t\t\t<\/div>\n\t\t\t\t\t<\/div>\n\t\t<\/div>\n\t\t\t\t<div class=\"elementor-column elementor-col-50 elementor-top-column elementor-element elementor-element-4cdce59\" data-id=\"4cdce59\" data-element_type=\"column\" data-e-type=\"column\">\n\t\t\t<div class=\"elementor-widget-wrap elementor-element-populated\">\n\t\t\t\t\t\t<div class=\"elementor-element elementor-element-6d1e039 elementor-widget elementor-widget-image\" data-id=\"6d1e039\" data-element_type=\"widget\" data-e-type=\"widget\" data-widget_type=\"image.default\">\n\t\t\t\t<div class=\"elementor-widget-container\">\n\t\t\t\t\t\t\t\t\t\t\t\t\t\t\t<img fetchpriority=\"high\" decoding=\"async\" width=\"800\" height=\"534\" src=\"https:\/\/artconendustri.com\/wp-content\/uploads\/2023\/08\/ozdogu-sarp-insaat-1-1024x683.jpg\" class=\"attachment-large size-large wp-image-4890\" alt=\"\" srcset=\"https:\/\/artconendustri.com\/wp-content\/uploads\/2023\/08\/ozdogu-sarp-insaat-1-1024x683.jpg 1024w, https:\/\/artconendustri.com\/wp-content\/uploads\/2023\/08\/ozdogu-sarp-insaat-1-300x200.jpg 300w, https:\/\/artconendustri.com\/wp-content\/uploads\/2023\/08\/ozdogu-sarp-insaat-1-768x512.jpg 768w, https:\/\/artconendustri.com\/wp-content\/uploads\/2023\/08\/ozdogu-sarp-insaat-1-1200x800.jpg 1200w, https:\/\/artconendustri.com\/wp-content\/uploads\/2023\/08\/ozdogu-sarp-insaat-1-460x307.jpg 460w, https:\/\/artconendustri.com\/wp-content\/uploads\/2023\/08\/ozdogu-sarp-insaat-1.jpg 1500w\" sizes=\"(max-width: 800px) 100vw, 800px\" \/>\t\t\t\t\t\t\t\t\t\t\t\t\t\t\t<\/div>\n\t\t\t\t<\/div>\n\t\t\t\t\t<\/div>\n\t\t<\/div>\n\t\t\t\t\t<\/div>\n\t\t<\/section>\n\t\t\t\t<section class=\"elementor-section elementor-top-section elementor-element elementor-element-823f62e elementor-section-boxed elementor-section-height-default elementor-section-height-default\" data-id=\"823f62e\" data-element_type=\"section\" data-e-type=\"section\">\n\t\t\t\t\t\t<div class=\"elementor-container elementor-column-gap-default\">\n\t\t\t\t\t<div class=\"elementor-column elementor-col-100 elementor-top-column elementor-element elementor-element-fd99e4a\" data-id=\"fd99e4a\" data-element_type=\"column\" data-e-type=\"column\">\n\t\t\t<div class=\"elementor-widget-wrap elementor-element-populated\">\n\t\t\t\t\t\t<div class=\"elementor-element elementor-element-618d33c elementor-widget elementor-widget-heading\" data-id=\"618d33c\" data-element_type=\"widget\" data-e-type=\"widget\" data-widget_type=\"heading.default\">\n\t\t\t\t<div class=\"elementor-widget-container\">\n\t\t\t\t\t<h2 class=\"elementor-heading-title elementor-size-default\">\u0406\u043d\u0448\u0456 \u0437\u043e\u0431\u0440\u0430\u0436\u0435\u043d\u043d\u044f, \u0449\u043e \u043d\u0430\u043b\u0435\u0436\u0430\u0442\u044c \u0434\u043e \u043f\u0440\u043e\u0454\u043a\u0442\u0443<\/h2>\t\t\t\t<\/div>\n\t\t\t\t<\/div>\n\t\t\t\t<div class=\"elementor-element elementor-element-68cdf9b elementor-widget elementor-widget-gallery\" data-id=\"68cdf9b\" data-element_type=\"widget\" data-e-type=\"widget\" data-settings=\"{&quot;columns&quot;:3,&quot;lazyload&quot;:&quot;yes&quot;,&quot;gallery_layout&quot;:&quot;grid&quot;,&quot;columns_tablet&quot;:2,&quot;columns_mobile&quot;:1,&quot;gap&quot;:{&quot;unit&quot;:&quot;px&quot;,&quot;size&quot;:10,&quot;sizes&quot;:[]},&quot;gap_tablet&quot;:{&quot;unit&quot;:&quot;px&quot;,&quot;size&quot;:10,&quot;sizes&quot;:[]},&quot;gap_mobile&quot;:{&quot;unit&quot;:&quot;px&quot;,&quot;size&quot;:10,&quot;sizes&quot;:[]},&quot;link_to&quot;:&quot;file&quot;,&quot;aspect_ratio&quot;:&quot;3:2&quot;,&quot;overlay_background&quot;:&quot;yes&quot;,&quot;content_hover_animation&quot;:&quot;fade-in&quot;}\" data-widget_type=\"gallery.default\">\n\t\t\t\t<div class=\"elementor-widget-container\">\n\t\t\t\t\t\t\t<div class=\"elementor-gallery__container\">\n\t\t\t\t\t\t\t<a class=\"e-gallery-item elementor-gallery-item elementor-animated-content\" href=\"https:\/\/artconendustri.com\/wp-content\/uploads\/2023\/08\/ozdogu-sarp-insaat-2.jpg\" data-elementor-open-lightbox=\"yes\" data-elementor-lightbox-slideshow=\"68cdf9b\" data-elementor-lightbox-title=\"ozdogu-sarp-insaat-2\" data-e-action-hash=\"#elementor-action%3Aaction%3Dlightbox%26settings%3DeyJpZCI6NDg5MSwidXJsIjoiaHR0cHM6XC9cL2FydGNvbmVuZHVzdHJpLmNvbVwvd3AtY29udGVudFwvdXBsb2Fkc1wvMjAyM1wvMDhcL296ZG9ndS1zYXJwLWluc2FhdC0yLmpwZyIsInNsaWRlc2hvdyI6IjY4Y2RmOWIifQ%3D%3D\">\n\t\t\t\t\t<div class=\"e-gallery-image elementor-gallery-item__image\" data-thumbnail=\"https:\/\/artconendustri.com\/wp-content\/uploads\/2023\/08\/ozdogu-sarp-insaat-2.jpg\" data-width=\"1500\" data-height=\"1000\" aria-label=\"\" role=\"img\" ><\/div>\n\t\t\t\t\t\t\t\t\t\t\t<div class=\"elementor-gallery-item__overlay\"><\/div>\n\t\t\t\t\t\t\t\t\t\t\t\t\t\t<\/a>\n\t\t\t\t\t\t\t<a class=\"e-gallery-item elementor-gallery-item elementor-animated-content\" href=\"https:\/\/artconendustri.com\/wp-content\/uploads\/2023\/08\/ozdogu-sarp-insaat-3.jpg\" data-elementor-open-lightbox=\"yes\" data-elementor-lightbox-slideshow=\"68cdf9b\" data-elementor-lightbox-title=\"ozdogu-sarp-insaat-3\" data-e-action-hash=\"#elementor-action%3Aaction%3Dlightbox%26settings%3DeyJpZCI6NDg5MiwidXJsIjoiaHR0cHM6XC9cL2FydGNvbmVuZHVzdHJpLmNvbVwvd3AtY29udGVudFwvdXBsb2Fkc1wvMjAyM1wvMDhcL296ZG9ndS1zYXJwLWluc2FhdC0zLmpwZyIsInNsaWRlc2hvdyI6IjY4Y2RmOWIifQ%3D%3D\">\n\t\t\t\t\t<div class=\"e-gallery-image elementor-gallery-item__image\" data-thumbnail=\"https:\/\/artconendustri.com\/wp-content\/uploads\/2023\/08\/ozdogu-sarp-insaat-3.jpg\" data-width=\"1500\" data-height=\"1000\" aria-label=\"\" role=\"img\" ><\/div>\n\t\t\t\t\t\t\t\t\t\t\t<div class=\"elementor-gallery-item__overlay\"><\/div>\n\t\t\t\t\t\t\t\t\t\t\t\t\t\t<\/a>\n\t\t\t\t\t\t\t<a class=\"e-gallery-item elementor-gallery-item elementor-animated-content\" href=\"https:\/\/artconendustri.com\/wp-content\/uploads\/2023\/10\/ozdogu-sarp-insaat-4.jpg\" data-elementor-open-lightbox=\"yes\" data-elementor-lightbox-slideshow=\"68cdf9b\" data-elementor-lightbox-title=\"ozdogu-sarp-insaat-4\" data-e-action-hash=\"#elementor-action%3Aaction%3Dlightbox%26settings%3DeyJpZCI6NTQ3OSwidXJsIjoiaHR0cHM6XC9cL2FydGNvbmVuZHVzdHJpLmNvbVwvd3AtY29udGVudFwvdXBsb2Fkc1wvMjAyM1wvMTBcL296ZG9ndS1zYXJwLWluc2FhdC00LmpwZyIsInNsaWRlc2hvdyI6IjY4Y2RmOWIifQ%3D%3D\">\n\t\t\t\t\t<div class=\"e-gallery-image elementor-gallery-item__image\" data-thumbnail=\"https:\/\/artconendustri.com\/wp-content\/uploads\/2023\/10\/ozdogu-sarp-insaat-4.jpg\" data-width=\"512\" data-height=\"368\" aria-label=\"\" role=\"img\" ><\/div>\n\t\t\t\t\t\t\t\t\t\t\t<div class=\"elementor-gallery-item__overlay\"><\/div>\n\t\t\t\t\t\t\t\t\t\t\t\t\t\t<\/a>\n\t\t\t\t\t\t\t<a class=\"e-gallery-item elementor-gallery-item elementor-animated-content\" href=\"https:\/\/artconendustri.com\/wp-content\/uploads\/2023\/10\/ozdogu-sarp-insaat-5.jpg\" data-elementor-open-lightbox=\"yes\" data-elementor-lightbox-slideshow=\"68cdf9b\" data-elementor-lightbox-title=\"ozdogu-sarp-insaat-5\" data-e-action-hash=\"#elementor-action%3Aaction%3Dlightbox%26settings%3DeyJpZCI6NTQ3NiwidXJsIjoiaHR0cHM6XC9cL2FydGNvbmVuZHVzdHJpLmNvbVwvd3AtY29udGVudFwvdXBsb2Fkc1wvMjAyM1wvMTBcL296ZG9ndS1zYXJwLWluc2FhdC01LmpwZyIsInNsaWRlc2hvdyI6IjY4Y2RmOWIifQ%3D%3D\">\n\t\t\t\t\t<div class=\"e-gallery-image elementor-gallery-item__image\" data-thumbnail=\"https:\/\/artconendustri.com\/wp-content\/uploads\/2023\/10\/ozdogu-sarp-insaat-5.jpg\" data-width=\"512\" data-height=\"281\" aria-label=\"\" role=\"img\" ><\/div>\n\t\t\t\t\t\t\t\t\t\t\t<div class=\"elementor-gallery-item__overlay\"><\/div>\n\t\t\t\t\t\t\t\t\t\t\t\t\t\t<\/a>\n\t\t\t\t\t\t\t<a class=\"e-gallery-item elementor-gallery-item elementor-animated-content\" href=\"https:\/\/artconendustri.com\/wp-content\/uploads\/2023\/10\/ozdogu-sarp-insaat-7.png\" data-elementor-open-lightbox=\"yes\" data-elementor-lightbox-slideshow=\"68cdf9b\" data-elementor-lightbox-title=\"ozdogu-sarp-insaat-7\" data-e-action-hash=\"#elementor-action%3Aaction%3Dlightbox%26settings%3DeyJpZCI6NTQ4MCwidXJsIjoiaHR0cHM6XC9cL2FydGNvbmVuZHVzdHJpLmNvbVwvd3AtY29udGVudFwvdXBsb2Fkc1wvMjAyM1wvMTBcL296ZG9ndS1zYXJwLWluc2FhdC03LnBuZyIsInNsaWRlc2hvdyI6IjY4Y2RmOWIifQ%3D%3D\">\n\t\t\t\t\t<div class=\"e-gallery-image elementor-gallery-item__image\" data-thumbnail=\"https:\/\/artconendustri.com\/wp-content\/uploads\/2023\/10\/ozdogu-sarp-insaat-7.png\" data-width=\"512\" data-height=\"309\" aria-label=\"\" role=\"img\" ><\/div>\n\t\t\t\t\t\t\t\t\t\t\t<div class=\"elementor-gallery-item__overlay\"><\/div>\n\t\t\t\t\t\t\t\t\t\t\t\t\t\t<\/a>\n\t\t\t\t\t\t\t<a class=\"e-gallery-item elementor-gallery-item elementor-animated-content\" href=\"https:\/\/artconendustri.com\/wp-content\/uploads\/2023\/10\/ozdogu-sarp-insaat-6.jpg\" data-elementor-open-lightbox=\"yes\" data-elementor-lightbox-slideshow=\"68cdf9b\" data-elementor-lightbox-title=\"ozdogu-sarp-insaat-6\" data-e-action-hash=\"#elementor-action%3Aaction%3Dlightbox%26settings%3DeyJpZCI6NTQ4MSwidXJsIjoiaHR0cHM6XC9cL2FydGNvbmVuZHVzdHJpLmNvbVwvd3AtY29udGVudFwvdXBsb2Fkc1wvMjAyM1wvMTBcL296ZG9ndS1zYXJwLWluc2FhdC02LmpwZyIsInNsaWRlc2hvdyI6IjY4Y2RmOWIifQ%3D%3D\">\n\t\t\t\t\t<div class=\"e-gallery-image elementor-gallery-item__image\" data-thumbnail=\"https:\/\/artconendustri.com\/wp-content\/uploads\/2023\/10\/ozdogu-sarp-insaat-6.jpg\" data-width=\"512\" data-height=\"302\" aria-label=\"\" role=\"img\" ><\/div>\n\t\t\t\t\t\t\t\t\t\t\t<div class=\"elementor-gallery-item__overlay\"><\/div>\n\t\t\t\t\t\t\t\t\t\t\t\t\t\t<\/a>\n\t\t\t\t\t<\/div>\n\t\t\t\t\t<\/div>\n\t\t\t\t<\/div>\n\t\t\t\t\t<\/div>\n\t\t<\/div>\n\t\t\t\t\t<\/div>\n\t\t<\/section>\n\t\t\t\t<\/div>","protected":false},"excerpt":{"rendered":"<p>Toplam 550 ton \u00e7elik konstr\u00fcksiyon bina m\u00fchendislik hesaplar\u0131, projelendirilmesi ve imalat\u0131 i\u015fleri ile proses ihtiyac\u0131 baz\u0131 tank bunker ve tikine imalatlar\u0131 yap\u0131lm\u0131\u015ft\u0131r. Kapsam ana hatlar\u0131 ile a\u015fa\u011f\u0131dad\u0131r: 2200 m2 Ana Proses ekipmanlar\u0131 binas\u0131 \u00c7elik Konstr\u00fcksiyon binas\u0131 800 m2 \u00dcr\u00fcn Stok \u00c7elik Konstr\u00fcksiyon Binas\u0131 600 m2 2 katl\u0131 ofis ve bak\u0131m onar\u0131m \u00e7elik konstr\u00fcksiyon binalar\u0131 5 [&hellip;]<\/p>\n","protected":false},"author":1,"featured_media":0,"parent":0,"menu_order":0,"comment_status":"closed","ping_status":"closed","template":"","meta":{"footnotes":""},"class_list":["post-4648","page","type-page","status-publish","hentry"],"_links":{"self":[{"href":"https:\/\/artconendustri.com\/ua\/wp-json\/wp\/v2\/pages\/4648","targetHints":{"allow":["GET"]}}],"collection":[{"href":"https:\/\/artconendustri.com\/ua\/wp-json\/wp\/v2\/pages"}],"about":[{"href":"https:\/\/artconendustri.com\/ua\/wp-json\/wp\/v2\/types\/page"}],"author":[{"embeddable":true,"href":"https:\/\/artconendustri.com\/ua\/wp-json\/wp\/v2\/users\/1"}],"replies":[{"embeddable":true,"href":"https:\/\/artconendustri.com\/ua\/wp-json\/wp\/v2\/comments?post=4648"}],"version-history":[{"count":14,"href":"https:\/\/artconendustri.com\/ua\/wp-json\/wp\/v2\/pages\/4648\/revisions"}],"predecessor-version":[{"id":5484,"href":"https:\/\/artconendustri.com\/ua\/wp-json\/wp\/v2\/pages\/4648\/revisions\/5484"}],"wp:attachment":[{"href":"https:\/\/artconendustri.com\/ua\/wp-json\/wp\/v2\/media?parent=4648"}],"curies":[{"name":"wp","href":"https:\/\/api.w.org\/{rel}","templated":true}]}}