{"id":4646,"date":"2023-08-21T14:05:24","date_gmt":"2023-08-21T14:05:24","guid":{"rendered":"https:\/\/artconendustri.com\/?page_id=4646"},"modified":"2023-10-11T14:47:58","modified_gmt":"2023-10-11T14:47:58","slug":"bagfas-stok-silo-besleme-triper-konveyoru","status":"publish","type":"page","link":"https:\/\/artconendustri.com\/ua\/bagfas-stok-silo-besleme-triper-konveyoru\/","title":{"rendered":"Ba\u011ffa\u015f, \u041a\u043e\u043d\u0432\u0435\u0454\u0440 \u0414\u043b\u044f \u041f\u043e\u0434\u0430\u0432\u0430\u043d\u043d\u044f \u0421\u0438\u043b\u043e\u0441\u0456\u0432"},"content":{"rendered":"<div data-elementor-type=\"wp-page\" data-elementor-id=\"4646\" class=\"elementor elementor-4646\" data-elementor-post-type=\"page\">\n\t\t\t\t\t\t<section class=\"elementor-section elementor-top-section elementor-element elementor-element-5d0e342 elementor-section-height-min-height elementor-section-boxed elementor-section-height-default elementor-section-items-middle\" data-id=\"5d0e342\" data-element_type=\"section\" data-e-type=\"section\">\n\t\t\t\t\t\t<div class=\"elementor-container elementor-column-gap-default\">\n\t\t\t\t\t<div class=\"elementor-column elementor-col-50 elementor-top-column elementor-element elementor-element-0eed059\" data-id=\"0eed059\" data-element_type=\"column\" data-e-type=\"column\">\n\t\t\t<div class=\"elementor-widget-wrap elementor-element-populated\">\n\t\t\t\t\t\t<div class=\"elementor-element elementor-element-28d8fd0 elementor-widget elementor-widget-text-editor\" data-id=\"28d8fd0\" data-element_type=\"widget\" data-e-type=\"widget\" data-widget_type=\"text-editor.default\">\n\t\t\t\t<div class=\"elementor-widget-container\">\n\t\t\t\t\t\t\t\t\t\u0422\u0440\u0438\u043f\u0435\u0440\u043d\u0438\u0439 \u043a\u043e\u043d\u0432\u0435\u0454\u0440 \u0434\u043e\u0432\u0436\u0438\u043d\u043e\u044e 76 \u043c\u0435\u0442\u0440\u0456\u0432 \u0456 \u043f\u043e\u0442\u0443\u0436\u043d\u0456\u0441\u0442\u044e 500 \u0442\/\u0433\u043e\u0434, \u043d\u0435\u043e\u0431\u0445\u0456\u0434\u043d\u0438\u0439 \u0434\u043b\u044f \u0442\u0440\u0430\u043d\u0441\u043f\u043e\u0440\u0442\u0443\u0432\u0430\u043d\u043d\u044f \u0442\u0430 \u0440\u0456\u0432\u043d\u043e\u043c\u0456\u0440\u043d\u043e\u0433\u043e \u0440\u043e\u0437\u043f\u043e\u0434\u0456\u043b\u0443 \u0441\u0456\u0440\u043a\u0438 \u0432 \u0441\u0438\u043b\u043e\u0441\u0456 \u043d\u0430 \u0437\u0430\u0432\u043e\u0434\u0456 Ba\u011ffa\u015f \u0432 \u0411\u0430\u043d\u0434\u0438\u0440\u043c\u0456, \u0431\u0443\u0432 \u0443\u0441\u043f\u0456\u0448\u043d\u043e \u0432\u0432\u0435\u0434\u0435\u043d\u0438\u0439 \u0432 \u0435\u043a\u0441\u043f\u043b\u0443\u0430\u0442\u0430\u0446\u0456\u044e. \u0412\u0441\u0456 \u0435\u0442\u0430\u043f\u0438, \u0432\u0456\u0434 \u0456\u043d\u0436\u0435\u043d\u0435\u0440\u043d\u0438\u0445 \u0440\u043e\u0437\u0440\u0430\u0445\u0443\u043d\u043a\u0456\u0432 \u0434\u043e \u0432\u0432\u0435\u0434\u0435\u043d\u043d\u044f \u0432 \u0435\u043a\u0441\u043f\u043b\u0443\u0430\u0442\u0430\u0446\u0456\u044e, \u0431\u0443\u043b\u0438 \u0443\u0441\u043f\u0456\u0448\u043d\u043e \u0432\u0438\u043a\u043e\u043d\u0430\u043d\u0456 \u0432 \u0440\u0430\u043c\u043a\u0430\u0445 ARTCON.\t\t\t\t\t\t\t\t<\/div>\n\t\t\t\t<\/div>\n\t\t\t\t\t<\/div>\n\t\t<\/div>\n\t\t\t\t<div class=\"elementor-column elementor-col-50 elementor-top-column elementor-element elementor-element-4cdce59\" data-id=\"4cdce59\" data-element_type=\"column\" data-e-type=\"column\">\n\t\t\t<div class=\"elementor-widget-wrap elementor-element-populated\">\n\t\t\t\t\t\t<div class=\"elementor-element elementor-element-6d1e039 elementor-widget elementor-widget-image\" data-id=\"6d1e039\" data-element_type=\"widget\" data-e-type=\"widget\" data-widget_type=\"image.default\">\n\t\t\t\t<div class=\"elementor-widget-container\">\n\t\t\t\t\t\t\t\t\t\t\t\t\t\t\t<img fetchpriority=\"high\" decoding=\"async\" width=\"800\" height=\"534\" src=\"https:\/\/artconendustri.com\/wp-content\/uploads\/2023\/08\/bagfas-konveyor-2-1024x683.jpg\" class=\"attachment-large size-large wp-image-4944\" alt=\"\" srcset=\"https:\/\/artconendustri.com\/wp-content\/uploads\/2023\/08\/bagfas-konveyor-2-1024x683.jpg 1024w, https:\/\/artconendustri.com\/wp-content\/uploads\/2023\/08\/bagfas-konveyor-2-300x200.jpg 300w, https:\/\/artconendustri.com\/wp-content\/uploads\/2023\/08\/bagfas-konveyor-2-768x512.jpg 768w, https:\/\/artconendustri.com\/wp-content\/uploads\/2023\/08\/bagfas-konveyor-2-1200x800.jpg 1200w, https:\/\/artconendustri.com\/wp-content\/uploads\/2023\/08\/bagfas-konveyor-2-460x307.jpg 460w, https:\/\/artconendustri.com\/wp-content\/uploads\/2023\/08\/bagfas-konveyor-2.jpg 1500w\" sizes=\"(max-width: 800px) 100vw, 800px\" \/>\t\t\t\t\t\t\t\t\t\t\t\t\t\t\t<\/div>\n\t\t\t\t<\/div>\n\t\t\t\t\t<\/div>\n\t\t<\/div>\n\t\t\t\t\t<\/div>\n\t\t<\/section>\n\t\t\t\t<section class=\"elementor-section elementor-top-section elementor-element elementor-element-823f62e elementor-section-boxed elementor-section-height-default elementor-section-height-default\" data-id=\"823f62e\" data-element_type=\"section\" data-e-type=\"section\">\n\t\t\t\t\t\t<div class=\"elementor-container elementor-column-gap-default\">\n\t\t\t\t\t<div class=\"elementor-column elementor-col-100 elementor-top-column elementor-element elementor-element-fd99e4a\" data-id=\"fd99e4a\" data-element_type=\"column\" data-e-type=\"column\">\n\t\t\t<div class=\"elementor-widget-wrap elementor-element-populated\">\n\t\t\t\t\t\t<div class=\"elementor-element elementor-element-d3dca60 elementor-widget elementor-widget-heading\" data-id=\"d3dca60\" data-element_type=\"widget\" data-e-type=\"widget\" data-widget_type=\"heading.default\">\n\t\t\t\t<div class=\"elementor-widget-container\">\n\t\t\t\t\t<h2 class=\"elementor-heading-title elementor-size-default\">\u0406\u043d\u0448\u0456 \u0437\u043e\u0431\u0440\u0430\u0436\u0435\u043d\u043d\u044f, \u0449\u043e \u043d\u0430\u043b\u0435\u0436\u0430\u0442\u044c \u0434\u043e \u043f\u0440\u043e\u0454\u043a\u0442\u0443<\/h2>\t\t\t\t<\/div>\n\t\t\t\t<\/div>\n\t\t\t\t<div class=\"elementor-element elementor-element-68cdf9b elementor-widget elementor-widget-gallery\" data-id=\"68cdf9b\" data-element_type=\"widget\" data-e-type=\"widget\" data-settings=\"{&quot;lazyload&quot;:&quot;yes&quot;,&quot;gallery_layout&quot;:&quot;grid&quot;,&quot;columns&quot;:4,&quot;columns_tablet&quot;:2,&quot;columns_mobile&quot;:1,&quot;gap&quot;:{&quot;unit&quot;:&quot;px&quot;,&quot;size&quot;:10,&quot;sizes&quot;:[]},&quot;gap_tablet&quot;:{&quot;unit&quot;:&quot;px&quot;,&quot;size&quot;:10,&quot;sizes&quot;:[]},&quot;gap_mobile&quot;:{&quot;unit&quot;:&quot;px&quot;,&quot;size&quot;:10,&quot;sizes&quot;:[]},&quot;link_to&quot;:&quot;file&quot;,&quot;aspect_ratio&quot;:&quot;3:2&quot;,&quot;overlay_background&quot;:&quot;yes&quot;,&quot;content_hover_animation&quot;:&quot;fade-in&quot;}\" data-widget_type=\"gallery.default\">\n\t\t\t\t<div class=\"elementor-widget-container\">\n\t\t\t\t\t\t\t<div class=\"elementor-gallery__container\">\n\t\t\t\t\t\t\t<a class=\"e-gallery-item elementor-gallery-item elementor-animated-content\" href=\"https:\/\/artconendustri.com\/wp-content\/uploads\/2023\/08\/bagfas-konveyor-1.jpg\" data-elementor-open-lightbox=\"yes\" data-elementor-lightbox-slideshow=\"68cdf9b\" data-elementor-lightbox-title=\"bagfas-konveyor-1\" data-e-action-hash=\"#elementor-action%3Aaction%3Dlightbox%26settings%3DeyJpZCI6NDk0MywidXJsIjoiaHR0cHM6XC9cL2FydGNvbmVuZHVzdHJpLmNvbVwvd3AtY29udGVudFwvdXBsb2Fkc1wvMjAyM1wvMDhcL2JhZ2Zhcy1rb252ZXlvci0xLmpwZyIsInNsaWRlc2hvdyI6IjY4Y2RmOWIifQ%3D%3D\">\n\t\t\t\t\t<div class=\"e-gallery-image elementor-gallery-item__image\" data-thumbnail=\"https:\/\/artconendustri.com\/wp-content\/uploads\/2023\/08\/bagfas-konveyor-1.jpg\" data-width=\"1500\" data-height=\"1000\" aria-label=\"\" role=\"img\" ><\/div>\n\t\t\t\t\t\t\t\t\t\t\t<div class=\"elementor-gallery-item__overlay\"><\/div>\n\t\t\t\t\t\t\t\t\t\t\t\t\t\t<\/a>\n\t\t\t\t\t\t\t<a class=\"e-gallery-item elementor-gallery-item elementor-animated-content\" href=\"https:\/\/artconendustri.com\/wp-content\/uploads\/2023\/10\/bagfas-konveyor-5.jpg\" data-elementor-open-lightbox=\"yes\" data-elementor-lightbox-slideshow=\"68cdf9b\" data-elementor-lightbox-title=\"bagfas-konveyor-5\" data-e-action-hash=\"#elementor-action%3Aaction%3Dlightbox%26settings%3DeyJpZCI6NTQ5OCwidXJsIjoiaHR0cHM6XC9cL2FydGNvbmVuZHVzdHJpLmNvbVwvd3AtY29udGVudFwvdXBsb2Fkc1wvMjAyM1wvMTBcL2JhZ2Zhcy1rb252ZXlvci01LmpwZyIsInNsaWRlc2hvdyI6IjY4Y2RmOWIifQ%3D%3D\">\n\t\t\t\t\t<div class=\"e-gallery-image elementor-gallery-item__image\" data-thumbnail=\"https:\/\/artconendustri.com\/wp-content\/uploads\/2023\/10\/bagfas-konveyor-5.jpg\" data-width=\"428\" data-height=\"512\" aria-label=\"\" role=\"img\" ><\/div>\n\t\t\t\t\t\t\t\t\t\t\t<div class=\"elementor-gallery-item__overlay\"><\/div>\n\t\t\t\t\t\t\t\t\t\t\t\t\t\t<\/a>\n\t\t\t\t\t\t\t<a class=\"e-gallery-item elementor-gallery-item elementor-animated-content\" href=\"https:\/\/artconendustri.com\/wp-content\/uploads\/2023\/10\/bagfas-konveyor-3.png\" data-elementor-open-lightbox=\"yes\" data-elementor-lightbox-slideshow=\"68cdf9b\" data-elementor-lightbox-title=\"bagfas-konveyor-3\" data-e-action-hash=\"#elementor-action%3Aaction%3Dlightbox%26settings%3DeyJpZCI6NTQ5MiwidXJsIjoiaHR0cHM6XC9cL2FydGNvbmVuZHVzdHJpLmNvbVwvd3AtY29udGVudFwvdXBsb2Fkc1wvMjAyM1wvMTBcL2JhZ2Zhcy1rb252ZXlvci0zLnBuZyIsInNsaWRlc2hvdyI6IjY4Y2RmOWIifQ%3D%3D\">\n\t\t\t\t\t<div class=\"e-gallery-image elementor-gallery-item__image\" data-thumbnail=\"https:\/\/artconendustri.com\/wp-content\/uploads\/2023\/10\/bagfas-konveyor-3.png\" data-width=\"512\" data-height=\"249\" aria-label=\"\" role=\"img\" ><\/div>\n\t\t\t\t\t\t\t\t\t\t\t<div class=\"elementor-gallery-item__overlay\"><\/div>\n\t\t\t\t\t\t\t\t\t\t\t\t\t\t<\/a>\n\t\t\t\t\t\t\t<a class=\"e-gallery-item elementor-gallery-item elementor-animated-content\" href=\"https:\/\/artconendustri.com\/wp-content\/uploads\/2023\/10\/bagfas-konveyor-4.png\" data-elementor-open-lightbox=\"yes\" data-elementor-lightbox-slideshow=\"68cdf9b\" data-elementor-lightbox-title=\"bagfas-konveyor-4\" data-e-action-hash=\"#elementor-action%3Aaction%3Dlightbox%26settings%3DeyJpZCI6NTQ5NiwidXJsIjoiaHR0cHM6XC9cL2FydGNvbmVuZHVzdHJpLmNvbVwvd3AtY29udGVudFwvdXBsb2Fkc1wvMjAyM1wvMTBcL2JhZ2Zhcy1rb252ZXlvci00LnBuZyIsInNsaWRlc2hvdyI6IjY4Y2RmOWIifQ%3D%3D\">\n\t\t\t\t\t<div class=\"e-gallery-image elementor-gallery-item__image\" data-thumbnail=\"https:\/\/artconendustri.com\/wp-content\/uploads\/2023\/10\/bagfas-konveyor-4.png\" data-width=\"512\" data-height=\"287\" aria-label=\"\" role=\"img\" ><\/div>\n\t\t\t\t\t\t\t\t\t\t\t<div class=\"elementor-gallery-item__overlay\"><\/div>\n\t\t\t\t\t\t\t\t\t\t\t\t\t\t<\/a>\n\t\t\t\t\t<\/div>\n\t\t\t\t\t<\/div>\n\t\t\t\t<\/div>\n\t\t\t\t\t<\/div>\n\t\t<\/div>\n\t\t\t\t\t<\/div>\n\t\t<\/section>\n\t\t\t\t<\/div>","protected":false},"excerpt":{"rendered":"<p>Ba\u011ffa\u015f\u2019\u0131n Band\u0131rma tesisine gemiler ile gelen K\u00fck\u00fcrt\u2019\u00fcn, stok silo i\u00e7erisine doldurulmas\u0131\/yay\u0131lmas\u0131 kapsam\u0131nda talep etti\u011fi 76 metre uzunlu\u011fa ve 500 tph kapasiteye haiz Triper konvey\u00f6r devreye al\u0131nm\u0131\u015ft\u0131r. Konvey\u00f6r\u00fcn m\u00fchendislik hesaplar\u0131ndan devreye al\u0131ma kadar olan kapsam\u0131 ARTCON b\u00fcnyesinde ba\u015far\u0131l\u0131 bir \u015fekilde yap\u0131lm\u0131\u015ft\u0131r. Projeye ait di\u011fer g\u00f6rseller<\/p>","protected":false},"author":1,"featured_media":0,"parent":0,"menu_order":0,"comment_status":"closed","ping_status":"closed","template":"","meta":{"footnotes":""},"class_list":["post-4646","page","type-page","status-publish","hentry"],"_links":{"self":[{"href":"https:\/\/artconendustri.com\/ua\/wp-json\/wp\/v2\/pages\/4646","targetHints":{"allow":["GET"]}}],"collection":[{"href":"https:\/\/artconendustri.com\/ua\/wp-json\/wp\/v2\/pages"}],"about":[{"href":"https:\/\/artconendustri.com\/ua\/wp-json\/wp\/v2\/types\/page"}],"author":[{"embeddable":true,"href":"https:\/\/artconendustri.com\/ua\/wp-json\/wp\/v2\/users\/1"}],"replies":[{"embeddable":true,"href":"https:\/\/artconendustri.com\/ua\/wp-json\/wp\/v2\/comments?post=4646"}],"version-history":[{"count":14,"href":"https:\/\/artconendustri.com\/ua\/wp-json\/wp\/v2\/pages\/4646\/revisions"}],"predecessor-version":[{"id":5501,"href":"https:\/\/artconendustri.com\/ua\/wp-json\/wp\/v2\/pages\/4646\/revisions\/5501"}],"wp:attachment":[{"href":"https:\/\/artconendustri.com\/ua\/wp-json\/wp\/v2\/media?parent=4646"}],"curies":[{"name":"wp","href":"https:\/\/api.w.org\/{rel}","templated":true}]}}