{"id":4645,"date":"2023-08-21T14:16:13","date_gmt":"2023-08-21T14:16:13","guid":{"rendered":"https:\/\/artconendustri.com\/?page_id=4645"},"modified":"2023-10-11T15:52:30","modified_gmt":"2023-10-11T15:52:30","slug":"eti-bakir-a-s-degirmen-besleme-cikis-sutlari-elek-sutlari","status":"publish","type":"page","link":"https:\/\/artconendustri.com\/ua\/eti-bakir-a-s-degirmen-besleme-cikis-sutlari-elek-sutlari\/","title":{"rendered":"Eti Bak\u0131r A.\u015e., \u0416\u043e\u043b\u043e\u0431\u0438 \u0434\u043b\u044f \u043f\u043e\u0434\u0430\u0447\u0456 \u0442\u0430 \u0432\u0438\u0432\u0430\u043d\u0442\u0430\u0436\u0435\u043d\u043d\u044f \u043c\u043b\u0438\u043d\u0430\/\u0441\u0438\u0442\u0430"},"content":{"rendered":"<div data-elementor-type=\"wp-page\" data-elementor-id=\"4645\" class=\"elementor elementor-4645\" data-elementor-post-type=\"page\">\n\t\t\t\t\t\t<section class=\"elementor-section elementor-top-section elementor-element elementor-element-5d0e342 elementor-section-height-min-height elementor-section-boxed elementor-section-height-default elementor-section-items-middle\" data-id=\"5d0e342\" data-element_type=\"section\" data-e-type=\"section\">\n\t\t\t\t\t\t<div class=\"elementor-container elementor-column-gap-default\">\n\t\t\t\t\t<div class=\"elementor-column elementor-col-50 elementor-top-column elementor-element elementor-element-0eed059\" data-id=\"0eed059\" data-element_type=\"column\" data-e-type=\"column\">\n\t\t\t<div class=\"elementor-widget-wrap elementor-element-populated\">\n\t\t\t\t\t\t<div class=\"elementor-element elementor-element-28d8fd0 elementor-widget elementor-widget-text-editor\" data-id=\"28d8fd0\" data-element_type=\"widget\" data-e-type=\"widget\" data-widget_type=\"text-editor.default\">\n\t\t\t\t<div class=\"elementor-widget-container\">\n\t\t\t\t\t\t\t\t\t<p>\u0411\u0443\u043b\u0438 \u0432\u0438\u0433\u043e\u0442\u043e\u0432\u043b\u0435\u043d\u0456 \u0435\u043b\u0435\u043a\u0442\u0440\u0438\u0447\u043d\u0456 \u0436\u0438\u0432\u043b\u0435\u043d\u043d\u044f \u0442\u0430 \u0448\u0443\u0442\u043a\u0438 \u0434\u043b\u044f \u0444\u043b\u043e\u0442\u0430\u0446\u0456\u0457 \u043a\u043e\u043c\u043f\u0430\u043d\u0456\u0457 Eti Bak\u0131r A.\u015e. \u0432 \u0421\u0430\u043c\u0441\u0443\u043d\u0456. \u0417\u0430\u043c\u0456\u0440\u0438 \u0431\u0443\u043b\u0438 \u043f\u0440\u043e\u0432\u0435\u0434\u0435\u043d\u0456 \u043d\u0430 \u043c\u0456\u0441\u0446\u0456, \u043f\u0456\u0441\u043b\u044f \u0447\u043e\u0433\u043e \u0431\u0443\u043b\u0438 \u0441\u043f\u0440\u043e\u0435\u043a\u0442\u043e\u0432\u0430\u043d\u0456, \u0432\u0438\u0433\u043e\u0442\u043e\u0432\u043b\u0435\u043d\u0456 \u0442\u0430 \u0432\u0456\u0434\u043f\u0440\u0430\u0432\u043b\u0435\u043d\u0456 \u0435\u043b\u0435\u043a\u0442\u0440\u0438\u0447\u043d\u0456 \u0436\u0438\u0432\u043b\u0435\u043d\u043d\u044f, \u0456\u043d\u0448\u0456 \u0448\u0443\u0442\u043a\u0438 \u0442\u0430 \u043d\u0430\u0441\u043e\u0441\u043d\u0456 \u043a\u0430\u043c\u0435\u0440\u0438. \u041c\u043e\u043d\u0442\u0430\u0436 \u0437\u0434\u0456\u0439\u0441\u043d\u044e\u0432\u0430\u0432\u0441\u044f \u043f\u0456\u0434 \u043a\u043e\u043d\u0442\u0440\u043e\u043b\u0435\u043c Eti Bak\u0131r, \u0430 \u043f\u043e\u0441\u043b\u0443\u0433\u0438 \u0441\u0443\u043f\u0435\u0440\u0432\u0456\u0437\u0456\u0457 \u043d\u0430\u0434\u0430\u0432\u0430\u0432 Artcon. \u041f\u0440\u043e\u0454\u043a\u0442 \u0431\u0443\u0432 \u0437\u0430\u0432\u0435\u0440\u0448\u0435\u043d\u0438\u0439 \u0443 \u043c\u0435\u0436\u0430\u0445 \u0432\u0438\u0437\u043d\u0430\u0447\u0435\u043d\u043e\u0433\u043e \u0447\u0430\u0441\u0443 \u0442\u0430 \u0437 \u043f\u043e\u0432\u043d\u0438\u043c \u0437\u0430\u0434\u043e\u0432\u043e\u043b\u0435\u043d\u043d\u044f\u043c \u043a\u043b\u0456\u0454\u043d\u0442\u0430. \u0414\u0435\u0442\u0430\u043b\u044c\u043d\u0456 \u0440\u043e\u0431\u043e\u0442\u0438 \u0432 \u043c\u0435\u0436\u0430\u0445 \u043f\u0440\u043e\u0454\u043a\u0442\u0443 \u0442\u0430\u043a\u0456:<br><ul><li>\n4x \u0448\u0443\u0442\u043a\u0438 \u0434\u043b\u044f \u0430\u0432\u0442\u043e\u0436\u0435\u043d\u0456\u0432 \u0442\u0430 \u043f\u043e\u0434\u0430\u0447\u0430 \u0434\u043b\u044f \u0433\u0440\u0430\u0432\u0456\u0439\u043d\u043e\u0433\u043e \u043c\u043b\u0438\u043d\u0430 \u0437 \u0430\u0432\u0442\u043e\u043c\u043e\u0431\u0456\u043b\u044c\u043d\u0438\u043c\u0438 \u0432\u0456\u0437\u043a\u0430\u043c\u0438<\/li><li><span style=\"font-family: var( --e-global-typography-text-font-family ), Sans-serif; font-weight: var( --e-global-typography-text-font-weight );\">4x \u0448\u0443\u0442\u043a\u0438 \u0434\u043b\u044f \u0430\u0432\u0442\u043e\u0436\u0435\u043d\u0456\u0432 \u0442\u0430 \u0432\u0438\u0445\u0456\u0434 \u0437 \u0433\u0440\u0430\u0432\u0456\u0439\u043d\u043e\u0433\u043e \u043c\u043b\u0438\u043d\u0430 \u2013 \u043f\u043e\u0434\u0430\u0447\u0430 \u0434\u043b\u044f \u0435\u043a\u0440\u0430\u043d\u0430<\/span><\/li><li><span style=\"font-family: var( --e-global-typography-text-font-family ), Sans-serif; font-weight: var( --e-global-typography-text-font-weight );\">2x \u0432\u0438\u0445\u0456\u0434\u043d\u0456 \u0448\u0443\u0442\u043a\u0438 \u0434\u043b\u044f \u0430\u0432\u0442\u043e\u0436\u0435\u043d\u0456\u0432 \u0442\u0430 \u043d\u0430\u0441\u043e\u0441\u043d\u0456 \u043a\u0430\u043c\u0435\u0440\u0438 \u0437 \u0433\u0443\u043c\u043e\u0432\u0438\u043c \u043f\u043e\u043a\u0440\u0438\u0442\u0442\u044f\u043c (8\u043c\u00b3)<\/span><\/li><li><span style=\"font-family: var( --e-global-typography-text-font-family ), Sans-serif; font-weight: var( --e-global-typography-text-font-weight );\">\u041f\u043b\u0430\u0441\u0442\u0438\u043d\u0438 \u0442\u0430 \u043a\u0430\u043d\u0430\u0432\u043a\u0438 \u0448\u0442\u0430\u043d\u0456\u0432<\/span><\/li><\/ul><\/p>\t\t\t\t\t\t\t\t<\/div>\n\t\t\t\t<\/div>\n\t\t\t\t\t<\/div>\n\t\t<\/div>\n\t\t\t\t<div class=\"elementor-column elementor-col-50 elementor-top-column elementor-element elementor-element-4cdce59\" data-id=\"4cdce59\" data-element_type=\"column\" data-e-type=\"column\">\n\t\t\t<div class=\"elementor-widget-wrap elementor-element-populated\">\n\t\t\t\t\t\t<div class=\"elementor-element elementor-element-6d1e039 elementor-widget elementor-widget-image\" data-id=\"6d1e039\" data-element_type=\"widget\" data-e-type=\"widget\" data-widget_type=\"image.default\">\n\t\t\t\t<div class=\"elementor-widget-container\">\n\t\t\t\t\t\t\t\t\t\t\t\t\t\t\t<img fetchpriority=\"high\" decoding=\"async\" width=\"800\" height=\"534\" src=\"https:\/\/artconendustri.com\/wp-content\/uploads\/2023\/08\/eti-bakir-sutlari-1-1024x683.jpg\" class=\"attachment-large size-large wp-image-4929\" alt=\"\" srcset=\"https:\/\/artconendustri.com\/wp-content\/uploads\/2023\/08\/eti-bakir-sutlari-1-1024x683.jpg 1024w, https:\/\/artconendustri.com\/wp-content\/uploads\/2023\/08\/eti-bakir-sutlari-1-300x200.jpg 300w, https:\/\/artconendustri.com\/wp-content\/uploads\/2023\/08\/eti-bakir-sutlari-1-768x512.jpg 768w, https:\/\/artconendustri.com\/wp-content\/uploads\/2023\/08\/eti-bakir-sutlari-1-1200x800.jpg 1200w, https:\/\/artconendustri.com\/wp-content\/uploads\/2023\/08\/eti-bakir-sutlari-1-460x307.jpg 460w, https:\/\/artconendustri.com\/wp-content\/uploads\/2023\/08\/eti-bakir-sutlari-1.jpg 1500w\" sizes=\"(max-width: 800px) 100vw, 800px\" \/>\t\t\t\t\t\t\t\t\t\t\t\t\t\t\t<\/div>\n\t\t\t\t<\/div>\n\t\t\t\t\t<\/div>\n\t\t<\/div>\n\t\t\t\t\t<\/div>\n\t\t<\/section>\n\t\t\t\t<section class=\"elementor-section elementor-top-section elementor-element elementor-element-823f62e elementor-section-boxed elementor-section-height-default elementor-section-height-default\" data-id=\"823f62e\" data-element_type=\"section\" data-e-type=\"section\">\n\t\t\t\t\t\t<div class=\"elementor-container elementor-column-gap-default\">\n\t\t\t\t\t<div class=\"elementor-column elementor-col-100 elementor-top-column elementor-element elementor-element-fd99e4a\" data-id=\"fd99e4a\" data-element_type=\"column\" data-e-type=\"column\">\n\t\t\t<div class=\"elementor-widget-wrap elementor-element-populated\">\n\t\t\t\t\t\t<div class=\"elementor-element elementor-element-3659c1e elementor-widget elementor-widget-heading\" data-id=\"3659c1e\" data-element_type=\"widget\" data-e-type=\"widget\" data-widget_type=\"heading.default\">\n\t\t\t\t<div class=\"elementor-widget-container\">\n\t\t\t\t\t<h2 class=\"elementor-heading-title elementor-size-default\">\u0406\u043d\u0448\u0456 \u0437\u043e\u0431\u0440\u0430\u0436\u0435\u043d\u043d\u044f, \u0449\u043e \u043d\u0430\u043b\u0435\u0436\u0430\u0442\u044c \u0434\u043e \u043f\u0440\u043e\u0454\u043a\u0442\u0443<\/h2>\t\t\t\t<\/div>\n\t\t\t\t<\/div>\n\t\t\t\t<div class=\"elementor-element elementor-element-68cdf9b elementor-widget elementor-widget-gallery\" data-id=\"68cdf9b\" data-element_type=\"widget\" data-e-type=\"widget\" data-settings=\"{&quot;lazyload&quot;:&quot;yes&quot;,&quot;gallery_layout&quot;:&quot;grid&quot;,&quot;columns&quot;:4,&quot;columns_tablet&quot;:2,&quot;columns_mobile&quot;:1,&quot;gap&quot;:{&quot;unit&quot;:&quot;px&quot;,&quot;size&quot;:10,&quot;sizes&quot;:[]},&quot;gap_tablet&quot;:{&quot;unit&quot;:&quot;px&quot;,&quot;size&quot;:10,&quot;sizes&quot;:[]},&quot;gap_mobile&quot;:{&quot;unit&quot;:&quot;px&quot;,&quot;size&quot;:10,&quot;sizes&quot;:[]},&quot;link_to&quot;:&quot;file&quot;,&quot;aspect_ratio&quot;:&quot;3:2&quot;,&quot;overlay_background&quot;:&quot;yes&quot;,&quot;content_hover_animation&quot;:&quot;fade-in&quot;}\" data-widget_type=\"gallery.default\">\n\t\t\t\t<div class=\"elementor-widget-container\">\n\t\t\t\t\t\t\t<div class=\"elementor-gallery__container\">\n\t\t\t\t\t\t\t<a class=\"e-gallery-item elementor-gallery-item elementor-animated-content\" href=\"https:\/\/artconendustri.com\/wp-content\/uploads\/2023\/08\/eti-bakir-sutlari-2.jpg\" data-elementor-open-lightbox=\"yes\" data-elementor-lightbox-slideshow=\"68cdf9b\" data-elementor-lightbox-title=\"eti-bakir-sutlari-2\" data-e-action-hash=\"#elementor-action%3Aaction%3Dlightbox%26settings%3DeyJpZCI6NDkzMCwidXJsIjoiaHR0cHM6XC9cL2FydGNvbmVuZHVzdHJpLmNvbVwvd3AtY29udGVudFwvdXBsb2Fkc1wvMjAyM1wvMDhcL2V0aS1iYWtpci1zdXRsYXJpLTIuanBnIiwic2xpZGVzaG93IjoiNjhjZGY5YiJ9\">\n\t\t\t\t\t<div class=\"e-gallery-image elementor-gallery-item__image\" data-thumbnail=\"https:\/\/artconendustri.com\/wp-content\/uploads\/2023\/08\/eti-bakir-sutlari-2.jpg\" data-width=\"1500\" data-height=\"1000\" aria-label=\"\" role=\"img\" ><\/div>\n\t\t\t\t\t\t\t\t\t\t\t<div class=\"elementor-gallery-item__overlay\"><\/div>\n\t\t\t\t\t\t\t\t\t\t\t\t\t\t<\/a>\n\t\t\t\t\t\t\t<a class=\"e-gallery-item elementor-gallery-item elementor-animated-content\" href=\"https:\/\/artconendustri.com\/wp-content\/uploads\/2023\/08\/eti-bakir-sutlari-3.jpg\" data-elementor-open-lightbox=\"yes\" data-elementor-lightbox-slideshow=\"68cdf9b\" data-elementor-lightbox-title=\"eti-bakir-sutlari-3\" data-e-action-hash=\"#elementor-action%3Aaction%3Dlightbox%26settings%3DeyJpZCI6NDkzMSwidXJsIjoiaHR0cHM6XC9cL2FydGNvbmVuZHVzdHJpLmNvbVwvd3AtY29udGVudFwvdXBsb2Fkc1wvMjAyM1wvMDhcL2V0aS1iYWtpci1zdXRsYXJpLTMuanBnIiwic2xpZGVzaG93IjoiNjhjZGY5YiJ9\">\n\t\t\t\t\t<div class=\"e-gallery-image elementor-gallery-item__image\" data-thumbnail=\"https:\/\/artconendustri.com\/wp-content\/uploads\/2023\/08\/eti-bakir-sutlari-3.jpg\" data-width=\"1500\" data-height=\"1000\" aria-label=\"\" role=\"img\" ><\/div>\n\t\t\t\t\t\t\t\t\t\t\t<div class=\"elementor-gallery-item__overlay\"><\/div>\n\t\t\t\t\t\t\t\t\t\t\t\t\t\t<\/a>\n\t\t\t\t\t\t\t<a class=\"e-gallery-item elementor-gallery-item elementor-animated-content\" href=\"https:\/\/artconendustri.com\/wp-content\/uploads\/2023\/08\/eti-bakir-sutlari-4.jpg\" data-elementor-open-lightbox=\"yes\" data-elementor-lightbox-slideshow=\"68cdf9b\" data-elementor-lightbox-title=\"eti-bakir-sutlari-4\" data-e-action-hash=\"#elementor-action%3Aaction%3Dlightbox%26settings%3DeyJpZCI6NDkzMiwidXJsIjoiaHR0cHM6XC9cL2FydGNvbmVuZHVzdHJpLmNvbVwvd3AtY29udGVudFwvdXBsb2Fkc1wvMjAyM1wvMDhcL2V0aS1iYWtpci1zdXRsYXJpLTQuanBnIiwic2xpZGVzaG93IjoiNjhjZGY5YiJ9\">\n\t\t\t\t\t<div class=\"e-gallery-image elementor-gallery-item__image\" data-thumbnail=\"https:\/\/artconendustri.com\/wp-content\/uploads\/2023\/08\/eti-bakir-sutlari-4.jpg\" data-width=\"1500\" data-height=\"1000\" aria-label=\"\" role=\"img\" ><\/div>\n\t\t\t\t\t\t\t\t\t\t\t<div class=\"elementor-gallery-item__overlay\"><\/div>\n\t\t\t\t\t\t\t\t\t\t\t\t\t\t<\/a>\n\t\t\t\t\t\t\t<a class=\"e-gallery-item elementor-gallery-item elementor-animated-content\" href=\"https:\/\/artconendustri.com\/wp-content\/uploads\/2023\/08\/eti-bakir-sutlari-5.jpg\" data-elementor-open-lightbox=\"yes\" data-elementor-lightbox-slideshow=\"68cdf9b\" data-elementor-lightbox-title=\"eti-bakir-sutlari-5\" data-e-action-hash=\"#elementor-action%3Aaction%3Dlightbox%26settings%3DeyJpZCI6NDkzMywidXJsIjoiaHR0cHM6XC9cL2FydGNvbmVuZHVzdHJpLmNvbVwvd3AtY29udGVudFwvdXBsb2Fkc1wvMjAyM1wvMDhcL2V0aS1iYWtpci1zdXRsYXJpLTUuanBnIiwic2xpZGVzaG93IjoiNjhjZGY5YiJ9\">\n\t\t\t\t\t<div class=\"e-gallery-image elementor-gallery-item__image\" data-thumbnail=\"https:\/\/artconendustri.com\/wp-content\/uploads\/2023\/08\/eti-bakir-sutlari-5.jpg\" data-width=\"1500\" data-height=\"1000\" aria-label=\"\" role=\"img\" ><\/div>\n\t\t\t\t\t\t\t\t\t\t\t<div class=\"elementor-gallery-item__overlay\"><\/div>\n\t\t\t\t\t\t\t\t\t\t\t\t\t\t<\/a>\n\t\t\t\t\t\t\t<a class=\"e-gallery-item elementor-gallery-item elementor-animated-content\" href=\"https:\/\/artconendustri.com\/wp-content\/uploads\/2023\/10\/eti-bakir-sutlari-8.jpg\" data-elementor-open-lightbox=\"yes\" data-elementor-lightbox-slideshow=\"68cdf9b\" data-elementor-lightbox-title=\"eti-bakir-sutlari-8\" data-e-action-hash=\"#elementor-action%3Aaction%3Dlightbox%26settings%3DeyJpZCI6NTUwMiwidXJsIjoiaHR0cHM6XC9cL2FydGNvbmVuZHVzdHJpLmNvbVwvd3AtY29udGVudFwvdXBsb2Fkc1wvMjAyM1wvMTBcL2V0aS1iYWtpci1zdXRsYXJpLTguanBnIiwic2xpZGVzaG93IjoiNjhjZGY5YiJ9\">\n\t\t\t\t\t<div class=\"e-gallery-image elementor-gallery-item__image\" data-thumbnail=\"https:\/\/artconendustri.com\/wp-content\/uploads\/2023\/10\/eti-bakir-sutlari-8.jpg\" data-width=\"512\" data-height=\"216\" aria-label=\"\" role=\"img\" ><\/div>\n\t\t\t\t\t\t\t\t\t\t\t<div class=\"elementor-gallery-item__overlay\"><\/div>\n\t\t\t\t\t\t\t\t\t\t\t\t\t\t<\/a>\n\t\t\t\t\t\t\t<a class=\"e-gallery-item elementor-gallery-item elementor-animated-content\" href=\"https:\/\/artconendustri.com\/wp-content\/uploads\/2023\/10\/eti-bakir-sutlari-7.jpg\" data-elementor-open-lightbox=\"yes\" data-elementor-lightbox-slideshow=\"68cdf9b\" data-elementor-lightbox-title=\"eti-bakir-sutlari-7\" data-e-action-hash=\"#elementor-action%3Aaction%3Dlightbox%26settings%3DeyJpZCI6NTUwMywidXJsIjoiaHR0cHM6XC9cL2FydGNvbmVuZHVzdHJpLmNvbVwvd3AtY29udGVudFwvdXBsb2Fkc1wvMjAyM1wvMTBcL2V0aS1iYWtpci1zdXRsYXJpLTcuanBnIiwic2xpZGVzaG93IjoiNjhjZGY5YiJ9\">\n\t\t\t\t\t<div class=\"e-gallery-image elementor-gallery-item__image\" data-thumbnail=\"https:\/\/artconendustri.com\/wp-content\/uploads\/2023\/10\/eti-bakir-sutlari-7.jpg\" data-width=\"410\" data-height=\"512\" aria-label=\"\" role=\"img\" ><\/div>\n\t\t\t\t\t\t\t\t\t\t\t<div class=\"elementor-gallery-item__overlay\"><\/div>\n\t\t\t\t\t\t\t\t\t\t\t\t\t\t<\/a>\n\t\t\t\t\t\t\t<a class=\"e-gallery-item elementor-gallery-item elementor-animated-content\" href=\"https:\/\/artconendustri.com\/wp-content\/uploads\/2023\/10\/eti-bakir-sutlari-6.jpg\" data-elementor-open-lightbox=\"yes\" data-elementor-lightbox-slideshow=\"68cdf9b\" data-elementor-lightbox-title=\"eti-bakir-sutlari-6\" data-e-action-hash=\"#elementor-action%3Aaction%3Dlightbox%26settings%3DeyJpZCI6NTUwNCwidXJsIjoiaHR0cHM6XC9cL2FydGNvbmVuZHVzdHJpLmNvbVwvd3AtY29udGVudFwvdXBsb2Fkc1wvMjAyM1wvMTBcL2V0aS1iYWtpci1zdXRsYXJpLTYuanBnIiwic2xpZGVzaG93IjoiNjhjZGY5YiJ9\">\n\t\t\t\t\t<div class=\"e-gallery-image elementor-gallery-item__image\" data-thumbnail=\"https:\/\/artconendustri.com\/wp-content\/uploads\/2023\/10\/eti-bakir-sutlari-6.jpg\" data-width=\"512\" data-height=\"397\" aria-label=\"\" role=\"img\" ><\/div>\n\t\t\t\t\t\t\t\t\t\t\t<div class=\"elementor-gallery-item__overlay\"><\/div>\n\t\t\t\t\t\t\t\t\t\t\t\t\t\t<\/a>\n\t\t\t\t\t\t\t<a class=\"e-gallery-item elementor-gallery-item elementor-animated-content\" href=\"https:\/\/artconendustri.com\/wp-content\/uploads\/2023\/10\/eti-bakir-sutlari-9.jpg\" data-elementor-open-lightbox=\"yes\" data-elementor-lightbox-slideshow=\"68cdf9b\" data-elementor-lightbox-title=\"eti-bakir-sutlari-9\" data-e-action-hash=\"#elementor-action%3Aaction%3Dlightbox%26settings%3DeyJpZCI6NTUwOCwidXJsIjoiaHR0cHM6XC9cL2FydGNvbmVuZHVzdHJpLmNvbVwvd3AtY29udGVudFwvdXBsb2Fkc1wvMjAyM1wvMTBcL2V0aS1iYWtpci1zdXRsYXJpLTkuanBnIiwic2xpZGVzaG93IjoiNjhjZGY5YiJ9\">\n\t\t\t\t\t<div class=\"e-gallery-image elementor-gallery-item__image\" data-thumbnail=\"https:\/\/artconendustri.com\/wp-content\/uploads\/2023\/10\/eti-bakir-sutlari-9.jpg\" data-width=\"370\" data-height=\"512\" aria-label=\"\" role=\"img\" ><\/div>\n\t\t\t\t\t\t\t\t\t\t\t<div class=\"elementor-gallery-item__overlay\"><\/div>\n\t\t\t\t\t\t\t\t\t\t\t\t\t\t<\/a>\n\t\t\t\t\t<\/div>\n\t\t\t\t\t<\/div>\n\t\t\t\t<\/div>\n\t\t\t\t\t<\/div>\n\t\t<\/div>\n\t\t\t\t\t<\/div>\n\t\t<\/section>\n\t\t\t\t<\/div>","protected":false},"excerpt":{"rendered":"<p>Eti Bak\u0131r A.\u015e.\u2019nin Samsun Flotasyon elek besleme ve \u015futlar\u0131 yap\u0131lm\u0131\u015ft\u0131r. Sahada \u00f6l\u00e7\u00fcler al\u0131narak elek besleme ve di\u011fer \u015futlar\u0131 ile pompa hazneleri projelendirilerek imalat ve sevkiyat\u0131 yap\u0131lm\u0131\u015ft\u0131r. Montaj Eti Bak\u0131r b\u00fcnyesinde yap\u0131lm\u0131\u015f olup Artcon s\u00fcperviz\u00f6rl\u00fck hizmeti vermi\u015ftir. Proje s\u00fcresinde ve tam m\u00fc\u015fteri memnuniyeti \u00e7er\u00e7evesinde tamamlanm\u0131\u015ft\u0131r. Kapsama ili\u015fkin detay i\u015fler \u015f\u00f6yledir: 4x Otojen ve \u00c7ak\u0131l de\u011firmen arabal\u0131 [&hellip;]<\/p>\n","protected":false},"author":1,"featured_media":0,"parent":0,"menu_order":0,"comment_status":"closed","ping_status":"closed","template":"","meta":{"footnotes":""},"class_list":["post-4645","page","type-page","status-publish","hentry"],"_links":{"self":[{"href":"https:\/\/artconendustri.com\/ua\/wp-json\/wp\/v2\/pages\/4645","targetHints":{"allow":["GET"]}}],"collection":[{"href":"https:\/\/artconendustri.com\/ua\/wp-json\/wp\/v2\/pages"}],"about":[{"href":"https:\/\/artconendustri.com\/ua\/wp-json\/wp\/v2\/types\/page"}],"author":[{"embeddable":true,"href":"https:\/\/artconendustri.com\/ua\/wp-json\/wp\/v2\/users\/1"}],"replies":[{"embeddable":true,"href":"https:\/\/artconendustri.com\/ua\/wp-json\/wp\/v2\/comments?post=4645"}],"version-history":[{"count":18,"href":"https:\/\/artconendustri.com\/ua\/wp-json\/wp\/v2\/pages\/4645\/revisions"}],"predecessor-version":[{"id":5511,"href":"https:\/\/artconendustri.com\/ua\/wp-json\/wp\/v2\/pages\/4645\/revisions\/5511"}],"wp:attachment":[{"href":"https:\/\/artconendustri.com\/ua\/wp-json\/wp\/v2\/media?parent=4645"}],"curies":[{"name":"wp","href":"https:\/\/api.w.org\/{rel}","templated":true}]}}