{"id":4644,"date":"2023-08-21T14:20:31","date_gmt":"2023-08-21T14:20:31","guid":{"rendered":"https:\/\/artconendustri.com\/?page_id=4644"},"modified":"2023-10-11T16:03:29","modified_gmt":"2023-10-11T16:03:29","slug":"atlas-enerji-yerli-komur-besleme-sistemi","status":"publish","type":"page","link":"https:\/\/artconendustri.com\/ua\/atlas-enerji-yerli-komur-besleme-sistemi\/","title":{"rendered":"Atlas Enerji, \u0421\u0438\u0441\u0442\u0435\u043c\u0430 \u041f\u043e\u0434\u0430\u0432\u0430\u043d\u043d\u044f \u0412\u0456\u0442\u0447\u0438\u0437\u043d\u044f\u043d\u043e\u0433\u043e \u0412\u0443\u0433\u0456\u043b\u043b\u044f"},"content":{"rendered":"<div data-elementor-type=\"wp-page\" data-elementor-id=\"4644\" class=\"elementor elementor-4644\" data-elementor-post-type=\"page\">\n\t\t\t\t\t\t<section class=\"elementor-section elementor-top-section elementor-element elementor-element-5d0e342 elementor-section-height-min-height elementor-section-boxed elementor-section-height-default elementor-section-items-middle\" data-id=\"5d0e342\" data-element_type=\"section\" data-e-type=\"section\">\n\t\t\t\t\t\t<div class=\"elementor-container elementor-column-gap-default\">\n\t\t\t\t\t<div class=\"elementor-column elementor-col-50 elementor-top-column elementor-element elementor-element-0eed059\" data-id=\"0eed059\" data-element_type=\"column\" data-e-type=\"column\">\n\t\t\t<div class=\"elementor-widget-wrap elementor-element-populated\">\n\t\t\t\t\t\t<div class=\"elementor-element elementor-element-28d8fd0 elementor-widget elementor-widget-text-editor\" data-id=\"28d8fd0\" data-element_type=\"widget\" data-e-type=\"widget\" data-widget_type=\"text-editor.default\">\n\t\t\t\t<div class=\"elementor-widget-container\">\n\t\t\t\t\t\t\t\t\t<p>\u041f\u0440\u043e\u043f\u043e\u0437\u0438\u0446\u0456\u044f \u0437 3D \u043f\u043b\u0430\u043d\u0443\u0432\u0430\u043d\u043d\u044f, \u044f\u043a\u0443 \u043c\u0438 \u043f\u0456\u0434\u0433\u043e\u0442\u0443\u0432\u0430\u043b\u0438 \u0434\u043b\u044f \u0442\u0435\u043d\u0434\u0435\u0440\u0443 Atlas Enerji\/\u0406\u0441\u043a\u0435\u043d\u0434\u0435\u0440\u0443\u043d \u0422\u0435\u0440\u043c\u0430\u043b\u044c\u043d\u043e\u0457 \u0435\u043b\u0435\u043a\u0442\u0440\u043e\u0441\u0442\u0430\u043d\u0446\u0456\u0457, \u0431\u0443\u043b\u0430 \u043f\u0440\u0438\u0439\u043d\u044f\u0442\u0430. \u041f\u0440\u043e\u0435\u043a\u0442 \u0431\u0443\u0432 \u0437\u0430\u0432\u0435\u0440\u0448\u0435\u043d\u0438\u0439 \u043f\u0456\u0434 \u043a\u043b\u044e\u0447 \u0442\u0430 \u043f\u0435\u0440\u0435\u0434\u0430\u043d\u0438\u0439 \u0432 \u043a\u0456\u043d\u0446\u0456 \u0442\u0440\u0430\u0432\u043d\u044f, \u0430 \u0442\u0430\u043a\u043e\u0436 \u0432\u0432\u0435\u0434\u0435\u043d\u0438\u0439 \u0432 \u0435\u043a\u0441\u043f\u043b\u0443\u0430\u0442\u0430\u0446\u0456\u044e. \u0414\u0435\u0442\u0430\u043b\u044c\u043d\u0456 \u0440\u043e\u0431\u043e\u0442\u0438 \u0432 \u0440\u0430\u043c\u043a\u0430\u0445 \u043f\u0440\u043e\u0435\u043a\u0442\u0443 \u0442\u0430\u043a\u0456:<br><ul><li>\n\u0417\u0430\u0432\u0430\u043d\u0442\u0430\u0436\u0443\u0432\u0430\u043b\u044c\u043d\u0438\u0439 \u0431\u0443\u043d\u043a\u0435\u0440 15\u043c\u00b3 (\u043f\u043e\u043a\u0440\u0438\u0442\u0438\u0439 Hardox 500)<\/li><li>\n\u041a\u043e\u043d\u0432\u0435\u0454\u0440 \u0434\u043b\u044f \u0442\u0440\u0430\u043d\u0441\u043f\u043e\u0440\u0442\u0443\u0432\u0430\u043d\u043d\u044f \u0432\u0443\u0433\u0456\u043b\u043b\u044f B=650\u00d721 \u043c\u0435\u0442\u0440\u0438 150 \u0442\u043e\u043d\u043d \u043d\u0430 \u0433\u043e\u0434\u0438\u043d\u0443<\/li><li>\n\u0415\u043b\u0435\u043a\u0442\u0440\u043e\u043c\u0435\u0445\u0430\u043d\u0456\u0447\u043d\u0438\u0439 \u0432\u0456\u0431\u0440\u0430\u0446\u0456\u0439\u043d\u0438\u0439 \u043f\u043e\u0434\u0430\u0432\u0430\u0447 \u043f\u0456\u0434 \u0431\u0443\u043d\u043a\u0435\u0440\u043e\u043c 150 \u0442\u043e\u043d\u043d \u043d\u0430 \u0433\u043e\u0434\u0438\u043d\u0443<\/li><li>\n\u041a\u043e\u043c\u0435\u0440\u0446\u0456\u0439\u043d\u0430 \u0441\u0442\u0440\u0456\u0447\u043a\u043e\u0432\u0430 \u0432\u0430\u0433\u0430 \u043d\u0430 \u043a\u043e\u043d\u0432\u0435\u0454\u0440\u0456 (Esit)<\/li><li>\n\u0417\u0431\u0456\u0440\u043d\u0438\u043a \u043f\u0440\u043e\u0431 \u043d\u0430 \u043a\u043e\u043d\u0432\u0435\u0454\u0440\u0456 (Artcon)<\/li><li>\n\u041f\u043d\u0435\u0432\u043c\u0430\u0442\u0438\u0447\u043d\u043e \u043f\u0440\u0438\u0432\u043e\u0434\u043d\u0438\u0439 \u0434\u0456\u0430\u0433\u043e\u043d\u0430\u043b\u044c\u043d\u0438\u0439 \u043f\u043b\u0443\u0433 \u043d\u0430 \u043a\u043e\u043d\u0432\u0435\u0454\u0440\u0456<\/li><li>\n\u041f\u043b\u0430\u0442\u0444\u043e\u0440\u043c\u0430 \u0434\u043b\u044f \u043a\u043e\u043d\u0432\u0435\u0454\u0440\u0430<\/li><li>\n\u0415\u043b\u0435\u043a\u0442\u0440\u0438\u0447\u043d\u0456 \u0430\u0432\u0442\u043e\u043c\u0430\u0442\u0438\u0437\u0430\u0446\u0456\u0439\u043d\u0456 \u0440\u043e\u0431\u043e\u0442\u0438 (SCADA, \u043a\u0456\u043c\u043d\u0430\u0442\u0430 \u0443\u043f\u0440\u0430\u0432\u043b\u0456\u043d\u043d\u044f\/\u043a\u043e\u043d\u0442\u0435\u0439\u043d\u0435\u0440, \u0432\u043a\u043b\u044e\u0447\u0430\u044e\u0447\u0438 \u043a\u0430\u0431\u0435\u043b\u044e\u0432\u0430\u043d\u043d\u044f)<\/li><\/ul><\/p>\t\t\t\t\t\t\t\t<\/div>\n\t\t\t\t<\/div>\n\t\t\t\t\t<\/div>\n\t\t<\/div>\n\t\t\t\t<div class=\"elementor-column elementor-col-50 elementor-top-column elementor-element elementor-element-4cdce59\" data-id=\"4cdce59\" data-element_type=\"column\" data-e-type=\"column\">\n\t\t\t<div class=\"elementor-widget-wrap elementor-element-populated\">\n\t\t\t\t\t\t<div class=\"elementor-element elementor-element-6d1e039 elementor-widget elementor-widget-image\" data-id=\"6d1e039\" data-element_type=\"widget\" data-e-type=\"widget\" data-widget_type=\"image.default\">\n\t\t\t\t<div class=\"elementor-widget-container\">\n\t\t\t\t\t\t\t\t\t\t\t\t\t\t\t<img fetchpriority=\"high\" decoding=\"async\" width=\"800\" height=\"600\" src=\"https:\/\/artconendustri.com\/wp-content\/uploads\/2023\/08\/atlas-enerji-1-1024x768.jpg\" class=\"attachment-large size-large wp-image-4900\" alt=\"\" srcset=\"https:\/\/artconendustri.com\/wp-content\/uploads\/2023\/08\/atlas-enerji-1-1024x768.jpg 1024w, https:\/\/artconendustri.com\/wp-content\/uploads\/2023\/08\/atlas-enerji-1-300x225.jpg 300w, https:\/\/artconendustri.com\/wp-content\/uploads\/2023\/08\/atlas-enerji-1-768x576.jpg 768w, https:\/\/artconendustri.com\/wp-content\/uploads\/2023\/08\/atlas-enerji-1-1536x1152.jpg 1536w, https:\/\/artconendustri.com\/wp-content\/uploads\/2023\/08\/atlas-enerji-1-460x345.jpg 460w, https:\/\/artconendustri.com\/wp-content\/uploads\/2023\/08\/atlas-enerji-1.jpg 2048w\" sizes=\"(max-width: 800px) 100vw, 800px\" \/>\t\t\t\t\t\t\t\t\t\t\t\t\t\t\t<\/div>\n\t\t\t\t<\/div>\n\t\t\t\t\t<\/div>\n\t\t<\/div>\n\t\t\t\t\t<\/div>\n\t\t<\/section>\n\t\t\t\t<section class=\"elementor-section elementor-top-section elementor-element elementor-element-823f62e elementor-section-boxed elementor-section-height-default elementor-section-height-default\" data-id=\"823f62e\" data-element_type=\"section\" data-e-type=\"section\">\n\t\t\t\t\t\t<div class=\"elementor-container elementor-column-gap-default\">\n\t\t\t\t\t<div class=\"elementor-column elementor-col-100 elementor-top-column elementor-element elementor-element-fd99e4a\" data-id=\"fd99e4a\" data-element_type=\"column\" data-e-type=\"column\">\n\t\t\t<div class=\"elementor-widget-wrap elementor-element-populated\">\n\t\t\t\t\t\t<div class=\"elementor-element elementor-element-83f4f69 elementor-widget elementor-widget-heading\" data-id=\"83f4f69\" data-element_type=\"widget\" data-e-type=\"widget\" data-widget_type=\"heading.default\">\n\t\t\t\t<div class=\"elementor-widget-container\">\n\t\t\t\t\t<h2 class=\"elementor-heading-title elementor-size-default\">\u0406\u043d\u0448\u0456 \u0437\u043e\u0431\u0440\u0430\u0436\u0435\u043d\u043d\u044f, \u0449\u043e \u043d\u0430\u043b\u0435\u0436\u0430\u0442\u044c \u0434\u043e \u043f\u0440\u043e\u0454\u043a\u0442\u0443<\/h2>\t\t\t\t<\/div>\n\t\t\t\t<\/div>\n\t\t\t\t<div class=\"elementor-element elementor-element-68cdf9b elementor-widget elementor-widget-gallery\" data-id=\"68cdf9b\" data-element_type=\"widget\" data-e-type=\"widget\" data-settings=\"{&quot;lazyload&quot;:&quot;yes&quot;,&quot;gallery_layout&quot;:&quot;grid&quot;,&quot;columns&quot;:4,&quot;columns_tablet&quot;:2,&quot;columns_mobile&quot;:1,&quot;gap&quot;:{&quot;unit&quot;:&quot;px&quot;,&quot;size&quot;:10,&quot;sizes&quot;:[]},&quot;gap_tablet&quot;:{&quot;unit&quot;:&quot;px&quot;,&quot;size&quot;:10,&quot;sizes&quot;:[]},&quot;gap_mobile&quot;:{&quot;unit&quot;:&quot;px&quot;,&quot;size&quot;:10,&quot;sizes&quot;:[]},&quot;link_to&quot;:&quot;file&quot;,&quot;aspect_ratio&quot;:&quot;3:2&quot;,&quot;overlay_background&quot;:&quot;yes&quot;,&quot;content_hover_animation&quot;:&quot;fade-in&quot;}\" data-widget_type=\"gallery.default\">\n\t\t\t\t<div class=\"elementor-widget-container\">\n\t\t\t\t\t\t\t<div class=\"elementor-gallery__container\">\n\t\t\t\t\t\t\t<a class=\"e-gallery-item elementor-gallery-item elementor-animated-content\" href=\"https:\/\/artconendustri.com\/wp-content\/uploads\/2023\/08\/atlas-enerji-3.jpg\" data-elementor-open-lightbox=\"yes\" data-elementor-lightbox-slideshow=\"68cdf9b\" data-elementor-lightbox-title=\"atlas-enerji-3\" data-e-action-hash=\"#elementor-action%3Aaction%3Dlightbox%26settings%3DeyJpZCI6NDkwMSwidXJsIjoiaHR0cHM6XC9cL2FydGNvbmVuZHVzdHJpLmNvbVwvd3AtY29udGVudFwvdXBsb2Fkc1wvMjAyM1wvMDhcL2F0bGFzLWVuZXJqaS0zLmpwZyIsInNsaWRlc2hvdyI6IjY4Y2RmOWIifQ%3D%3D\">\n\t\t\t\t\t<div class=\"e-gallery-image elementor-gallery-item__image\" data-thumbnail=\"https:\/\/artconendustri.com\/wp-content\/uploads\/2023\/08\/atlas-enerji-3.jpg\" data-width=\"1536\" data-height=\"2048\" aria-label=\"\" role=\"img\" ><\/div>\n\t\t\t\t\t\t\t\t\t\t\t<div class=\"elementor-gallery-item__overlay\"><\/div>\n\t\t\t\t\t\t\t\t\t\t\t\t\t\t<\/a>\n\t\t\t\t\t\t\t<a class=\"e-gallery-item elementor-gallery-item elementor-animated-content\" href=\"https:\/\/artconendustri.com\/wp-content\/uploads\/2023\/08\/atlas-enerji-4.jpg\" data-elementor-open-lightbox=\"yes\" data-elementor-lightbox-slideshow=\"68cdf9b\" data-elementor-lightbox-title=\"atlas-enerji-4\" data-e-action-hash=\"#elementor-action%3Aaction%3Dlightbox%26settings%3DeyJpZCI6NDkwMiwidXJsIjoiaHR0cHM6XC9cL2FydGNvbmVuZHVzdHJpLmNvbVwvd3AtY29udGVudFwvdXBsb2Fkc1wvMjAyM1wvMDhcL2F0bGFzLWVuZXJqaS00LmpwZyIsInNsaWRlc2hvdyI6IjY4Y2RmOWIifQ%3D%3D\">\n\t\t\t\t\t<div class=\"e-gallery-image elementor-gallery-item__image\" data-thumbnail=\"https:\/\/artconendustri.com\/wp-content\/uploads\/2023\/08\/atlas-enerji-4.jpg\" data-width=\"1536\" data-height=\"2048\" aria-label=\"\" role=\"img\" ><\/div>\n\t\t\t\t\t\t\t\t\t\t\t<div class=\"elementor-gallery-item__overlay\"><\/div>\n\t\t\t\t\t\t\t\t\t\t\t\t\t\t<\/a>\n\t\t\t\t\t\t\t<a class=\"e-gallery-item elementor-gallery-item elementor-animated-content\" href=\"https:\/\/artconendustri.com\/wp-content\/uploads\/2023\/08\/atlas-enerji-5.jpg\" data-elementor-open-lightbox=\"yes\" data-elementor-lightbox-slideshow=\"68cdf9b\" data-elementor-lightbox-title=\"atlas-enerji-5\" data-e-action-hash=\"#elementor-action%3Aaction%3Dlightbox%26settings%3DeyJpZCI6NDkwMywidXJsIjoiaHR0cHM6XC9cL2FydGNvbmVuZHVzdHJpLmNvbVwvd3AtY29udGVudFwvdXBsb2Fkc1wvMjAyM1wvMDhcL2F0bGFzLWVuZXJqaS01LmpwZyIsInNsaWRlc2hvdyI6IjY4Y2RmOWIifQ%3D%3D\">\n\t\t\t\t\t<div class=\"e-gallery-image elementor-gallery-item__image\" data-thumbnail=\"https:\/\/artconendustri.com\/wp-content\/uploads\/2023\/08\/atlas-enerji-5.jpg\" data-width=\"1024\" data-height=\"768\" aria-label=\"\" role=\"img\" ><\/div>\n\t\t\t\t\t\t\t\t\t\t\t<div class=\"elementor-gallery-item__overlay\"><\/div>\n\t\t\t\t\t\t\t\t\t\t\t\t\t\t<\/a>\n\t\t\t\t\t\t\t<a class=\"e-gallery-item elementor-gallery-item elementor-animated-content\" href=\"https:\/\/artconendustri.com\/wp-content\/uploads\/2023\/08\/atlas-enerji-2.jpg\" data-elementor-open-lightbox=\"yes\" data-elementor-lightbox-slideshow=\"68cdf9b\" data-elementor-lightbox-title=\"atlas-enerji-2\" data-e-action-hash=\"#elementor-action%3Aaction%3Dlightbox%26settings%3DeyJpZCI6NDkwNCwidXJsIjoiaHR0cHM6XC9cL2FydGNvbmVuZHVzdHJpLmNvbVwvd3AtY29udGVudFwvdXBsb2Fkc1wvMjAyM1wvMDhcL2F0bGFzLWVuZXJqaS0yLmpwZyIsInNsaWRlc2hvdyI6IjY4Y2RmOWIifQ%3D%3D\">\n\t\t\t\t\t<div class=\"e-gallery-image elementor-gallery-item__image\" data-thumbnail=\"https:\/\/artconendustri.com\/wp-content\/uploads\/2023\/08\/atlas-enerji-2.jpg\" data-width=\"1599\" data-height=\"1200\" aria-label=\"\" role=\"img\" ><\/div>\n\t\t\t\t\t\t\t\t\t\t\t<div class=\"elementor-gallery-item__overlay\"><\/div>\n\t\t\t\t\t\t\t\t\t\t\t\t\t\t<\/a>\n\t\t\t\t\t\t\t<a class=\"e-gallery-item elementor-gallery-item elementor-animated-content\" href=\"https:\/\/artconendustri.com\/wp-content\/uploads\/2023\/10\/atlas-enerji-8.jpg\" data-elementor-open-lightbox=\"yes\" data-elementor-lightbox-slideshow=\"68cdf9b\" data-elementor-lightbox-title=\"atlas-enerji-8\" data-e-action-hash=\"#elementor-action%3Aaction%3Dlightbox%26settings%3DeyJpZCI6NTUxNSwidXJsIjoiaHR0cHM6XC9cL2FydGNvbmVuZHVzdHJpLmNvbVwvd3AtY29udGVudFwvdXBsb2Fkc1wvMjAyM1wvMTBcL2F0bGFzLWVuZXJqaS04LmpwZyIsInNsaWRlc2hvdyI6IjY4Y2RmOWIifQ%3D%3D\">\n\t\t\t\t\t<div class=\"e-gallery-image elementor-gallery-item__image\" data-thumbnail=\"https:\/\/artconendustri.com\/wp-content\/uploads\/2023\/10\/atlas-enerji-8.jpg\" data-width=\"512\" data-height=\"232\" aria-label=\"\" role=\"img\" ><\/div>\n\t\t\t\t\t\t\t\t\t\t\t<div class=\"elementor-gallery-item__overlay\"><\/div>\n\t\t\t\t\t\t\t\t\t\t\t\t\t\t<\/a>\n\t\t\t\t\t\t\t<a class=\"e-gallery-item elementor-gallery-item elementor-animated-content\" href=\"https:\/\/artconendustri.com\/wp-content\/uploads\/2023\/10\/atlas-enerji-6.jpg\" data-elementor-open-lightbox=\"yes\" data-elementor-lightbox-slideshow=\"68cdf9b\" data-elementor-lightbox-title=\"atlas-enerji-6\" data-e-action-hash=\"#elementor-action%3Aaction%3Dlightbox%26settings%3DeyJpZCI6NTUxNiwidXJsIjoiaHR0cHM6XC9cL2FydGNvbmVuZHVzdHJpLmNvbVwvd3AtY29udGVudFwvdXBsb2Fkc1wvMjAyM1wvMTBcL2F0bGFzLWVuZXJqaS02LmpwZyIsInNsaWRlc2hvdyI6IjY4Y2RmOWIifQ%3D%3D\">\n\t\t\t\t\t<div class=\"e-gallery-image elementor-gallery-item__image\" data-thumbnail=\"https:\/\/artconendustri.com\/wp-content\/uploads\/2023\/10\/atlas-enerji-6.jpg\" data-width=\"349\" data-height=\"512\" aria-label=\"\" role=\"img\" ><\/div>\n\t\t\t\t\t\t\t\t\t\t\t<div class=\"elementor-gallery-item__overlay\"><\/div>\n\t\t\t\t\t\t\t\t\t\t\t\t\t\t<\/a>\n\t\t\t\t\t\t\t<a class=\"e-gallery-item elementor-gallery-item elementor-animated-content\" href=\"https:\/\/artconendustri.com\/wp-content\/uploads\/2023\/10\/atlas-enerji-7.jpg\" data-elementor-open-lightbox=\"yes\" data-elementor-lightbox-slideshow=\"68cdf9b\" data-elementor-lightbox-title=\"atlas-enerji-7\" data-e-action-hash=\"#elementor-action%3Aaction%3Dlightbox%26settings%3DeyJpZCI6NTUxNywidXJsIjoiaHR0cHM6XC9cL2FydGNvbmVuZHVzdHJpLmNvbVwvd3AtY29udGVudFwvdXBsb2Fkc1wvMjAyM1wvMTBcL2F0bGFzLWVuZXJqaS03LmpwZyIsInNsaWRlc2hvdyI6IjY4Y2RmOWIifQ%3D%3D\">\n\t\t\t\t\t<div class=\"e-gallery-image elementor-gallery-item__image\" data-thumbnail=\"https:\/\/artconendustri.com\/wp-content\/uploads\/2023\/10\/atlas-enerji-7.jpg\" data-width=\"512\" data-height=\"191\" aria-label=\"\" role=\"img\" ><\/div>\n\t\t\t\t\t\t\t\t\t\t\t<div class=\"elementor-gallery-item__overlay\"><\/div>\n\t\t\t\t\t\t\t\t\t\t\t\t\t\t<\/a>\n\t\t\t\t\t<\/div>\n\t\t\t\t\t<\/div>\n\t\t\t\t<\/div>\n\t\t\t\t\t<\/div>\n\t\t<\/div>\n\t\t\t\t\t<\/div>\n\t\t<\/section>\n\t\t\t\t<\/div>","protected":false},"excerpt":{"rendered":"<p>Atlas Enerji\/\u0130skenderun Termik santrali ihalesi i\u00e7in haz\u0131rlam\u0131\u015f oldu\u011fumuz 3D yerle\u015fim \u00e7al\u0131\u015fmal\u0131 teklifimiz kabul edilmi\u015ftir. Proje anahtar teslim olarak May\u0131s sonu teslim edilmi\u015f ve devreye al\u0131nm\u0131\u015ft\u0131r. Kapsama ili\u015fkin detay i\u015fler \u015f\u00f6yledir: 15m3 Y\u00fckleme Bunkeri (Hardox 500 kapl\u0131) B=650&#215;21 metre 150 tph K\u00f6m\u00fcr Nakil Konvey\u00f6r\u00fc Bunker alt\u0131 150 tph elektromekanik titre\u015fimli besleyici Konvey\u00f6r \u00fczeri Ticari nitelikli bant [&hellip;]<\/p>\n","protected":false},"author":1,"featured_media":0,"parent":0,"menu_order":0,"comment_status":"closed","ping_status":"closed","template":"","meta":{"footnotes":""},"class_list":["post-4644","page","type-page","status-publish","hentry"],"_links":{"self":[{"href":"https:\/\/artconendustri.com\/ua\/wp-json\/wp\/v2\/pages\/4644","targetHints":{"allow":["GET"]}}],"collection":[{"href":"https:\/\/artconendustri.com\/ua\/wp-json\/wp\/v2\/pages"}],"about":[{"href":"https:\/\/artconendustri.com\/ua\/wp-json\/wp\/v2\/types\/page"}],"author":[{"embeddable":true,"href":"https:\/\/artconendustri.com\/ua\/wp-json\/wp\/v2\/users\/1"}],"replies":[{"embeddable":true,"href":"https:\/\/artconendustri.com\/ua\/wp-json\/wp\/v2\/comments?post=4644"}],"version-history":[{"count":14,"href":"https:\/\/artconendustri.com\/ua\/wp-json\/wp\/v2\/pages\/4644\/revisions"}],"predecessor-version":[{"id":5520,"href":"https:\/\/artconendustri.com\/ua\/wp-json\/wp\/v2\/pages\/4644\/revisions\/5520"}],"wp:attachment":[{"href":"https:\/\/artconendustri.com\/ua\/wp-json\/wp\/v2\/media?parent=4644"}],"curies":[{"name":"wp","href":"https:\/\/api.w.org\/{rel}","templated":true}]}}