{"id":4753,"date":"2023-08-21T14:52:47","date_gmt":"2023-08-21T14:52:47","guid":{"rendered":"https:\/\/artconendustri.com\/?page_id=4753"},"modified":"2024-12-31T09:23:48","modified_gmt":"2024-12-31T09:23:48","slug":"montaj","status":"publish","type":"page","link":"https:\/\/artconendustri.com\/tr\/montaj\/","title":{"rendered":"Montaj"},"content":{"rendered":"\t\t<div data-elementor-type=\"wp-page\" data-elementor-id=\"4753\" class=\"elementor elementor-4753\" data-elementor-post-type=\"page\">\n\t\t\t\t\t\t<section class=\"elementor-section elementor-top-section elementor-element elementor-element-99bae09 elementor-section-height-min-height elementor-section-boxed elementor-section-height-default elementor-section-items-middle\" data-id=\"99bae09\" data-element_type=\"section\" data-e-type=\"section\">\n\t\t\t\t\t\t<div class=\"elementor-container elementor-column-gap-default\">\n\t\t\t\t\t<div class=\"elementor-column elementor-col-50 elementor-top-column elementor-element elementor-element-da6f69a\" data-id=\"da6f69a\" data-element_type=\"column\" data-e-type=\"column\">\n\t\t\t<div class=\"elementor-widget-wrap elementor-element-populated\">\n\t\t\t\t\t\t<div class=\"elementor-element elementor-element-15a445e elementor-widget elementor-widget-text-editor\" data-id=\"15a445e\" data-element_type=\"widget\" data-e-type=\"widget\" data-widget_type=\"text-editor.default\">\n\t\t\t\t<div class=\"elementor-widget-container\">\n\t\t\t\t\t\t\t\t\tProfesyonel montaj ekibimiz, \u00fcr\u00fcnlerinizin sahada g\u00fcvenli ve do\u011fru bir \u015fekilde montaj\u0131n\u0131 ger\u00e7ekle\u015ftirir. \u0130leri d\u00fczeyde uzmanl\u0131kla, montaj s\u00fcrecinin sorunsuz bir \u015fekilde tamamlanmas\u0131n\u0131 sa\u011flar ve en iyi sonu\u00e7lar\u0131 elde etmek i\u00e7in \u00e7al\u0131\u015f\u0131r.\t\t\t\t\t\t\t\t<\/div>\n\t\t\t\t<\/div>\n\t\t\t\t<div class=\"elementor-element elementor-element-6d4854b elementor-widget elementor-widget-button\" data-id=\"6d4854b\" data-element_type=\"widget\" data-e-type=\"widget\" data-widget_type=\"button.default\">\n\t\t\t\t<div class=\"elementor-widget-container\">\n\t\t\t\t\t\t\t\t\t<div class=\"elementor-button-wrapper\">\n\t\t\t\t\t<a class=\"elementor-button elementor-button-link elementor-size-sm elementor-animation-shrink\" href=\"https:\/\/artconendustri.com\/iletisim\/\">\n\t\t\t\t\t\t<span class=\"elementor-button-content-wrapper\">\n\t\t\t\t\t\t\t\t\t<span class=\"elementor-button-text\">\u0130leti\u015fim<\/span>\n\t\t\t\t\t<\/span>\n\t\t\t\t\t<\/a>\n\t\t\t\t<\/div>\n\t\t\t\t\t\t\t\t<\/div>\n\t\t\t\t<\/div>\n\t\t\t\t\t<\/div>\n\t\t<\/div>\n\t\t\t\t<div class=\"elementor-column elementor-col-50 elementor-top-column elementor-element elementor-element-9aa2493\" data-id=\"9aa2493\" data-element_type=\"column\" data-e-type=\"column\">\n\t\t\t<div class=\"elementor-widget-wrap elementor-element-populated\">\n\t\t\t\t\t\t<div class=\"elementor-element elementor-element-00a3c85 elementor-widget elementor-widget-image\" data-id=\"00a3c85\" data-element_type=\"widget\" data-e-type=\"widget\" data-widget_type=\"image.default\">\n\t\t\t\t<div class=\"elementor-widget-container\">\n\t\t\t\t\t\t\t\t\t\t\t\t\t\t\t<img fetchpriority=\"high\" decoding=\"async\" width=\"800\" height=\"534\" src=\"https:\/\/artconendustri.com\/wp-content\/uploads\/2023\/09\/montaj-1024x683.jpg\" class=\"attachment-large size-large wp-image-5347\" alt=\"\" srcset=\"https:\/\/artconendustri.com\/wp-content\/uploads\/2023\/09\/montaj-1024x683.jpg 1024w, https:\/\/artconendustri.com\/wp-content\/uploads\/2023\/09\/montaj-300x200.jpg 300w, https:\/\/artconendustri.com\/wp-content\/uploads\/2023\/09\/montaj-768x512.jpg 768w, https:\/\/artconendustri.com\/wp-content\/uploads\/2023\/09\/montaj-1200x800.jpg 1200w, https:\/\/artconendustri.com\/wp-content\/uploads\/2023\/09\/montaj-460x307.jpg 460w, https:\/\/artconendustri.com\/wp-content\/uploads\/2023\/09\/montaj.jpg 1500w\" sizes=\"(max-width: 800px) 100vw, 800px\" \/>\t\t\t\t\t\t\t\t\t\t\t\t\t\t\t<\/div>\n\t\t\t\t<\/div>\n\t\t\t\t\t<\/div>\n\t\t<\/div>\n\t\t\t\t\t<\/div>\n\t\t<\/section>\n\t\t\t\t<section class=\"elementor-section elementor-top-section elementor-element elementor-element-db87638 elementor-section-boxed elementor-section-height-default elementor-section-height-default\" data-id=\"db87638\" data-element_type=\"section\" data-e-type=\"section\">\n\t\t\t\t\t\t<div class=\"elementor-container elementor-column-gap-default\">\n\t\t\t\t\t<div class=\"elementor-column elementor-col-100 elementor-top-column elementor-element elementor-element-3e924f6\" data-id=\"3e924f6\" data-element_type=\"column\" data-e-type=\"column\">\n\t\t\t<div class=\"elementor-widget-wrap elementor-element-populated\">\n\t\t\t\t\t\t<div class=\"elementor-element elementor-element-23964d8 elementor-widget elementor-widget-heading\" data-id=\"23964d8\" data-element_type=\"widget\" data-e-type=\"widget\" data-widget_type=\"heading.default\">\n\t\t\t\t<div class=\"elementor-widget-container\">\n\t\t\t\t\t<h2 class=\"elementor-heading-title elementor-size-default\">Montaj: Profesyonelli\u011fimizi Birle\u015ftiriyoruz <\/h2>\t\t\t\t<\/div>\n\t\t\t\t<\/div>\n\t\t\t\t<div class=\"elementor-element elementor-element-be039f4 elementor-widget elementor-widget-text-editor\" data-id=\"be039f4\" data-element_type=\"widget\" data-e-type=\"widget\" data-widget_type=\"text-editor.default\">\n\t\t\t\t<div class=\"elementor-widget-container\">\n\t\t\t\t\t\t\t\t\t<p>Artcon End\u00fcstri olarak, i\u015flerinizi en \u00fcst d\u00fczeyde tamamlamak i\u00e7in montaj s\u00fcre\u00e7lerinde de en y\u00fcksek kalite standartlar\u0131n\u0131 benimsiyoruz. Profesyonel montaj ekibimiz ve teknolojik alt yap\u0131m\u0131zla, projelerinizi en iyi \u015fekilde hayata ge\u00e7irmek i\u00e7in buraday\u0131z.<\/p><ul><li><b>Deneyimli Montaj Ekibi:\u00a0<\/b><span style=\"font-family: var( --e-global-typography-text-font-family ), Sans-serif; font-weight: var( --e-global-typography-text-font-weight );\">Montaj i\u015flemleri, uzman ekibimiz taraf\u0131ndan titizlikle y\u00f6netilir. Projelerinizin karma\u015f\u0131kl\u0131\u011f\u0131na uygun olarak, montaj personelimiz s\u00fcrekli e\u011fitim al\u0131r ve en son tekniklerle donat\u0131l\u0131r. Uyumlu bir ekip \u00e7al\u0131\u015fmas\u0131 ve profesyonel yakla\u015f\u0131m, her ad\u0131mda m\u00fckemmel sonu\u00e7lar\u0131 garanti eder.<\/span><\/li><li><b>Zaman\u0131nda ve G\u00fcvenilir:<\/b> M\u00fc\u015fterilerimizin zaman\u0131nda teslimat ihtiya\u00e7lar\u0131n\u0131 anl\u0131yoruz ve montaj s\u00fcrecini bu gereksinimlere g\u00f6re planl\u0131yoruz. Montaj ekibimiz, i\u015flerinizi \u00f6nceden belirlenen tarihlerde ve en y\u00fcksek kalitede tamamlamak i\u00e7in her t\u00fcrl\u00fc \u00e7abay\u0131 g\u00f6sterir.<\/li><li><b>\u00c7e\u015fitli Projeleri Ba\u015far\u0131yla Y\u00f6netiyoruz:<\/b> Montaj ekibimiz, farkl\u0131 sekt\u00f6rlerden gelen \u00e7e\u015fitli projeleri ba\u015far\u0131yla y\u00f6netme yetene\u011fine sahiptir. B\u00fcy\u00fck \u00f6l\u00e7ekli sanayi tesisleri, \u00f6zelle\u015ftirilmi\u015f \u00fcretim hatlar\u0131 veya kompleks otomasyon sistemleri olsun, projelerinizi en iyi \u015fekilde monte etmek i\u00e7in gereken deneyime sahibiz.<\/li><li><b>Ekipman ve Teknoloji:<\/b> Montaj s\u00fcre\u00e7lerimizde, en son teknolojileri ve ekipmanlar\u0131 kullanarak verimlili\u011fi art\u0131r\u0131yoruz. Profesyonel ara\u00e7lar ve kaliteli ekipmanlar, montaj\u0131n en \u00fcst d\u00fczeyde do\u011fruluk ve hassasiyetle ger\u00e7ekle\u015fmesini sa\u011flar.<\/li><li><b>S\u00fcrekli \u0130yile\u015ftirme: <\/b>Montaj i\u015flemlerinde s\u00fcrekli iyile\u015ftirmeyi ama\u00e7layarak, i\u015f s\u00fcre\u00e7lerimizi optimize ediyoruz. Bu sayede projelerinizi daha h\u0131zl\u0131, daha verimli ve daha rekabet\u00e7i bir \u015fekilde tamaml\u0131yoruz.<\/li><li><b>Montaj Bizim \u0130\u015fimiz:<\/b> M\u00fc\u015fterilerimizin projelerini hayata ge\u00e7irmek i\u00e7in montaj ekibimizle birlikte \u00e7al\u0131\u015fmak, kaliteli ve g\u00fcvenilir sonu\u00e7lar\u0131n garantisidir. \u0130\u015finizi en \u00fcst d\u00fczeyde tamamlamak i\u00e7in montajda sizinle bir araday\u0131z.<\/li><\/ul>\t\t\t\t\t\t\t\t<\/div>\n\t\t\t\t<\/div>\n\t\t\t\t\t<\/div>\n\t\t<\/div>\n\t\t\t\t\t<\/div>\n\t\t<\/section>\n\t\t\t\t<section class=\"elementor-section elementor-top-section elementor-element elementor-element-ce92374 elementor-section-content-middle elementor-section-full_width elementor-section-height-default elementor-section-height-default elementor-invisible\" data-id=\"ce92374\" data-element_type=\"section\" data-e-type=\"section\" data-settings=\"{&quot;background_background&quot;:&quot;classic&quot;,&quot;animation&quot;:&quot;fadeInUp&quot;}\">\n\t\t\t\t\t\t<div class=\"elementor-container elementor-column-gap-default\">\n\t\t\t\t\t<div class=\"elementor-column elementor-col-100 elementor-top-column elementor-element elementor-element-319c96f\" data-id=\"319c96f\" data-element_type=\"column\" data-e-type=\"column\">\n\t\t\t<div class=\"elementor-widget-wrap elementor-element-populated\">\n\t\t\t\t\t\t<div class=\"elementor-element elementor-element-f6f9f61 elementor-widget elementor-widget-heading\" data-id=\"f6f9f61\" data-element_type=\"widget\" data-e-type=\"widget\" data-widget_type=\"heading.default\">\n\t\t\t\t<div class=\"elementor-widget-container\">\n\t\t\t\t\t<h2 class=\"elementor-heading-title elementor-size-default\">Di\u011fer Hizmetlerimiz<\/h2>\t\t\t\t<\/div>\n\t\t\t\t<\/div>\n\t\t\t\t<section class=\"elementor-section elementor-inner-section elementor-element elementor-element-198a9e8 elementor-section-content-middle elementor-section-full_width elementor-section-height-default elementor-section-height-default\" data-id=\"198a9e8\" data-element_type=\"section\" data-e-type=\"section\">\n\t\t\t\t\t\t<div class=\"elementor-container elementor-column-gap-default\">\n\t\t\t\t\t<div class=\"elementor-column elementor-col-25 elementor-inner-column elementor-element elementor-element-5509bcd\" data-id=\"5509bcd\" data-element_type=\"column\" data-e-type=\"column\">\n\t\t\t<div class=\"elementor-widget-wrap elementor-element-populated\">\n\t\t\t\t\t\t<div class=\"elementor-element elementor-element-f7b3ff7 elementor-position-top elementor-widget elementor-widget-image-box\" data-id=\"f7b3ff7\" data-element_type=\"widget\" data-e-type=\"widget\" data-widget_type=\"image-box.default\">\n\t\t\t\t<div class=\"elementor-widget-container\">\n\t\t\t\t\t<div class=\"elementor-image-box-wrapper\"><figure class=\"elementor-image-box-img\"><a href=\"https:\/\/artconendustri.com\/proje-yonetimi\/\" tabindex=\"-1\"><img decoding=\"async\" width=\"512\" height=\"512\" src=\"https:\/\/artconendustri.com\/wp-content\/uploads\/2023\/08\/project-management.png\" class=\"elementor-animation-grow attachment-full size-full wp-image-4321\" alt=\"\" srcset=\"https:\/\/artconendustri.com\/wp-content\/uploads\/2023\/08\/project-management.png 512w, https:\/\/artconendustri.com\/wp-content\/uploads\/2023\/08\/project-management-300x300.png 300w, https:\/\/artconendustri.com\/wp-content\/uploads\/2023\/08\/project-management-150x150.png 150w, https:\/\/artconendustri.com\/wp-content\/uploads\/2023\/08\/project-management-460x460.png 460w\" sizes=\"(max-width: 512px) 100vw, 512px\" \/><\/a><\/figure><div class=\"elementor-image-box-content\"><h3 class=\"elementor-image-box-title\"><a href=\"https:\/\/artconendustri.com\/proje-yonetimi\/\">Proje Y\u00f6netimi<\/br><\/br><\/a><\/h3><p class=\"elementor-image-box-description\">Profesyonel proje y\u00f6netimi ekibimiz, projelerinizin ba\u015far\u0131l\u0131 bir \u015fekilde planlanmas\u0131n\u0131, takibini ve tamamlanmas\u0131n\u0131 sa\u011flar. \u0130htiya\u00e7lar\u0131n\u0131za uygun \u00f6zelle\u015ftirilmi\u015f \u00e7\u00f6z\u00fcmler sunarak, projenizin zaman\u0131nda ve b\u00fct\u00e7e dahilinde teslim edilmesini sa\u011flamaktay\u0131z.<\/p><\/div><\/div>\t\t\t\t<\/div>\n\t\t\t\t<\/div>\n\t\t\t\t<div class=\"elementor-element elementor-element-18bfa37 elementor-align-left elementor-widget elementor-widget-button\" data-id=\"18bfa37\" data-element_type=\"widget\" data-e-type=\"widget\" data-widget_type=\"button.default\">\n\t\t\t\t<div class=\"elementor-widget-container\">\n\t\t\t\t\t\t\t\t\t<div class=\"elementor-button-wrapper\">\n\t\t\t\t\t<a class=\"elementor-button elementor-button-link elementor-size-sm\" href=\"https:\/\/artconendustri.com\/proje-yonetimi\/\">\n\t\t\t\t\t\t<span class=\"elementor-button-content-wrapper\">\n\t\t\t\t\t\t\t\t\t<span class=\"elementor-button-text\">Daha fazla<\/span>\n\t\t\t\t\t<\/span>\n\t\t\t\t\t<\/a>\n\t\t\t\t<\/div>\n\t\t\t\t\t\t\t\t<\/div>\n\t\t\t\t<\/div>\n\t\t\t\t\t<\/div>\n\t\t<\/div>\n\t\t\t\t<div class=\"elementor-column elementor-col-25 elementor-inner-column elementor-element elementor-element-331635b\" data-id=\"331635b\" data-element_type=\"column\" data-e-type=\"column\">\n\t\t\t<div class=\"elementor-widget-wrap elementor-element-populated\">\n\t\t\t\t\t\t<div class=\"elementor-element elementor-element-ba8a6f2 elementor-position-top elementor-widget elementor-widget-image-box\" data-id=\"ba8a6f2\" data-element_type=\"widget\" data-e-type=\"widget\" data-widget_type=\"image-box.default\">\n\t\t\t\t<div class=\"elementor-widget-container\">\n\t\t\t\t\t<div class=\"elementor-image-box-wrapper\"><figure class=\"elementor-image-box-img\"><a href=\"https:\/\/artconendustri.com\/muhendislik\/\" tabindex=\"-1\"><img decoding=\"async\" width=\"512\" height=\"512\" src=\"https:\/\/artconendustri.com\/wp-content\/uploads\/2023\/08\/muhendislik-hizmetleri.png\" class=\"elementor-animation-grow attachment-full size-full wp-image-4324\" alt=\"\" srcset=\"https:\/\/artconendustri.com\/wp-content\/uploads\/2023\/08\/muhendislik-hizmetleri.png 512w, https:\/\/artconendustri.com\/wp-content\/uploads\/2023\/08\/muhendislik-hizmetleri-300x300.png 300w, https:\/\/artconendustri.com\/wp-content\/uploads\/2023\/08\/muhendislik-hizmetleri-150x150.png 150w, https:\/\/artconendustri.com\/wp-content\/uploads\/2023\/08\/muhendislik-hizmetleri-460x460.png 460w\" sizes=\"(max-width: 512px) 100vw, 512px\" \/><\/a><\/figure><div class=\"elementor-image-box-content\"><h3 class=\"elementor-image-box-title\"><a href=\"https:\/\/artconendustri.com\/muhendislik\/\">M\u00fchendislik<\/br><\/br><\/a><\/h3><p class=\"elementor-image-box-description\">Deneyimli m\u00fchendis kadromuz, tasar\u0131m ve analiz s\u00fcre\u00e7lerinde size m\u00fckemmel destek sa\u011flar. En son teknolojileri ve en iyi uygulamalar\u0131 kullanarak, yenilik\u00e7i ve verimli m\u00fchendislik \u00e7\u00f6z\u00fcmleri sunar\u0131z.<\/p><\/div><\/div>\t\t\t\t<\/div>\n\t\t\t\t<\/div>\n\t\t\t\t<div class=\"elementor-element elementor-element-1b133f2 elementor-align-left elementor-widget elementor-widget-button\" data-id=\"1b133f2\" data-element_type=\"widget\" data-e-type=\"widget\" data-widget_type=\"button.default\">\n\t\t\t\t<div class=\"elementor-widget-container\">\n\t\t\t\t\t\t\t\t\t<div class=\"elementor-button-wrapper\">\n\t\t\t\t\t<a class=\"elementor-button elementor-button-link elementor-size-sm\" href=\"https:\/\/artconendustri.com\/muhendislik-hizmetleri\">\n\t\t\t\t\t\t<span class=\"elementor-button-content-wrapper\">\n\t\t\t\t\t\t\t\t\t<span class=\"elementor-button-text\">Daha fazla<\/span>\n\t\t\t\t\t<\/span>\n\t\t\t\t\t<\/a>\n\t\t\t\t<\/div>\n\t\t\t\t\t\t\t\t<\/div>\n\t\t\t\t<\/div>\n\t\t\t\t\t<\/div>\n\t\t<\/div>\n\t\t\t\t<div class=\"elementor-column elementor-col-25 elementor-inner-column elementor-element elementor-element-223e590\" data-id=\"223e590\" data-element_type=\"column\" data-e-type=\"column\">\n\t\t\t<div class=\"elementor-widget-wrap elementor-element-populated\">\n\t\t\t\t\t\t<div class=\"elementor-element elementor-element-31e6661 elementor-position-top elementor-widget elementor-widget-image-box\" data-id=\"31e6661\" data-element_type=\"widget\" data-e-type=\"widget\" data-widget_type=\"image-box.default\">\n\t\t\t\t<div class=\"elementor-widget-container\">\n\t\t\t\t\t<div class=\"elementor-image-box-wrapper\"><figure class=\"elementor-image-box-img\"><a href=\"https:\/\/artconendustri.com\/imalat\/\" tabindex=\"-1\"><img loading=\"lazy\" decoding=\"async\" width=\"512\" height=\"512\" src=\"https:\/\/artconendustri.com\/wp-content\/uploads\/2023\/08\/manufacturing.png\" class=\"elementor-animation-grow attachment-full size-full wp-image-4322\" alt=\"\" srcset=\"https:\/\/artconendustri.com\/wp-content\/uploads\/2023\/08\/manufacturing.png 512w, https:\/\/artconendustri.com\/wp-content\/uploads\/2023\/08\/manufacturing-300x300.png 300w, https:\/\/artconendustri.com\/wp-content\/uploads\/2023\/08\/manufacturing-150x150.png 150w, https:\/\/artconendustri.com\/wp-content\/uploads\/2023\/08\/manufacturing-460x460.png 460w\" sizes=\"(max-width: 512px) 100vw, 512px\" \/><\/a><\/figure><div class=\"elementor-image-box-content\"><h3 class=\"elementor-image-box-title\"><a href=\"https:\/\/artconendustri.com\/imalat\/\">\u0130malat<\/br><\/a><\/h3><p class=\"elementor-image-box-description\">Modern \u00fcretim tesisimizde, y\u00fcksek kaliteli \u00fcr\u00fcnlerin \u00fcretimini ger\u00e7ekle\u015ftiriyoruz. Uzman ekibimiz, tasar\u0131m a\u015famas\u0131ndan ba\u015flayarak \u00fcr\u00fcn imalat\u0131na kadar titizlikle \u00e7al\u0131\u015farak, en y\u00fcksek kalite standartlar\u0131na ve m\u00fc\u015fteri taleplerine uygun \u00fcr\u00fcnler \u00fcretir.<\/p><\/div><\/div>\t\t\t\t<\/div>\n\t\t\t\t<\/div>\n\t\t\t\t<div class=\"elementor-element elementor-element-6d0282f elementor-align-left elementor-widget elementor-widget-button\" data-id=\"6d0282f\" data-element_type=\"widget\" data-e-type=\"widget\" data-widget_type=\"button.default\">\n\t\t\t\t<div class=\"elementor-widget-container\">\n\t\t\t\t\t\t\t\t\t<div class=\"elementor-button-wrapper\">\n\t\t\t\t\t<a class=\"elementor-button elementor-button-link elementor-size-sm\" href=\"https:\/\/artconendustri.com\/imalat\/\">\n\t\t\t\t\t\t<span class=\"elementor-button-content-wrapper\">\n\t\t\t\t\t\t\t\t\t<span class=\"elementor-button-text\">Daha fazla<\/span>\n\t\t\t\t\t<\/span>\n\t\t\t\t\t<\/a>\n\t\t\t\t<\/div>\n\t\t\t\t\t\t\t\t<\/div>\n\t\t\t\t<\/div>\n\t\t\t\t\t<\/div>\n\t\t<\/div>\n\t\t\t\t<div class=\"elementor-column elementor-col-25 elementor-inner-column elementor-element elementor-element-d2f4d09\" data-id=\"d2f4d09\" data-element_type=\"column\" data-e-type=\"column\">\n\t\t\t<div class=\"elementor-widget-wrap elementor-element-populated\">\n\t\t\t\t\t\t<div class=\"elementor-element elementor-element-660d242 elementor-position-top elementor-widget elementor-widget-image-box\" data-id=\"660d242\" data-element_type=\"widget\" data-e-type=\"widget\" data-widget_type=\"image-box.default\">\n\t\t\t\t<div class=\"elementor-widget-container\">\n\t\t\t\t\t<div class=\"elementor-image-box-wrapper\"><figure class=\"elementor-image-box-img\"><a href=\"https:\/\/artconendustri.com\/elektrik-otomasyon\/\" tabindex=\"-1\"><img loading=\"lazy\" decoding=\"async\" width=\"512\" height=\"512\" src=\"https:\/\/artconendustri.com\/wp-content\/uploads\/2023\/08\/elektirk-otomasyonu.png\" class=\"elementor-animation-grow attachment-full size-full wp-image-4399\" alt=\"\" srcset=\"https:\/\/artconendustri.com\/wp-content\/uploads\/2023\/08\/elektirk-otomasyonu.png 512w, https:\/\/artconendustri.com\/wp-content\/uploads\/2023\/08\/elektirk-otomasyonu-300x300.png 300w, https:\/\/artconendustri.com\/wp-content\/uploads\/2023\/08\/elektirk-otomasyonu-150x150.png 150w, https:\/\/artconendustri.com\/wp-content\/uploads\/2023\/08\/elektirk-otomasyonu-460x460.png 460w\" sizes=\"(max-width: 512px) 100vw, 512px\" \/><\/a><\/figure><div class=\"elementor-image-box-content\"><h3 class=\"elementor-image-box-title\"><a href=\"https:\/\/artconendustri.com\/elektrik-otomasyon\/\">Elektrik Otomasyon<\/a><\/h3><p class=\"elementor-image-box-description\">Elektrik otomasyon hizmetlerimiz, i\u015fletmenizin otomasyon ihtiya\u00e7lar\u0131n\u0131 kar\u015f\u0131lamak i\u00e7in kapsaml\u0131 \u00e7\u00f6z\u00fcmler sunar. End\u00fcstri standartlar\u0131na uygun olarak, \u00fcretkenli\u011fi artt\u0131rmak ve s\u00fcre\u00e7leri optimize etmek i\u00e7in otomasyon sistemleri tasarlar ve entegre ederiz.<\/p><\/div><\/div>\t\t\t\t<\/div>\n\t\t\t\t<\/div>\n\t\t\t\t<div class=\"elementor-element elementor-element-87aafa6 elementor-align-left elementor-widget elementor-widget-button\" data-id=\"87aafa6\" data-element_type=\"widget\" data-e-type=\"widget\" data-widget_type=\"button.default\">\n\t\t\t\t<div class=\"elementor-widget-container\">\n\t\t\t\t\t\t\t\t\t<div class=\"elementor-button-wrapper\">\n\t\t\t\t\t<a class=\"elementor-button elementor-button-link elementor-size-sm\" href=\"https:\/\/artconendustri.com\/elektrik-otomasyon\/\">\n\t\t\t\t\t\t<span class=\"elementor-button-content-wrapper\">\n\t\t\t\t\t\t\t\t\t<span class=\"elementor-button-text\">Daha fazla<\/span>\n\t\t\t\t\t<\/span>\n\t\t\t\t\t<\/a>\n\t\t\t\t<\/div>\n\t\t\t\t\t\t\t\t<\/div>\n\t\t\t\t<\/div>\n\t\t\t\t\t<\/div>\n\t\t<\/div>\n\t\t\t\t\t<\/div>\n\t\t<\/section>\n\t\t\t\t\t<\/div>\n\t\t<\/div>\n\t\t\t\t\t<\/div>\n\t\t<\/section>\n\t\t\t\t<\/div>\n\t\t","protected":false},"excerpt":{"rendered":"<p>Profesyonel montaj ekibimiz, \u00fcr\u00fcnlerinizin sahada g\u00fcvenli ve do\u011fru bir \u015fekilde montaj\u0131n\u0131 ger\u00e7ekle\u015ftirir. \u0130leri d\u00fczeyde uzmanl\u0131kla, montaj s\u00fcrecinin sorunsuz bir \u015fekilde tamamlanmas\u0131n\u0131 sa\u011flar ve en iyi sonu\u00e7lar\u0131 elde etmek i\u00e7in \u00e7al\u0131\u015f\u0131r. \u0130leti\u015fim Montaj: Profesyonelli\u011fimizi Birle\u015ftiriyoruz Artcon End\u00fcstri olarak, i\u015flerinizi en \u00fcst d\u00fczeyde tamamlamak i\u00e7in montaj s\u00fcre\u00e7lerinde de en y\u00fcksek kalite standartlar\u0131n\u0131 benimsiyoruz. Profesyonel montaj ekibimiz ve [&hellip;]<\/p>\n","protected":false},"author":1,"featured_media":4138,"parent":0,"menu_order":0,"comment_status":"closed","ping_status":"closed","template":"","meta":{"footnotes":""},"class_list":["post-4753","page","type-page","status-publish","has-post-thumbnail","hentry"],"_links":{"self":[{"href":"https:\/\/artconendustri.com\/tr\/wp-json\/wp\/v2\/pages\/4753","targetHints":{"allow":["GET"]}}],"collection":[{"href":"https:\/\/artconendustri.com\/tr\/wp-json\/wp\/v2\/pages"}],"about":[{"href":"https:\/\/artconendustri.com\/tr\/wp-json\/wp\/v2\/types\/page"}],"author":[{"embeddable":true,"href":"https:\/\/artconendustri.com\/tr\/wp-json\/wp\/v2\/users\/1"}],"replies":[{"embeddable":true,"href":"https:\/\/artconendustri.com\/tr\/wp-json\/wp\/v2\/comments?post=4753"}],"version-history":[{"count":35,"href":"https:\/\/artconendustri.com\/tr\/wp-json\/wp\/v2\/pages\/4753\/revisions"}],"predecessor-version":[{"id":5627,"href":"https:\/\/artconendustri.com\/tr\/wp-json\/wp\/v2\/pages\/4753\/revisions\/5627"}],"wp:featuredmedia":[{"embeddable":true,"href":"https:\/\/artconendustri.com\/tr\/wp-json\/wp\/v2\/media\/4138"}],"wp:attachment":[{"href":"https:\/\/artconendustri.com\/tr\/wp-json\/wp\/v2\/media?parent=4753"}],"curies":[{"name":"wp","href":"https:\/\/api.w.org\/{rel}","templated":true}]}}