{"id":4752,"date":"2023-08-21T14:53:09","date_gmt":"2023-08-21T14:53:09","guid":{"rendered":"https:\/\/artconendustri.com\/?page_id=4752"},"modified":"2024-12-31T09:23:53","modified_gmt":"2024-12-31T09:23:53","slug":"elektrik-otomasyon","status":"publish","type":"page","link":"https:\/\/artconendustri.com\/tr\/elektrik-otomasyon\/","title":{"rendered":"Elektrik Otomasyon"},"content":{"rendered":"\t\t<div data-elementor-type=\"wp-page\" data-elementor-id=\"4752\" class=\"elementor elementor-4752\" data-elementor-post-type=\"page\">\n\t\t\t\t\t\t<section class=\"elementor-section elementor-top-section elementor-element elementor-element-99bae09 elementor-section-height-min-height elementor-section-boxed elementor-section-height-default elementor-section-items-middle\" data-id=\"99bae09\" data-element_type=\"section\" data-e-type=\"section\">\n\t\t\t\t\t\t<div class=\"elementor-container elementor-column-gap-default\">\n\t\t\t\t\t<div class=\"elementor-column elementor-col-50 elementor-top-column elementor-element elementor-element-da6f69a\" data-id=\"da6f69a\" data-element_type=\"column\" data-e-type=\"column\">\n\t\t\t<div class=\"elementor-widget-wrap elementor-element-populated\">\n\t\t\t\t\t\t<div class=\"elementor-element elementor-element-15a445e elementor-widget elementor-widget-text-editor\" data-id=\"15a445e\" data-element_type=\"widget\" data-e-type=\"widget\" data-widget_type=\"text-editor.default\">\n\t\t\t\t<div class=\"elementor-widget-container\">\n\t\t\t\t\t\t\t\t\t Elektrik otomasyon hizmetlerimiz, i\u015fletmenizin otomasyon ihtiya\u00e7lar\u0131n\u0131 kar\u015f\u0131lamak i\u00e7in kapsaml\u0131 \u00e7\u00f6z\u00fcmler sunar. End\u00fcstri standartlar\u0131na uygun olarak, \u00fcretkenli\u011fi artt\u0131rmak ve s\u00fcre\u00e7leri optimize etmek i\u00e7in otomasyon sistemleri tasarlar ve entegre ederiz.\t\t\t\t\t\t\t\t<\/div>\n\t\t\t\t<\/div>\n\t\t\t\t<div class=\"elementor-element elementor-element-6d4854b elementor-widget elementor-widget-button\" data-id=\"6d4854b\" data-element_type=\"widget\" data-e-type=\"widget\" data-widget_type=\"button.default\">\n\t\t\t\t<div class=\"elementor-widget-container\">\n\t\t\t\t\t\t\t\t\t<div class=\"elementor-button-wrapper\">\n\t\t\t\t\t<a class=\"elementor-button elementor-button-link elementor-size-sm elementor-animation-shrink\" href=\"https:\/\/artconendustri.com\/iletisim\/\">\n\t\t\t\t\t\t<span class=\"elementor-button-content-wrapper\">\n\t\t\t\t\t\t\t\t\t<span class=\"elementor-button-text\">\u0130leti\u015fim<\/span>\n\t\t\t\t\t<\/span>\n\t\t\t\t\t<\/a>\n\t\t\t\t<\/div>\n\t\t\t\t\t\t\t\t<\/div>\n\t\t\t\t<\/div>\n\t\t\t\t\t<\/div>\n\t\t<\/div>\n\t\t\t\t<div class=\"elementor-column elementor-col-50 elementor-top-column elementor-element elementor-element-9aa2493\" data-id=\"9aa2493\" data-element_type=\"column\" data-e-type=\"column\">\n\t\t\t<div class=\"elementor-widget-wrap elementor-element-populated\">\n\t\t\t\t\t\t<div class=\"elementor-element elementor-element-00a3c85 elementor-widget elementor-widget-image\" data-id=\"00a3c85\" data-element_type=\"widget\" data-e-type=\"widget\" data-widget_type=\"image.default\">\n\t\t\t\t<div class=\"elementor-widget-container\">\n\t\t\t\t\t\t\t\t\t\t\t\t\t\t\t<img fetchpriority=\"high\" decoding=\"async\" width=\"800\" height=\"534\" src=\"https:\/\/artconendustri.com\/wp-content\/uploads\/2023\/09\/elektrik-otomasyon-1024x683.jpg\" class=\"attachment-large size-large wp-image-5346\" alt=\"\" srcset=\"https:\/\/artconendustri.com\/wp-content\/uploads\/2023\/09\/elektrik-otomasyon-1024x683.jpg 1024w, https:\/\/artconendustri.com\/wp-content\/uploads\/2023\/09\/elektrik-otomasyon-300x200.jpg 300w, https:\/\/artconendustri.com\/wp-content\/uploads\/2023\/09\/elektrik-otomasyon-768x512.jpg 768w, https:\/\/artconendustri.com\/wp-content\/uploads\/2023\/09\/elektrik-otomasyon-1200x800.jpg 1200w, https:\/\/artconendustri.com\/wp-content\/uploads\/2023\/09\/elektrik-otomasyon-460x307.jpg 460w, https:\/\/artconendustri.com\/wp-content\/uploads\/2023\/09\/elektrik-otomasyon.jpg 1500w\" sizes=\"(max-width: 800px) 100vw, 800px\" \/>\t\t\t\t\t\t\t\t\t\t\t\t\t\t\t<\/div>\n\t\t\t\t<\/div>\n\t\t\t\t\t<\/div>\n\t\t<\/div>\n\t\t\t\t\t<\/div>\n\t\t<\/section>\n\t\t\t\t<section class=\"elementor-section elementor-top-section elementor-element elementor-element-4740506 elementor-section-boxed elementor-section-height-default elementor-section-height-default\" data-id=\"4740506\" data-element_type=\"section\" data-e-type=\"section\">\n\t\t\t\t\t\t<div class=\"elementor-container elementor-column-gap-default\">\n\t\t\t\t\t<div class=\"elementor-column elementor-col-100 elementor-top-column elementor-element elementor-element-6e64b8b\" data-id=\"6e64b8b\" data-element_type=\"column\" data-e-type=\"column\">\n\t\t\t<div class=\"elementor-widget-wrap elementor-element-populated\">\n\t\t\t\t\t\t<div class=\"elementor-element elementor-element-0f79444 elementor-widget elementor-widget-heading\" data-id=\"0f79444\" data-element_type=\"widget\" data-e-type=\"widget\" data-widget_type=\"heading.default\">\n\t\t\t\t<div class=\"elementor-widget-container\">\n\t\t\t\t\t<h2 class=\"elementor-heading-title elementor-size-default\">Elektrik Otomasyon: S\u00fcre\u00e7lerinizi Ak\u0131ll\u0131ca Y\u00f6netin <\/h2>\t\t\t\t<\/div>\n\t\t\t\t<\/div>\n\t\t\t\t<section class=\"elementor-section elementor-inner-section elementor-element elementor-element-fa6e927 elementor-section-boxed elementor-section-height-default elementor-section-height-default\" data-id=\"fa6e927\" data-element_type=\"section\" data-e-type=\"section\">\n\t\t\t\t\t\t<div class=\"elementor-container elementor-column-gap-default\">\n\t\t\t\t\t<div class=\"elementor-column elementor-col-50 elementor-inner-column elementor-element elementor-element-9a2a703\" data-id=\"9a2a703\" data-element_type=\"column\" data-e-type=\"column\">\n\t\t\t<div class=\"elementor-widget-wrap elementor-element-populated\">\n\t\t\t\t\t\t<div class=\"elementor-element elementor-element-66d32ea elementor-widget elementor-widget-image\" data-id=\"66d32ea\" data-element_type=\"widget\" data-e-type=\"widget\" data-widget_type=\"image.default\">\n\t\t\t\t<div class=\"elementor-widget-container\">\n\t\t\t\t\t\t\t\t\t\t\t\t\t\t\t<img decoding=\"async\" width=\"800\" height=\"534\" src=\"https:\/\/artconendustri.com\/wp-content\/uploads\/2023\/09\/elektrik-otomasyon-2-1024x683.jpg\" class=\"attachment-large size-large wp-image-5345\" alt=\"\" srcset=\"https:\/\/artconendustri.com\/wp-content\/uploads\/2023\/09\/elektrik-otomasyon-2-1024x683.jpg 1024w, https:\/\/artconendustri.com\/wp-content\/uploads\/2023\/09\/elektrik-otomasyon-2-300x200.jpg 300w, https:\/\/artconendustri.com\/wp-content\/uploads\/2023\/09\/elektrik-otomasyon-2-768x512.jpg 768w, https:\/\/artconendustri.com\/wp-content\/uploads\/2023\/09\/elektrik-otomasyon-2-1200x800.jpg 1200w, https:\/\/artconendustri.com\/wp-content\/uploads\/2023\/09\/elektrik-otomasyon-2-460x307.jpg 460w, https:\/\/artconendustri.com\/wp-content\/uploads\/2023\/09\/elektrik-otomasyon-2.jpg 1500w\" sizes=\"(max-width: 800px) 100vw, 800px\" \/>\t\t\t\t\t\t\t\t\t\t\t\t\t\t\t<\/div>\n\t\t\t\t<\/div>\n\t\t\t\t\t<\/div>\n\t\t<\/div>\n\t\t\t\t<div class=\"elementor-column elementor-col-50 elementor-inner-column elementor-element elementor-element-c6e8a18\" data-id=\"c6e8a18\" data-element_type=\"column\" data-e-type=\"column\">\n\t\t\t<div class=\"elementor-widget-wrap elementor-element-populated\">\n\t\t\t\t\t\t<div class=\"elementor-element elementor-element-9a2ed5f elementor-widget elementor-widget-text-editor\" data-id=\"9a2ed5f\" data-element_type=\"widget\" data-e-type=\"widget\" data-widget_type=\"text-editor.default\">\n\t\t\t\t<div class=\"elementor-widget-container\">\n\t\t\t\t\t\t\t\t\t<p>Artcon End\u00fcstri olarak, \u00fcretim s\u00fcre\u00e7lerinizi en verimli ve g\u00fcvenilir \u015fekilde y\u00f6netmek amac\u0131yla elektrik otomasyon hizmetleri sunuyoruz. End\u00fcstriyel otomasyonun g\u00fcc\u00fcn\u00fc kullanarak, \u00fcretim proseslerinizi daha ak\u0131ll\u0131, h\u0131zl\u0131 ve kesintisiz hale getiriyoruz.<\/p><ul><li><b> Kapsaml\u0131 Otomasyon \u00c7\u00f6z\u00fcmleri: <\/b>Elektrik otomasyonu, i\u015fletmenizin verimlili\u011fini art\u0131rmak ve insan hatas\u0131n\u0131 en aza indirgemek i\u00e7in \u00f6nemlidir. Panolar\u0131n tasar\u0131m\u0131, kumanda, kontrol, da\u011f\u0131t\u0131m ve ayd\u0131nlatma sistemlerinin tasar\u0131m\u0131 ve montaj\u0131 dahil olmak \u00fczere kapsaml\u0131 otomasyon \u00e7\u00f6z\u00fcmleri sunuyoruz.<\/li><li><b> \u00dcretim S\u00fcre\u00e7lerini Otomatikle\u015ftirme: <\/b>\u00dcretim proseslerinizi daha h\u0131zl\u0131, daha verimli ve daha g\u00fcvenilir hale getirmek amac\u0131yla PLC (Programmable Logic Controller) ve ekran yaz\u0131l\u0131mlar\u0131 kullanarak otomasyon sa\u011fl\u0131yoruz. Bu sayede i\u015f s\u00fcre\u00e7leriniz daha az insan m\u00fcdahalesiyle daha y\u00fcksek performans sa\u011flar.<\/li><\/ul>\t\t\t\t\t\t\t\t<\/div>\n\t\t\t\t<\/div>\n\t\t\t\t\t<\/div>\n\t\t<\/div>\n\t\t\t\t\t<\/div>\n\t\t<\/section>\n\t\t\t\t<section class=\"elementor-section elementor-inner-section elementor-element elementor-element-bb5258e elementor-section-boxed elementor-section-height-default elementor-section-height-default\" data-id=\"bb5258e\" data-element_type=\"section\" data-e-type=\"section\">\n\t\t\t\t\t\t<div class=\"elementor-container elementor-column-gap-default\">\n\t\t\t\t\t<div class=\"elementor-column elementor-col-100 elementor-inner-column elementor-element elementor-element-8177527\" data-id=\"8177527\" data-element_type=\"column\" data-e-type=\"column\">\n\t\t\t<div class=\"elementor-widget-wrap elementor-element-populated\">\n\t\t\t\t\t\t<div class=\"elementor-element elementor-element-7604929 elementor-widget elementor-widget-text-editor\" data-id=\"7604929\" data-element_type=\"widget\" data-e-type=\"widget\" data-widget_type=\"text-editor.default\">\n\t\t\t\t<div class=\"elementor-widget-container\">\n\t\t\t\t\t\t\t\t\t<ul><li><b> Kesintisiz \u0130\u015fleyi\u015f: <\/b>Elektrik otomasyonu, \u00fcretim hatlar\u0131n\u0131z\u0131n daha kesintisiz ve hatas\u0131z \u00e7al\u0131\u015fmas\u0131n\u0131 sa\u011flar. Otomasyon sistemleri, s\u00fcre\u00e7lerinizi izler, anl\u0131k verileri analiz eder ve gerekti\u011finde d\u00fczeltici \u00f6nlemler alarak \u00fcretimde s\u00fcrekli istikrar\u0131 sa\u011flar.<\/li><li><b> Uzman Ekip ve Teknoloji: <\/b>Uzman elektrik m\u00fchendislerimiz, en son teknolojileri ve en iyi uygulamalar\u0131 kullanarak otomasyon projelerinizi y\u00f6netir. Panolar\u0131n tasar\u0131m\u0131, montaj\u0131, devreye al\u0131nmas\u0131 ve yaz\u0131l\u0131m programlamas\u0131 gibi a\u015famalar\u0131 titizlikle ger\u00e7ekle\u015ftirir.<\/li><li><b> \u00d6zelle\u015ftirilmi\u015f \u00c7\u00f6z\u00fcmler:<\/b> Her i\u015fletme benzersizdir, bu y\u00fczden otomasyon \u00e7\u00f6z\u00fcmlerimizi ihtiya\u00e7lar\u0131n\u0131za \u00f6zel tasarl\u0131yoruz. \u00dcretim s\u00fcre\u00e7lerinizi en iyi \u015fekilde optimize etmek ve \u00f6zelle\u015ftirilmi\u015f \u00e7\u00f6z\u00fcmler sunmak i\u00e7in buraday\u0131z.<\/li><li><b> Gelece\u011fe Haz\u0131r:<\/b> Elektrik otomasyonu, i\u015fletmenizin gelece\u011fe haz\u0131r olmas\u0131n\u0131 sa\u011flar. Teknolojinin h\u0131zla geli\u015fti\u011fi bir d\u00fcnyada, i\u015f s\u00fcre\u00e7lerinizi ak\u0131ll\u0131ca y\u00f6netmek i\u00e7in gerekli altyap\u0131y\u0131 sunarak rekabet avantaj\u0131 elde etmenizi destekliyoruz.<\/li><li><b> \u00dcretimde Ak\u0131ll\u0131 Gelecek:<\/b> Bizimle \u00e7al\u0131\u015farak, \u00fcretim s\u00fcre\u00e7lerinizi ak\u0131ll\u0131 bir gelece\u011fe ta\u015f\u0131yabilirsiniz. Elektrik otomasyonu ile daha h\u0131zl\u0131, daha verimli ve daha rekabet\u00e7i bir \u00fcretim sa\u011flamak i\u00e7in buraday\u0131z.<\/li><\/ul>\t\t\t\t\t\t\t\t<\/div>\n\t\t\t\t<\/div>\n\t\t\t\t\t<\/div>\n\t\t<\/div>\n\t\t\t\t\t<\/div>\n\t\t<\/section>\n\t\t\t\t\t<\/div>\n\t\t<\/div>\n\t\t\t\t\t<\/div>\n\t\t<\/section>\n\t\t\t\t<section class=\"elementor-section elementor-top-section elementor-element elementor-element-26bd77c elementor-section-content-middle elementor-section-full_width elementor-section-height-default elementor-section-height-default elementor-invisible\" data-id=\"26bd77c\" data-element_type=\"section\" data-e-type=\"section\" data-settings=\"{&quot;background_background&quot;:&quot;classic&quot;,&quot;animation&quot;:&quot;fadeInUp&quot;}\">\n\t\t\t\t\t\t<div class=\"elementor-container elementor-column-gap-default\">\n\t\t\t\t\t<div class=\"elementor-column elementor-col-100 elementor-top-column elementor-element elementor-element-9b23b17\" data-id=\"9b23b17\" data-element_type=\"column\" data-e-type=\"column\">\n\t\t\t<div class=\"elementor-widget-wrap elementor-element-populated\">\n\t\t\t\t\t\t<div class=\"elementor-element elementor-element-a46fb63 elementor-widget elementor-widget-heading\" data-id=\"a46fb63\" data-element_type=\"widget\" data-e-type=\"widget\" data-widget_type=\"heading.default\">\n\t\t\t\t<div class=\"elementor-widget-container\">\n\t\t\t\t\t<h2 class=\"elementor-heading-title elementor-size-default\">Di\u011fer Hizmetlerimiz<\/h2>\t\t\t\t<\/div>\n\t\t\t\t<\/div>\n\t\t\t\t<section class=\"elementor-section elementor-inner-section elementor-element elementor-element-28e955f elementor-section-content-middle elementor-section-full_width elementor-section-height-default elementor-section-height-default\" data-id=\"28e955f\" data-element_type=\"section\" data-e-type=\"section\">\n\t\t\t\t\t\t<div class=\"elementor-container elementor-column-gap-default\">\n\t\t\t\t\t<div class=\"elementor-column elementor-col-25 elementor-inner-column elementor-element elementor-element-1e4493d\" data-id=\"1e4493d\" data-element_type=\"column\" data-e-type=\"column\">\n\t\t\t<div class=\"elementor-widget-wrap elementor-element-populated\">\n\t\t\t\t\t\t<div class=\"elementor-element elementor-element-0736b26 elementor-position-top elementor-widget elementor-widget-image-box\" data-id=\"0736b26\" data-element_type=\"widget\" data-e-type=\"widget\" data-widget_type=\"image-box.default\">\n\t\t\t\t<div class=\"elementor-widget-container\">\n\t\t\t\t\t<div class=\"elementor-image-box-wrapper\"><figure class=\"elementor-image-box-img\"><a href=\"https:\/\/artconendustri.com\/proje-yonetimi\/\" tabindex=\"-1\"><img decoding=\"async\" width=\"512\" height=\"512\" src=\"https:\/\/artconendustri.com\/wp-content\/uploads\/2023\/08\/project-management.png\" class=\"elementor-animation-grow attachment-full size-full wp-image-4321\" alt=\"\" srcset=\"https:\/\/artconendustri.com\/wp-content\/uploads\/2023\/08\/project-management.png 512w, https:\/\/artconendustri.com\/wp-content\/uploads\/2023\/08\/project-management-300x300.png 300w, https:\/\/artconendustri.com\/wp-content\/uploads\/2023\/08\/project-management-150x150.png 150w, https:\/\/artconendustri.com\/wp-content\/uploads\/2023\/08\/project-management-460x460.png 460w\" sizes=\"(max-width: 512px) 100vw, 512px\" \/><\/a><\/figure><div class=\"elementor-image-box-content\"><h3 class=\"elementor-image-box-title\"><a href=\"https:\/\/artconendustri.com\/proje-yonetimi\/\">Proje Y\u00f6netimi<\/br><\/a><\/h3><p class=\"elementor-image-box-description\">Profesyonel proje y\u00f6netimi ekibimiz, projelerinizin ba\u015far\u0131l\u0131 bir \u015fekilde planlanmas\u0131n\u0131, takibini ve tamamlanmas\u0131n\u0131 sa\u011flar. \u0130htiya\u00e7lar\u0131n\u0131za uygun \u00f6zelle\u015ftirilmi\u015f \u00e7\u00f6z\u00fcmler sunarak, projenizin zaman\u0131nda ve b\u00fct\u00e7e dahilinde teslim edilmesini sa\u011flamaktay\u0131z.<\/p><\/div><\/div>\t\t\t\t<\/div>\n\t\t\t\t<\/div>\n\t\t\t\t<div class=\"elementor-element elementor-element-89720f2 elementor-align-left elementor-widget elementor-widget-button\" data-id=\"89720f2\" data-element_type=\"widget\" data-e-type=\"widget\" data-widget_type=\"button.default\">\n\t\t\t\t<div class=\"elementor-widget-container\">\n\t\t\t\t\t\t\t\t\t<div class=\"elementor-button-wrapper\">\n\t\t\t\t\t<a class=\"elementor-button elementor-button-link elementor-size-sm\" href=\"https:\/\/artconendustri.com\/proje-yonetimi\/\">\n\t\t\t\t\t\t<span class=\"elementor-button-content-wrapper\">\n\t\t\t\t\t\t\t\t\t<span class=\"elementor-button-text\">Daha fazla<\/span>\n\t\t\t\t\t<\/span>\n\t\t\t\t\t<\/a>\n\t\t\t\t<\/div>\n\t\t\t\t\t\t\t\t<\/div>\n\t\t\t\t<\/div>\n\t\t\t\t\t<\/div>\n\t\t<\/div>\n\t\t\t\t<div class=\"elementor-column elementor-col-25 elementor-inner-column elementor-element elementor-element-a46e665\" data-id=\"a46e665\" data-element_type=\"column\" data-e-type=\"column\">\n\t\t\t<div class=\"elementor-widget-wrap elementor-element-populated\">\n\t\t\t\t\t\t<div class=\"elementor-element elementor-element-d4ac39f elementor-position-top elementor-widget elementor-widget-image-box\" data-id=\"d4ac39f\" data-element_type=\"widget\" data-e-type=\"widget\" data-widget_type=\"image-box.default\">\n\t\t\t\t<div class=\"elementor-widget-container\">\n\t\t\t\t\t<div class=\"elementor-image-box-wrapper\"><figure class=\"elementor-image-box-img\"><a href=\"https:\/\/artconendustri.com\/muhendislik\/\" tabindex=\"-1\"><img loading=\"lazy\" decoding=\"async\" width=\"512\" height=\"512\" src=\"https:\/\/artconendustri.com\/wp-content\/uploads\/2023\/08\/muhendislik-hizmetleri.png\" class=\"elementor-animation-grow attachment-full size-full wp-image-4324\" alt=\"\" srcset=\"https:\/\/artconendustri.com\/wp-content\/uploads\/2023\/08\/muhendislik-hizmetleri.png 512w, https:\/\/artconendustri.com\/wp-content\/uploads\/2023\/08\/muhendislik-hizmetleri-300x300.png 300w, https:\/\/artconendustri.com\/wp-content\/uploads\/2023\/08\/muhendislik-hizmetleri-150x150.png 150w, https:\/\/artconendustri.com\/wp-content\/uploads\/2023\/08\/muhendislik-hizmetleri-460x460.png 460w\" sizes=\"(max-width: 512px) 100vw, 512px\" \/><\/a><\/figure><div class=\"elementor-image-box-content\"><h3 class=\"elementor-image-box-title\"><a href=\"https:\/\/artconendustri.com\/muhendislik\/\">M\u00fchendislik<\/br><\/br><\/a><\/h3><p class=\"elementor-image-box-description\">Deneyimli m\u00fchendis kadromuz, tasar\u0131m ve analiz s\u00fcre\u00e7lerinde size m\u00fckemmel destek sa\u011flar. En son teknolojileri ve en iyi uygulamalar\u0131 kullanarak, yenilik\u00e7i ve verimli m\u00fchendislik \u00e7\u00f6z\u00fcmleri sunar\u0131z.<\/br><\/br><\/p><\/div><\/div>\t\t\t\t<\/div>\n\t\t\t\t<\/div>\n\t\t\t\t<div class=\"elementor-element elementor-element-6863463 elementor-align-left elementor-widget elementor-widget-button\" data-id=\"6863463\" data-element_type=\"widget\" data-e-type=\"widget\" data-widget_type=\"button.default\">\n\t\t\t\t<div class=\"elementor-widget-container\">\n\t\t\t\t\t\t\t\t\t<div class=\"elementor-button-wrapper\">\n\t\t\t\t\t<a class=\"elementor-button elementor-button-link elementor-size-sm\" href=\"https:\/\/artconendustri.com\/muhendislik-hizmetleri\">\n\t\t\t\t\t\t<span class=\"elementor-button-content-wrapper\">\n\t\t\t\t\t\t\t\t\t<span class=\"elementor-button-text\">Daha fazla<\/span>\n\t\t\t\t\t<\/span>\n\t\t\t\t\t<\/a>\n\t\t\t\t<\/div>\n\t\t\t\t\t\t\t\t<\/div>\n\t\t\t\t<\/div>\n\t\t\t\t\t<\/div>\n\t\t<\/div>\n\t\t\t\t<div class=\"elementor-column elementor-col-25 elementor-inner-column elementor-element elementor-element-0469017\" data-id=\"0469017\" data-element_type=\"column\" data-e-type=\"column\">\n\t\t\t<div class=\"elementor-widget-wrap elementor-element-populated\">\n\t\t\t\t\t\t<div class=\"elementor-element elementor-element-dad0016 elementor-position-top elementor-widget elementor-widget-image-box\" data-id=\"dad0016\" data-element_type=\"widget\" data-e-type=\"widget\" data-widget_type=\"image-box.default\">\n\t\t\t\t<div class=\"elementor-widget-container\">\n\t\t\t\t\t<div class=\"elementor-image-box-wrapper\"><figure class=\"elementor-image-box-img\"><a href=\"https:\/\/artconendustri.com\/imalat\/\" tabindex=\"-1\"><img loading=\"lazy\" decoding=\"async\" width=\"512\" height=\"512\" src=\"https:\/\/artconendustri.com\/wp-content\/uploads\/2023\/08\/manufacturing.png\" class=\"elementor-animation-grow attachment-full size-full wp-image-4322\" alt=\"\" srcset=\"https:\/\/artconendustri.com\/wp-content\/uploads\/2023\/08\/manufacturing.png 512w, https:\/\/artconendustri.com\/wp-content\/uploads\/2023\/08\/manufacturing-300x300.png 300w, https:\/\/artconendustri.com\/wp-content\/uploads\/2023\/08\/manufacturing-150x150.png 150w, https:\/\/artconendustri.com\/wp-content\/uploads\/2023\/08\/manufacturing-460x460.png 460w\" sizes=\"(max-width: 512px) 100vw, 512px\" \/><\/a><\/figure><div class=\"elementor-image-box-content\"><h3 class=\"elementor-image-box-title\"><a href=\"https:\/\/artconendustri.com\/imalat\/\">\u0130malat<\/br><\/a><\/h3><p class=\"elementor-image-box-description\">Modern \u00fcretim tesisimizde, y\u00fcksek kaliteli \u00fcr\u00fcnlerin \u00fcretimini ger\u00e7ekle\u015ftiriyoruz. Uzman ekibimiz, tasar\u0131m a\u015famas\u0131ndan ba\u015flayarak \u00fcr\u00fcn imalat\u0131na kadar titizlikle \u00e7al\u0131\u015farak, en y\u00fcksek kalite standartlar\u0131na ve m\u00fc\u015fteri taleplerine uygun \u00fcr\u00fcnler \u00fcretir.<\/p><\/div><\/div>\t\t\t\t<\/div>\n\t\t\t\t<\/div>\n\t\t\t\t<div class=\"elementor-element elementor-element-dfc3a20 elementor-align-left elementor-widget elementor-widget-button\" data-id=\"dfc3a20\" data-element_type=\"widget\" data-e-type=\"widget\" data-widget_type=\"button.default\">\n\t\t\t\t<div class=\"elementor-widget-container\">\n\t\t\t\t\t\t\t\t\t<div class=\"elementor-button-wrapper\">\n\t\t\t\t\t<a class=\"elementor-button elementor-button-link elementor-size-sm\" href=\"https:\/\/artconendustri.com\/imalat\/\">\n\t\t\t\t\t\t<span class=\"elementor-button-content-wrapper\">\n\t\t\t\t\t\t\t\t\t<span class=\"elementor-button-text\">Daha fazla<\/span>\n\t\t\t\t\t<\/span>\n\t\t\t\t\t<\/a>\n\t\t\t\t<\/div>\n\t\t\t\t\t\t\t\t<\/div>\n\t\t\t\t<\/div>\n\t\t\t\t\t<\/div>\n\t\t<\/div>\n\t\t\t\t<div class=\"elementor-column elementor-col-25 elementor-inner-column elementor-element elementor-element-4f685c9\" data-id=\"4f685c9\" data-element_type=\"column\" data-e-type=\"column\">\n\t\t\t<div class=\"elementor-widget-wrap elementor-element-populated\">\n\t\t\t\t\t\t<div class=\"elementor-element elementor-element-294ab97 elementor-position-top elementor-widget elementor-widget-image-box\" data-id=\"294ab97\" data-element_type=\"widget\" data-e-type=\"widget\" data-widget_type=\"image-box.default\">\n\t\t\t\t<div class=\"elementor-widget-container\">\n\t\t\t\t\t<div class=\"elementor-image-box-wrapper\"><figure class=\"elementor-image-box-img\"><a href=\"https:\/\/artconendustri.com\/montaj\/\" tabindex=\"-1\"><img loading=\"lazy\" decoding=\"async\" width=\"512\" height=\"512\" src=\"https:\/\/artconendustri.com\/wp-content\/uploads\/2023\/08\/montaj.png\" class=\"elementor-animation-grow attachment-full size-full wp-image-4323\" alt=\"\" srcset=\"https:\/\/artconendustri.com\/wp-content\/uploads\/2023\/08\/montaj.png 512w, https:\/\/artconendustri.com\/wp-content\/uploads\/2023\/08\/montaj-300x300.png 300w, https:\/\/artconendustri.com\/wp-content\/uploads\/2023\/08\/montaj-150x150.png 150w, https:\/\/artconendustri.com\/wp-content\/uploads\/2023\/08\/montaj-460x460.png 460w\" sizes=\"(max-width: 512px) 100vw, 512px\" \/><\/a><\/figure><div class=\"elementor-image-box-content\"><h3 class=\"elementor-image-box-title\"><a href=\"https:\/\/artconendustri.com\/montaj\/\">Montaj<\/br><\/a><\/h3><p class=\"elementor-image-box-description\">Profesyonel montaj ekibimiz, \u00fcr\u00fcnlerinizin sahada g\u00fcvenli ve do\u011fru bir \u015fekilde montaj\u0131n\u0131 ger\u00e7ekle\u015ftirir. \u0130leri d\u00fczeyde uzmanl\u0131kla, montaj s\u00fcrecinin sorunsuz bir \u015fekilde tamamlanmas\u0131n\u0131 sa\u011flar ve en iyi sonu\u00e7lar\u0131 elde etmek i\u00e7in \u00e7al\u0131\u015f\u0131r.<\/br><\/br><\/p><\/div><\/div>\t\t\t\t<\/div>\n\t\t\t\t<\/div>\n\t\t\t\t<div class=\"elementor-element elementor-element-7db58c3 elementor-align-left elementor-widget elementor-widget-button\" data-id=\"7db58c3\" data-element_type=\"widget\" data-e-type=\"widget\" data-widget_type=\"button.default\">\n\t\t\t\t<div class=\"elementor-widget-container\">\n\t\t\t\t\t\t\t\t\t<div class=\"elementor-button-wrapper\">\n\t\t\t\t\t<a class=\"elementor-button elementor-button-link elementor-size-sm\" href=\"https:\/\/artconendustri.com\/montaj\/\">\n\t\t\t\t\t\t<span class=\"elementor-button-content-wrapper\">\n\t\t\t\t\t\t\t\t\t<span class=\"elementor-button-text\">Daha fazla<\/span>\n\t\t\t\t\t<\/span>\n\t\t\t\t\t<\/a>\n\t\t\t\t<\/div>\n\t\t\t\t\t\t\t\t<\/div>\n\t\t\t\t<\/div>\n\t\t\t\t\t<\/div>\n\t\t<\/div>\n\t\t\t\t\t<\/div>\n\t\t<\/section>\n\t\t\t\t\t<\/div>\n\t\t<\/div>\n\t\t\t\t\t<\/div>\n\t\t<\/section>\n\t\t\t\t<\/div>\n\t\t","protected":false},"excerpt":{"rendered":"<p>Elektrik otomasyon hizmetlerimiz, i\u015fletmenizin otomasyon ihtiya\u00e7lar\u0131n\u0131 kar\u015f\u0131lamak i\u00e7in kapsaml\u0131 \u00e7\u00f6z\u00fcmler sunar. End\u00fcstri standartlar\u0131na uygun olarak, \u00fcretkenli\u011fi artt\u0131rmak ve s\u00fcre\u00e7leri optimize etmek i\u00e7in otomasyon sistemleri tasarlar ve entegre ederiz. \u0130leti\u015fim Elektrik Otomasyon: S\u00fcre\u00e7lerinizi Ak\u0131ll\u0131ca Y\u00f6netin Artcon End\u00fcstri olarak, \u00fcretim s\u00fcre\u00e7lerinizi en verimli ve g\u00fcvenilir \u015fekilde y\u00f6netmek amac\u0131yla elektrik otomasyon hizmetleri sunuyoruz. End\u00fcstriyel otomasyonun g\u00fcc\u00fcn\u00fc kullanarak, \u00fcretim [&hellip;]<\/p>\n","protected":false},"author":1,"featured_media":4138,"parent":0,"menu_order":0,"comment_status":"closed","ping_status":"closed","template":"","meta":{"footnotes":""},"class_list":["post-4752","page","type-page","status-publish","has-post-thumbnail","hentry"],"_links":{"self":[{"href":"https:\/\/artconendustri.com\/tr\/wp-json\/wp\/v2\/pages\/4752","targetHints":{"allow":["GET"]}}],"collection":[{"href":"https:\/\/artconendustri.com\/tr\/wp-json\/wp\/v2\/pages"}],"about":[{"href":"https:\/\/artconendustri.com\/tr\/wp-json\/wp\/v2\/types\/page"}],"author":[{"embeddable":true,"href":"https:\/\/artconendustri.com\/tr\/wp-json\/wp\/v2\/users\/1"}],"replies":[{"embeddable":true,"href":"https:\/\/artconendustri.com\/tr\/wp-json\/wp\/v2\/comments?post=4752"}],"version-history":[{"count":29,"href":"https:\/\/artconendustri.com\/tr\/wp-json\/wp\/v2\/pages\/4752\/revisions"}],"predecessor-version":[{"id":5630,"href":"https:\/\/artconendustri.com\/tr\/wp-json\/wp\/v2\/pages\/4752\/revisions\/5630"}],"wp:featuredmedia":[{"embeddable":true,"href":"https:\/\/artconendustri.com\/tr\/wp-json\/wp\/v2\/media\/4138"}],"wp:attachment":[{"href":"https:\/\/artconendustri.com\/tr\/wp-json\/wp\/v2\/media?parent=4752"}],"curies":[{"name":"wp","href":"https:\/\/api.w.org\/{rel}","templated":true}]}}