{"id":4643,"date":"2023-08-21T14:24:15","date_gmt":"2023-08-21T14:24:15","guid":{"rendered":"https:\/\/artconendustri.com\/?page_id=4643"},"modified":"2023-10-11T16:06:31","modified_gmt":"2023-10-11T16:06:31","slug":"bsk-zincirli-elevator-govde-imalatlari","status":"publish","type":"page","link":"https:\/\/artconendustri.com\/tr\/bsk-zincirli-elevator-govde-imalatlari\/","title":{"rendered":"BSK, Zincirli Elevat\u00f6r G\u00f6vde \u0130malatlar\u0131"},"content":{"rendered":"\t\t<div data-elementor-type=\"wp-page\" data-elementor-id=\"4643\" class=\"elementor elementor-4643\" data-elementor-post-type=\"page\">\n\t\t\t\t\t\t<section class=\"elementor-section elementor-top-section elementor-element elementor-element-5d0e342 elementor-section-height-min-height elementor-section-boxed elementor-section-height-default elementor-section-items-middle\" data-id=\"5d0e342\" data-element_type=\"section\" data-e-type=\"section\">\n\t\t\t\t\t\t<div class=\"elementor-container elementor-column-gap-default\">\n\t\t\t\t\t<div class=\"elementor-column elementor-col-50 elementor-top-column elementor-element elementor-element-0eed059\" data-id=\"0eed059\" data-element_type=\"column\" data-e-type=\"column\">\n\t\t\t<div class=\"elementor-widget-wrap elementor-element-populated\">\n\t\t\t\t\t\t<div class=\"elementor-element elementor-element-28d8fd0 elementor-widget elementor-widget-text-editor\" data-id=\"28d8fd0\" data-element_type=\"widget\" data-e-type=\"widget\" data-widget_type=\"text-editor.default\">\n\t\t\t\t<div class=\"elementor-widget-container\">\n\t\t\t\t\t\t\t\t\tErdemir\/Ere\u011fli i\u00e7in BSK firmas\u0131na sipari\u015f edilen Zincirli elevat\u00f6r g\u00f6vde imalatlar\u0131 yap\u0131lm\u0131\u015f ve Haziran 1. Hafta teslim edilmi\u015ftir. Kalite dok\u00fcmanlar\u0131 TUV Austria taraf\u0131ndan haz\u0131rlanm\u0131\u015ft\u0131r. Gerek BSK gerek Erdemir kalite kontrollerinden ba\u015far\u0131l\u0131 bir \u015fekilde onay alm\u0131\u015ft\u0131r.\t\t\t\t\t\t\t\t<\/div>\n\t\t\t\t<\/div>\n\t\t\t\t\t<\/div>\n\t\t<\/div>\n\t\t\t\t<div class=\"elementor-column elementor-col-50 elementor-top-column elementor-element elementor-element-4cdce59\" data-id=\"4cdce59\" data-element_type=\"column\" data-e-type=\"column\">\n\t\t\t<div class=\"elementor-widget-wrap elementor-element-populated\">\n\t\t\t\t\t\t<div class=\"elementor-element elementor-element-6d1e039 elementor-widget elementor-widget-image\" data-id=\"6d1e039\" data-element_type=\"widget\" data-e-type=\"widget\" data-widget_type=\"image.default\">\n\t\t\t\t<div class=\"elementor-widget-container\">\n\t\t\t\t\t\t\t\t\t\t\t\t\t\t\t<img fetchpriority=\"high\" decoding=\"async\" width=\"800\" height=\"534\" src=\"https:\/\/artconendustri.com\/wp-content\/uploads\/2023\/08\/bsk-zincirli-elevator-5-1024x683.jpg\" class=\"attachment-large size-large wp-image-4921\" alt=\"\" srcset=\"https:\/\/artconendustri.com\/wp-content\/uploads\/2023\/08\/bsk-zincirli-elevator-5-1024x683.jpg 1024w, https:\/\/artconendustri.com\/wp-content\/uploads\/2023\/08\/bsk-zincirli-elevator-5-300x200.jpg 300w, https:\/\/artconendustri.com\/wp-content\/uploads\/2023\/08\/bsk-zincirli-elevator-5-768x512.jpg 768w, https:\/\/artconendustri.com\/wp-content\/uploads\/2023\/08\/bsk-zincirli-elevator-5-1200x800.jpg 1200w, https:\/\/artconendustri.com\/wp-content\/uploads\/2023\/08\/bsk-zincirli-elevator-5-460x307.jpg 460w, https:\/\/artconendustri.com\/wp-content\/uploads\/2023\/08\/bsk-zincirli-elevator-5.jpg 1500w\" sizes=\"(max-width: 800px) 100vw, 800px\" \/>\t\t\t\t\t\t\t\t\t\t\t\t\t\t\t<\/div>\n\t\t\t\t<\/div>\n\t\t\t\t\t<\/div>\n\t\t<\/div>\n\t\t\t\t\t<\/div>\n\t\t<\/section>\n\t\t\t\t<section class=\"elementor-section elementor-top-section elementor-element elementor-element-823f62e elementor-section-boxed elementor-section-height-default elementor-section-height-default\" data-id=\"823f62e\" data-element_type=\"section\" data-e-type=\"section\">\n\t\t\t\t\t\t<div class=\"elementor-container elementor-column-gap-default\">\n\t\t\t\t\t<div class=\"elementor-column elementor-col-100 elementor-top-column elementor-element elementor-element-fd99e4a\" data-id=\"fd99e4a\" data-element_type=\"column\" data-e-type=\"column\">\n\t\t\t<div class=\"elementor-widget-wrap elementor-element-populated\">\n\t\t\t\t\t\t<div class=\"elementor-element elementor-element-917ddd1 elementor-widget elementor-widget-heading\" data-id=\"917ddd1\" data-element_type=\"widget\" data-e-type=\"widget\" data-widget_type=\"heading.default\">\n\t\t\t\t<div class=\"elementor-widget-container\">\n\t\t\t\t\t<h2 class=\"elementor-heading-title elementor-size-default\">Projeye ait di\u011fer g\u00f6rseller<\/h2>\t\t\t\t<\/div>\n\t\t\t\t<\/div>\n\t\t\t\t<div class=\"elementor-element elementor-element-68cdf9b elementor-widget elementor-widget-gallery\" data-id=\"68cdf9b\" data-element_type=\"widget\" data-e-type=\"widget\" data-settings=\"{&quot;lazyload&quot;:&quot;yes&quot;,&quot;gallery_layout&quot;:&quot;grid&quot;,&quot;columns&quot;:4,&quot;columns_tablet&quot;:2,&quot;columns_mobile&quot;:1,&quot;gap&quot;:{&quot;unit&quot;:&quot;px&quot;,&quot;size&quot;:10,&quot;sizes&quot;:[]},&quot;gap_tablet&quot;:{&quot;unit&quot;:&quot;px&quot;,&quot;size&quot;:10,&quot;sizes&quot;:[]},&quot;gap_mobile&quot;:{&quot;unit&quot;:&quot;px&quot;,&quot;size&quot;:10,&quot;sizes&quot;:[]},&quot;link_to&quot;:&quot;file&quot;,&quot;aspect_ratio&quot;:&quot;3:2&quot;,&quot;overlay_background&quot;:&quot;yes&quot;,&quot;content_hover_animation&quot;:&quot;fade-in&quot;}\" data-widget_type=\"gallery.default\">\n\t\t\t\t<div class=\"elementor-widget-container\">\n\t\t\t\t\t\t\t<div class=\"elementor-gallery__container\">\n\t\t\t\t\t\t\t<a class=\"e-gallery-item elementor-gallery-item elementor-animated-content\" href=\"https:\/\/artconendustri.com\/wp-content\/uploads\/2023\/08\/bsk-zincirli-elevator-1.jpg\" data-elementor-open-lightbox=\"yes\" data-elementor-lightbox-slideshow=\"68cdf9b\" data-elementor-lightbox-title=\"bsk-zincirli-elevator-1\" data-e-action-hash=\"#elementor-action%3Aaction%3Dlightbox%26settings%3DeyJpZCI6NDkyMiwidXJsIjoiaHR0cHM6XC9cL2FydGNvbmVuZHVzdHJpLmNvbVwvd3AtY29udGVudFwvdXBsb2Fkc1wvMjAyM1wvMDhcL2Jzay16aW5jaXJsaS1lbGV2YXRvci0xLmpwZyIsInNsaWRlc2hvdyI6IjY4Y2RmOWIifQ%3D%3D\">\n\t\t\t\t\t<div class=\"e-gallery-image elementor-gallery-item__image\" data-thumbnail=\"https:\/\/artconendustri.com\/wp-content\/uploads\/2023\/08\/bsk-zincirli-elevator-1.jpg\" data-width=\"1500\" data-height=\"1000\" aria-label=\"\" role=\"img\" ><\/div>\n\t\t\t\t\t\t\t\t\t\t\t<div class=\"elementor-gallery-item__overlay\"><\/div>\n\t\t\t\t\t\t\t\t\t\t\t\t\t\t<\/a>\n\t\t\t\t\t\t\t<a class=\"e-gallery-item elementor-gallery-item elementor-animated-content\" href=\"https:\/\/artconendustri.com\/wp-content\/uploads\/2023\/08\/bsk-zincirli-elevator-2.jpg\" data-elementor-open-lightbox=\"yes\" data-elementor-lightbox-slideshow=\"68cdf9b\" data-elementor-lightbox-title=\"bsk-zincirli-elevator-2\" data-e-action-hash=\"#elementor-action%3Aaction%3Dlightbox%26settings%3DeyJpZCI6NDkyMywidXJsIjoiaHR0cHM6XC9cL2FydGNvbmVuZHVzdHJpLmNvbVwvd3AtY29udGVudFwvdXBsb2Fkc1wvMjAyM1wvMDhcL2Jzay16aW5jaXJsaS1lbGV2YXRvci0yLmpwZyIsInNsaWRlc2hvdyI6IjY4Y2RmOWIifQ%3D%3D\">\n\t\t\t\t\t<div class=\"e-gallery-image elementor-gallery-item__image\" data-thumbnail=\"https:\/\/artconendustri.com\/wp-content\/uploads\/2023\/08\/bsk-zincirli-elevator-2.jpg\" data-width=\"1500\" data-height=\"1000\" aria-label=\"\" role=\"img\" ><\/div>\n\t\t\t\t\t\t\t\t\t\t\t<div class=\"elementor-gallery-item__overlay\"><\/div>\n\t\t\t\t\t\t\t\t\t\t\t\t\t\t<\/a>\n\t\t\t\t\t\t\t<a class=\"e-gallery-item elementor-gallery-item elementor-animated-content\" href=\"https:\/\/artconendustri.com\/wp-content\/uploads\/2023\/08\/bsk-zincirli-elevator-3.jpg\" data-elementor-open-lightbox=\"yes\" data-elementor-lightbox-slideshow=\"68cdf9b\" data-elementor-lightbox-title=\"bsk-zincirli-elevator-3\" data-e-action-hash=\"#elementor-action%3Aaction%3Dlightbox%26settings%3DeyJpZCI6NDkyNCwidXJsIjoiaHR0cHM6XC9cL2FydGNvbmVuZHVzdHJpLmNvbVwvd3AtY29udGVudFwvdXBsb2Fkc1wvMjAyM1wvMDhcL2Jzay16aW5jaXJsaS1lbGV2YXRvci0zLmpwZyIsInNsaWRlc2hvdyI6IjY4Y2RmOWIifQ%3D%3D\">\n\t\t\t\t\t<div class=\"e-gallery-image elementor-gallery-item__image\" data-thumbnail=\"https:\/\/artconendustri.com\/wp-content\/uploads\/2023\/08\/bsk-zincirli-elevator-3.jpg\" data-width=\"1500\" data-height=\"1000\" aria-label=\"\" role=\"img\" ><\/div>\n\t\t\t\t\t\t\t\t\t\t\t<div class=\"elementor-gallery-item__overlay\"><\/div>\n\t\t\t\t\t\t\t\t\t\t\t\t\t\t<\/a>\n\t\t\t\t\t\t\t<a class=\"e-gallery-item elementor-gallery-item elementor-animated-content\" href=\"https:\/\/artconendustri.com\/wp-content\/uploads\/2023\/08\/bsk-zincirli-elevator-4.jpg\" data-elementor-open-lightbox=\"yes\" data-elementor-lightbox-slideshow=\"68cdf9b\" data-elementor-lightbox-title=\"bsk-zincirli-elevator-4\" data-e-action-hash=\"#elementor-action%3Aaction%3Dlightbox%26settings%3DeyJpZCI6NDkyMCwidXJsIjoiaHR0cHM6XC9cL2FydGNvbmVuZHVzdHJpLmNvbVwvd3AtY29udGVudFwvdXBsb2Fkc1wvMjAyM1wvMDhcL2Jzay16aW5jaXJsaS1lbGV2YXRvci00LmpwZyIsInNsaWRlc2hvdyI6IjY4Y2RmOWIifQ%3D%3D\">\n\t\t\t\t\t<div class=\"e-gallery-image elementor-gallery-item__image\" data-thumbnail=\"https:\/\/artconendustri.com\/wp-content\/uploads\/2023\/08\/bsk-zincirli-elevator-4.jpg\" data-width=\"1500\" data-height=\"1000\" aria-label=\"\" role=\"img\" ><\/div>\n\t\t\t\t\t\t\t\t\t\t\t<div class=\"elementor-gallery-item__overlay\"><\/div>\n\t\t\t\t\t\t\t\t\t\t\t\t\t\t<\/a>\n\t\t\t\t\t\t\t<a class=\"e-gallery-item elementor-gallery-item elementor-animated-content\" href=\"https:\/\/artconendustri.com\/wp-content\/uploads\/2023\/10\/bsk-zincirli-elevator-6.jpg\" data-elementor-open-lightbox=\"yes\" data-elementor-lightbox-slideshow=\"68cdf9b\" data-elementor-lightbox-title=\"bsk-zincirli-elevator-6\" data-e-action-hash=\"#elementor-action%3Aaction%3Dlightbox%26settings%3DeyJpZCI6NTUyMSwidXJsIjoiaHR0cHM6XC9cL2FydGNvbmVuZHVzdHJpLmNvbVwvd3AtY29udGVudFwvdXBsb2Fkc1wvMjAyM1wvMTBcL2Jzay16aW5jaXJsaS1lbGV2YXRvci02LmpwZyIsInNsaWRlc2hvdyI6IjY4Y2RmOWIifQ%3D%3D\">\n\t\t\t\t\t<div class=\"e-gallery-image elementor-gallery-item__image\" data-thumbnail=\"https:\/\/artconendustri.com\/wp-content\/uploads\/2023\/10\/bsk-zincirli-elevator-6.jpg\" data-width=\"425\" data-height=\"512\" aria-label=\"\" role=\"img\" ><\/div>\n\t\t\t\t\t\t\t\t\t\t\t<div class=\"elementor-gallery-item__overlay\"><\/div>\n\t\t\t\t\t\t\t\t\t\t\t\t\t\t<\/a>\n\t\t\t\t\t\t\t<a class=\"e-gallery-item elementor-gallery-item elementor-animated-content\" href=\"https:\/\/artconendustri.com\/wp-content\/uploads\/2023\/10\/bsk-zincirli-elevator-5.jpg\" data-elementor-open-lightbox=\"yes\" data-elementor-lightbox-slideshow=\"68cdf9b\" data-elementor-lightbox-title=\"bsk-zincirli-elevator-5\" data-e-action-hash=\"#elementor-action%3Aaction%3Dlightbox%26settings%3DeyJpZCI6NTUyMiwidXJsIjoiaHR0cHM6XC9cL2FydGNvbmVuZHVzdHJpLmNvbVwvd3AtY29udGVudFwvdXBsb2Fkc1wvMjAyM1wvMTBcL2Jzay16aW5jaXJsaS1lbGV2YXRvci01LmpwZyIsInNsaWRlc2hvdyI6IjY4Y2RmOWIifQ%3D%3D\">\n\t\t\t\t\t<div class=\"e-gallery-image elementor-gallery-item__image\" data-thumbnail=\"https:\/\/artconendustri.com\/wp-content\/uploads\/2023\/10\/bsk-zincirli-elevator-5.jpg\" data-width=\"512\" data-height=\"267\" aria-label=\"\" role=\"img\" ><\/div>\n\t\t\t\t\t\t\t\t\t\t\t<div class=\"elementor-gallery-item__overlay\"><\/div>\n\t\t\t\t\t\t\t\t\t\t\t\t\t\t<\/a>\n\t\t\t\t\t\t\t<a class=\"e-gallery-item elementor-gallery-item elementor-animated-content\" href=\"https:\/\/artconendustri.com\/wp-content\/uploads\/2023\/10\/bsk-zincirli-elevator-7.jpg\" data-elementor-open-lightbox=\"yes\" data-elementor-lightbox-slideshow=\"68cdf9b\" data-elementor-lightbox-title=\"bsk-zincirli-elevator-7\" data-e-action-hash=\"#elementor-action%3Aaction%3Dlightbox%26settings%3DeyJpZCI6NTUyMywidXJsIjoiaHR0cHM6XC9cL2FydGNvbmVuZHVzdHJpLmNvbVwvd3AtY29udGVudFwvdXBsb2Fkc1wvMjAyM1wvMTBcL2Jzay16aW5jaXJsaS1lbGV2YXRvci03LmpwZyIsInNsaWRlc2hvdyI6IjY4Y2RmOWIifQ%3D%3D\">\n\t\t\t\t\t<div class=\"e-gallery-image elementor-gallery-item__image\" data-thumbnail=\"https:\/\/artconendustri.com\/wp-content\/uploads\/2023\/10\/bsk-zincirli-elevator-7.jpg\" data-width=\"379\" data-height=\"512\" aria-label=\"\" role=\"img\" ><\/div>\n\t\t\t\t\t\t\t\t\t\t\t<div class=\"elementor-gallery-item__overlay\"><\/div>\n\t\t\t\t\t\t\t\t\t\t\t\t\t\t<\/a>\n\t\t\t\t\t<\/div>\n\t\t\t\t\t<\/div>\n\t\t\t\t<\/div>\n\t\t\t\t\t<\/div>\n\t\t<\/div>\n\t\t\t\t\t<\/div>\n\t\t<\/section>\n\t\t\t\t<\/div>\n\t\t","protected":false},"excerpt":{"rendered":"<p>Erdemir\/Ere\u011fli i\u00e7in BSK firmas\u0131na sipari\u015f edilen Zincirli elevat\u00f6r g\u00f6vde imalatlar\u0131 yap\u0131lm\u0131\u015f ve Haziran 1. Hafta teslim edilmi\u015ftir. Kalite dok\u00fcmanlar\u0131 TUV Austria taraf\u0131ndan haz\u0131rlanm\u0131\u015ft\u0131r. Gerek BSK gerek Erdemir kalite kontrollerinden ba\u015far\u0131l\u0131 bir \u015fekilde onay alm\u0131\u015ft\u0131r. Projeye ait di\u011fer g\u00f6rseller<\/p>\n","protected":false},"author":1,"featured_media":0,"parent":0,"menu_order":0,"comment_status":"closed","ping_status":"closed","template":"","meta":{"footnotes":""},"class_list":["post-4643","page","type-page","status-publish","hentry"],"_links":{"self":[{"href":"https:\/\/artconendustri.com\/tr\/wp-json\/wp\/v2\/pages\/4643","targetHints":{"allow":["GET"]}}],"collection":[{"href":"https:\/\/artconendustri.com\/tr\/wp-json\/wp\/v2\/pages"}],"about":[{"href":"https:\/\/artconendustri.com\/tr\/wp-json\/wp\/v2\/types\/page"}],"author":[{"embeddable":true,"href":"https:\/\/artconendustri.com\/tr\/wp-json\/wp\/v2\/users\/1"}],"replies":[{"embeddable":true,"href":"https:\/\/artconendustri.com\/tr\/wp-json\/wp\/v2\/comments?post=4643"}],"version-history":[{"count":11,"href":"https:\/\/artconendustri.com\/tr\/wp-json\/wp\/v2\/pages\/4643\/revisions"}],"predecessor-version":[{"id":5526,"href":"https:\/\/artconendustri.com\/tr\/wp-json\/wp\/v2\/pages\/4643\/revisions\/5526"}],"wp:attachment":[{"href":"https:\/\/artconendustri.com\/tr\/wp-json\/wp\/v2\/media?parent=4643"}],"curies":[{"name":"wp","href":"https:\/\/api.w.org\/{rel}","templated":true}]}}