{"id":4642,"date":"2023-08-21T14:27:13","date_gmt":"2023-08-21T14:27:13","guid":{"rendered":"https:\/\/artconendustri.com\/?page_id=4642"},"modified":"2023-08-22T06:24:49","modified_gmt":"2023-08-22T06:24:49","slug":"aksu-madencilik-elek-yan-duvar-degisimi","status":"publish","type":"page","link":"https:\/\/artconendustri.com\/tr\/aksu-madencilik-elek-yan-duvar-degisimi\/","title":{"rendered":"Aksu Madencilik, Elek Yan Duvar De\u011fi\u015fimi"},"content":{"rendered":"\t\t<div data-elementor-type=\"wp-page\" data-elementor-id=\"4642\" class=\"elementor elementor-4642\" data-elementor-post-type=\"page\">\n\t\t\t\t\t\t<section class=\"elementor-section elementor-top-section elementor-element elementor-element-5d0e342 elementor-section-height-min-height elementor-section-boxed elementor-section-height-default elementor-section-items-middle\" data-id=\"5d0e342\" data-element_type=\"section\" data-e-type=\"section\">\n\t\t\t\t\t\t<div class=\"elementor-container elementor-column-gap-default\">\n\t\t\t\t\t<div class=\"elementor-column elementor-col-100 elementor-top-column elementor-element elementor-element-0eed059\" data-id=\"0eed059\" data-element_type=\"column\" data-e-type=\"column\">\n\t\t\t<div class=\"elementor-widget-wrap elementor-element-populated\">\n\t\t\t\t\t\t<div class=\"elementor-element elementor-element-6d1e039 elementor-widget elementor-widget-image\" data-id=\"6d1e039\" data-element_type=\"widget\" data-e-type=\"widget\" data-widget_type=\"image.default\">\n\t\t\t\t<div class=\"elementor-widget-container\">\n\t\t\t\t\t\t\t\t\t\t\t\t\t\t\t<img fetchpriority=\"high\" decoding=\"async\" width=\"426\" height=\"512\" src=\"https:\/\/artconendustri.com\/wp-content\/uploads\/2023\/08\/aksu-madecilik-2.jpg\" class=\"attachment-large size-large wp-image-5023\" alt=\"\" srcset=\"https:\/\/artconendustri.com\/wp-content\/uploads\/2023\/08\/aksu-madecilik-2.jpg 426w, https:\/\/artconendustri.com\/wp-content\/uploads\/2023\/08\/aksu-madecilik-2-250x300.jpg 250w\" sizes=\"(max-width: 426px) 100vw, 426px\" \/>\t\t\t\t\t\t\t\t\t\t\t\t\t\t\t<\/div>\n\t\t\t\t<\/div>\n\t\t\t\t\t<\/div>\n\t\t<\/div>\n\t\t\t\t\t<\/div>\n\t\t<\/section>\n\t\t\t\t<section class=\"elementor-section elementor-top-section elementor-element elementor-element-823f62e elementor-section-boxed elementor-section-height-default elementor-section-height-default\" data-id=\"823f62e\" data-element_type=\"section\" data-e-type=\"section\">\n\t\t\t\t\t\t<div class=\"elementor-container elementor-column-gap-default\">\n\t\t\t\t\t<div class=\"elementor-column elementor-col-100 elementor-top-column elementor-element elementor-element-fd99e4a\" data-id=\"fd99e4a\" data-element_type=\"column\" data-e-type=\"column\">\n\t\t\t<div class=\"elementor-widget-wrap elementor-element-populated\">\n\t\t\t\t\t\t<div class=\"elementor-element elementor-element-004044a elementor-widget elementor-widget-heading\" data-id=\"004044a\" data-element_type=\"widget\" data-e-type=\"widget\" data-widget_type=\"heading.default\">\n\t\t\t\t<div class=\"elementor-widget-container\">\n\t\t\t\t\t<h2 class=\"elementor-heading-title elementor-size-default\">Proje ile alakal\u0131 di\u011fer g\u00f6rsel<\/h2>\t\t\t\t<\/div>\n\t\t\t\t<\/div>\n\t\t\t\t<div class=\"elementor-element elementor-element-68cdf9b elementor-widget elementor-widget-gallery\" data-id=\"68cdf9b\" data-element_type=\"widget\" data-e-type=\"widget\" data-settings=\"{&quot;columns&quot;:2,&quot;lazyload&quot;:&quot;yes&quot;,&quot;gallery_layout&quot;:&quot;grid&quot;,&quot;columns_tablet&quot;:2,&quot;columns_mobile&quot;:1,&quot;gap&quot;:{&quot;unit&quot;:&quot;px&quot;,&quot;size&quot;:10,&quot;sizes&quot;:[]},&quot;gap_tablet&quot;:{&quot;unit&quot;:&quot;px&quot;,&quot;size&quot;:10,&quot;sizes&quot;:[]},&quot;gap_mobile&quot;:{&quot;unit&quot;:&quot;px&quot;,&quot;size&quot;:10,&quot;sizes&quot;:[]},&quot;link_to&quot;:&quot;file&quot;,&quot;aspect_ratio&quot;:&quot;3:2&quot;,&quot;overlay_background&quot;:&quot;yes&quot;,&quot;content_hover_animation&quot;:&quot;fade-in&quot;}\" data-widget_type=\"gallery.default\">\n\t\t\t\t<div class=\"elementor-widget-container\">\n\t\t\t\t\t\t\t<div class=\"elementor-gallery__container\">\n\t\t\t\t\t\t\t<a class=\"e-gallery-item elementor-gallery-item elementor-animated-content\" href=\"https:\/\/artconendustri.com\/wp-content\/uploads\/2023\/08\/aksu-madencilik-1.jpg\" data-elementor-open-lightbox=\"yes\" data-elementor-lightbox-slideshow=\"68cdf9b\" data-elementor-lightbox-title=\"aksu-madencilik-1\" data-e-action-hash=\"#elementor-action%3Aaction%3Dlightbox%26settings%3DeyJpZCI6NTAyNCwidXJsIjoiaHR0cHM6XC9cL2FydGNvbmVuZHVzdHJpLmNvbVwvd3AtY29udGVudFwvdXBsb2Fkc1wvMjAyM1wvMDhcL2Frc3UtbWFkZW5jaWxpay0xLmpwZyIsInNsaWRlc2hvdyI6IjY4Y2RmOWIifQ%3D%3D\">\n\t\t\t\t\t<div class=\"e-gallery-image elementor-gallery-item__image\" data-thumbnail=\"https:\/\/artconendustri.com\/wp-content\/uploads\/2023\/08\/aksu-madencilik-1.jpg\" data-width=\"431\" data-height=\"512\" aria-label=\"\" role=\"img\" ><\/div>\n\t\t\t\t\t\t\t\t\t\t\t<div class=\"elementor-gallery-item__overlay\"><\/div>\n\t\t\t\t\t\t\t\t\t\t\t\t\t\t<\/a>\n\t\t\t\t\t<\/div>\n\t\t\t\t\t<\/div>\n\t\t\t\t<\/div>\n\t\t\t\t\t<\/div>\n\t\t<\/div>\n\t\t\t\t\t<\/div>\n\t\t<\/section>\n\t\t\t\t<\/div>\n\t\t","protected":false},"excerpt":{"rendered":"<p>Proje ile alakal\u0131 di\u011fer g\u00f6rsel<\/p>\n","protected":false},"author":1,"featured_media":0,"parent":0,"menu_order":0,"comment_status":"closed","ping_status":"closed","template":"","meta":{"footnotes":""},"class_list":["post-4642","page","type-page","status-publish","hentry"],"_links":{"self":[{"href":"https:\/\/artconendustri.com\/tr\/wp-json\/wp\/v2\/pages\/4642","targetHints":{"allow":["GET"]}}],"collection":[{"href":"https:\/\/artconendustri.com\/tr\/wp-json\/wp\/v2\/pages"}],"about":[{"href":"https:\/\/artconendustri.com\/tr\/wp-json\/wp\/v2\/types\/page"}],"author":[{"embeddable":true,"href":"https:\/\/artconendustri.com\/tr\/wp-json\/wp\/v2\/users\/1"}],"replies":[{"embeddable":true,"href":"https:\/\/artconendustri.com\/tr\/wp-json\/wp\/v2\/comments?post=4642"}],"version-history":[{"count":13,"href":"https:\/\/artconendustri.com\/tr\/wp-json\/wp\/v2\/pages\/4642\/revisions"}],"predecessor-version":[{"id":5036,"href":"https:\/\/artconendustri.com\/tr\/wp-json\/wp\/v2\/pages\/4642\/revisions\/5036"}],"wp:attachment":[{"href":"https:\/\/artconendustri.com\/tr\/wp-json\/wp\/v2\/media?parent=4642"}],"curies":[{"name":"wp","href":"https:\/\/api.w.org\/{rel}","templated":true}]}}