{"id":4615,"date":"2023-08-21T13:03:23","date_gmt":"2023-08-21T13:03:23","guid":{"rendered":"https:\/\/artconendustri.com\/?page_id=4615"},"modified":"2023-10-11T14:43:01","modified_gmt":"2023-10-11T14:43:01","slug":"tumad-madencilik-micir-geri-besleme-sistemi","status":"publish","type":"page","link":"https:\/\/artconendustri.com\/tr\/tumad-madencilik-micir-geri-besleme-sistemi\/","title":{"rendered":"T\u00fcmad Madencilik, M\u0131c\u0131r Geri Besleme Sistemi"},"content":{"rendered":"\t\t<div data-elementor-type=\"wp-page\" data-elementor-id=\"4615\" class=\"elementor elementor-4615\" data-elementor-post-type=\"page\">\n\t\t\t\t\t\t<section class=\"elementor-section elementor-top-section elementor-element elementor-element-5d0e342 elementor-section-height-min-height elementor-section-boxed elementor-section-height-default elementor-section-items-middle\" data-id=\"5d0e342\" data-element_type=\"section\" data-e-type=\"section\">\n\t\t\t\t\t\t<div class=\"elementor-container elementor-column-gap-default\">\n\t\t\t\t\t<div class=\"elementor-column elementor-col-50 elementor-top-column elementor-element elementor-element-0eed059\" data-id=\"0eed059\" data-element_type=\"column\" data-e-type=\"column\">\n\t\t\t<div class=\"elementor-widget-wrap elementor-element-populated\">\n\t\t\t\t\t\t<div class=\"elementor-element elementor-element-28d8fd0 elementor-widget elementor-widget-text-editor\" data-id=\"28d8fd0\" data-element_type=\"widget\" data-e-type=\"widget\" data-widget_type=\"text-editor.default\">\n\t\t\t\t<div class=\"elementor-widget-container\">\n\t\t\t\t\t\t\t\t\t<p dir=\"ltr\">T\u00fcmad Madencilik\/ Lapseki tesisinde de\u011firmen tromel \u00fczeri m\u0131c\u0131r\u0131n de\u011firmene beslenmesine y\u00f6nelik sistem \u00e7\u00f6z\u00fcm\u00fc uygun bulunmu\u015f ve m\u00fchendislik hesaplar\u0131, 3D projelendirme, detay imalat projeleri, imalat, montaj ve devreye alma i\u015fleri tamamlanarak ve proje teslim edilmi\u015ftir. Proses kapsam\u0131 ekipmanlar \u015f\u00f6yledir:<\/p><p dir=\"ltr\"><ul><li>10 tph Susuzland\u0131rma Ele\u011fi<\/li><li>Elek \u00dcn\u00fc Pantolon \u015eut<\/li><li>B=500\u00d715 metre, 30 tph Elevat\u00f6r Besleme Konvey\u00f6r\u00fc<\/li><li>B=200\u00d79 metre, 30&nbsp; tph mc\u0131r elevat\u00f6r\u00fc<\/li><li>B=500\u00d73 metre Elevat\u00f6r \u00c7\u0131k\u0131\u015f, de\u011firmen besleme Konvey\u00f6r\u00fc<\/li><li>B=1000\u00d75 metre De\u011firmen Besleme Konvey\u00f6r\u00fc<\/li><li>Elek, Konvey\u00f6r, Elevat\u00f6r \u00c7elik Konstr\u00fcksiyon Platformlar\u0131<\/li><li>Muhtelif Hardox 450 kapl\u0131 \u015futlar<\/li><\/ul><\/p>\t\t\t\t\t\t\t\t<\/div>\n\t\t\t\t<\/div>\n\t\t\t\t\t<\/div>\n\t\t<\/div>\n\t\t\t\t<div class=\"elementor-column elementor-col-50 elementor-top-column elementor-element elementor-element-4cdce59\" data-id=\"4cdce59\" data-element_type=\"column\" data-e-type=\"column\">\n\t\t\t<div class=\"elementor-widget-wrap elementor-element-populated\">\n\t\t\t\t\t\t<div class=\"elementor-element elementor-element-6d1e039 elementor-widget elementor-widget-image\" data-id=\"6d1e039\" data-element_type=\"widget\" data-e-type=\"widget\" data-widget_type=\"image.default\">\n\t\t\t\t<div class=\"elementor-widget-container\">\n\t\t\t\t\t\t\t\t\t\t\t\t\t\t\t<img fetchpriority=\"high\" decoding=\"async\" width=\"800\" height=\"534\" src=\"https:\/\/artconendustri.com\/wp-content\/uploads\/2023\/08\/tumad-madencilik-micir-2-1024x683.jpg\" class=\"attachment-large size-large wp-image-4620\" alt=\"\" srcset=\"https:\/\/artconendustri.com\/wp-content\/uploads\/2023\/08\/tumad-madencilik-micir-2-1024x683.jpg 1024w, https:\/\/artconendustri.com\/wp-content\/uploads\/2023\/08\/tumad-madencilik-micir-2-300x200.jpg 300w, https:\/\/artconendustri.com\/wp-content\/uploads\/2023\/08\/tumad-madencilik-micir-2-768x512.jpg 768w, https:\/\/artconendustri.com\/wp-content\/uploads\/2023\/08\/tumad-madencilik-micir-2-1200x800.jpg 1200w, https:\/\/artconendustri.com\/wp-content\/uploads\/2023\/08\/tumad-madencilik-micir-2-460x307.jpg 460w, https:\/\/artconendustri.com\/wp-content\/uploads\/2023\/08\/tumad-madencilik-micir-2.jpg 1500w\" sizes=\"(max-width: 800px) 100vw, 800px\" \/>\t\t\t\t\t\t\t\t\t\t\t\t\t\t\t<\/div>\n\t\t\t\t<\/div>\n\t\t\t\t\t<\/div>\n\t\t<\/div>\n\t\t\t\t\t<\/div>\n\t\t<\/section>\n\t\t\t\t<section class=\"elementor-section elementor-top-section elementor-element elementor-element-823f62e elementor-section-boxed elementor-section-height-default elementor-section-height-default\" data-id=\"823f62e\" data-element_type=\"section\" data-e-type=\"section\">\n\t\t\t\t\t\t<div class=\"elementor-container elementor-column-gap-default\">\n\t\t\t\t\t<div class=\"elementor-column elementor-col-100 elementor-top-column elementor-element elementor-element-fd99e4a\" data-id=\"fd99e4a\" data-element_type=\"column\" data-e-type=\"column\">\n\t\t\t<div class=\"elementor-widget-wrap elementor-element-populated\">\n\t\t\t\t\t\t<div class=\"elementor-element elementor-element-eb43bf3 elementor-widget elementor-widget-heading\" data-id=\"eb43bf3\" data-element_type=\"widget\" data-e-type=\"widget\" data-widget_type=\"heading.default\">\n\t\t\t\t<div class=\"elementor-widget-container\">\n\t\t\t\t\t<h2 class=\"elementor-heading-title elementor-size-default\">Di\u011fer G\u00f6rseller<\/h2>\t\t\t\t<\/div>\n\t\t\t\t<\/div>\n\t\t\t\t<div class=\"elementor-element elementor-element-68cdf9b elementor-widget elementor-widget-gallery\" data-id=\"68cdf9b\" data-element_type=\"widget\" data-e-type=\"widget\" data-settings=\"{&quot;lazyload&quot;:&quot;yes&quot;,&quot;gallery_layout&quot;:&quot;grid&quot;,&quot;columns&quot;:4,&quot;columns_tablet&quot;:2,&quot;columns_mobile&quot;:1,&quot;gap&quot;:{&quot;unit&quot;:&quot;px&quot;,&quot;size&quot;:10,&quot;sizes&quot;:[]},&quot;gap_tablet&quot;:{&quot;unit&quot;:&quot;px&quot;,&quot;size&quot;:10,&quot;sizes&quot;:[]},&quot;gap_mobile&quot;:{&quot;unit&quot;:&quot;px&quot;,&quot;size&quot;:10,&quot;sizes&quot;:[]},&quot;link_to&quot;:&quot;file&quot;,&quot;aspect_ratio&quot;:&quot;3:2&quot;,&quot;overlay_background&quot;:&quot;yes&quot;,&quot;content_hover_animation&quot;:&quot;fade-in&quot;}\" data-widget_type=\"gallery.default\">\n\t\t\t\t<div class=\"elementor-widget-container\">\n\t\t\t\t\t\t\t<div class=\"elementor-gallery__container\">\n\t\t\t\t\t\t\t<a class=\"e-gallery-item elementor-gallery-item elementor-animated-content\" href=\"https:\/\/artconendustri.com\/wp-content\/uploads\/2023\/08\/tumad-madencilik-micir-1.jpg\" data-elementor-open-lightbox=\"yes\" data-elementor-lightbox-slideshow=\"68cdf9b\" data-elementor-lightbox-title=\"t\u00fcmad-madencilik-micir-1\" data-e-action-hash=\"#elementor-action%3Aaction%3Dlightbox%26settings%3DeyJpZCI6NDYxOSwidXJsIjoiaHR0cHM6XC9cL2FydGNvbmVuZHVzdHJpLmNvbVwvd3AtY29udGVudFwvdXBsb2Fkc1wvMjAyM1wvMDhcL3R1bWFkLW1hZGVuY2lsaWstbWljaXItMS5qcGciLCJzbGlkZXNob3ciOiI2OGNkZjliIn0%3D\">\n\t\t\t\t\t<div class=\"e-gallery-image elementor-gallery-item__image\" data-thumbnail=\"https:\/\/artconendustri.com\/wp-content\/uploads\/2023\/08\/tumad-madencilik-micir-1.jpg\" data-width=\"1500\" data-height=\"1000\" aria-label=\"\" role=\"img\" ><\/div>\n\t\t\t\t\t\t\t\t\t\t\t<div class=\"elementor-gallery-item__overlay\"><\/div>\n\t\t\t\t\t\t\t\t\t\t\t\t\t\t<\/a>\n\t\t\t\t\t\t\t<a class=\"e-gallery-item elementor-gallery-item elementor-animated-content\" href=\"https:\/\/artconendustri.com\/wp-content\/uploads\/2023\/08\/tumad-madencilik-micir.jpg\" data-elementor-open-lightbox=\"yes\" data-elementor-lightbox-slideshow=\"68cdf9b\" data-elementor-lightbox-title=\"t\u00fcmad-madencilik-micir\" data-e-action-hash=\"#elementor-action%3Aaction%3Dlightbox%26settings%3DeyJpZCI6NDYxOCwidXJsIjoiaHR0cHM6XC9cL2FydGNvbmVuZHVzdHJpLmNvbVwvd3AtY29udGVudFwvdXBsb2Fkc1wvMjAyM1wvMDhcL3R1bWFkLW1hZGVuY2lsaWstbWljaXIuanBnIiwic2xpZGVzaG93IjoiNjhjZGY5YiJ9\">\n\t\t\t\t\t<div class=\"e-gallery-image elementor-gallery-item__image\" data-thumbnail=\"https:\/\/artconendustri.com\/wp-content\/uploads\/2023\/08\/tumad-madencilik-micir.jpg\" data-width=\"1500\" data-height=\"1000\" aria-label=\"\" role=\"img\" ><\/div>\n\t\t\t\t\t\t\t\t\t\t\t<div class=\"elementor-gallery-item__overlay\"><\/div>\n\t\t\t\t\t\t\t\t\t\t\t\t\t\t<\/a>\n\t\t\t\t\t\t\t<a class=\"e-gallery-item elementor-gallery-item elementor-animated-content\" href=\"https:\/\/artconendustri.com\/wp-content\/uploads\/2023\/08\/tumad-madencilik-micir-3.jpg\" data-elementor-open-lightbox=\"yes\" data-elementor-lightbox-slideshow=\"68cdf9b\" data-elementor-lightbox-title=\"t\u00fcmad-madencilik-micir-3\" data-e-action-hash=\"#elementor-action%3Aaction%3Dlightbox%26settings%3DeyJpZCI6NDk1MSwidXJsIjoiaHR0cHM6XC9cL2FydGNvbmVuZHVzdHJpLmNvbVwvd3AtY29udGVudFwvdXBsb2Fkc1wvMjAyM1wvMDhcL3R1bWFkLW1hZGVuY2lsaWstbWljaXItMy5qcGciLCJzbGlkZXNob3ciOiI2OGNkZjliIn0%3D\">\n\t\t\t\t\t<div class=\"e-gallery-image elementor-gallery-item__image\" data-thumbnail=\"https:\/\/artconendustri.com\/wp-content\/uploads\/2023\/08\/tumad-madencilik-micir-3.jpg\" data-width=\"1500\" data-height=\"1000\" aria-label=\"\" role=\"img\" ><\/div>\n\t\t\t\t\t\t\t\t\t\t\t<div class=\"elementor-gallery-item__overlay\"><\/div>\n\t\t\t\t\t\t\t\t\t\t\t\t\t\t<\/a>\n\t\t\t\t\t\t\t<a class=\"e-gallery-item elementor-gallery-item elementor-animated-content\" href=\"https:\/\/artconendustri.com\/wp-content\/uploads\/2023\/10\/tumad-madencilik-micir-4.png\" data-elementor-open-lightbox=\"yes\" data-elementor-lightbox-slideshow=\"68cdf9b\" data-elementor-lightbox-title=\"t\u00fcmad-madencilik-micir-4\" data-e-action-hash=\"#elementor-action%3Aaction%3Dlightbox%26settings%3DeyJpZCI6NTQ4OCwidXJsIjoiaHR0cHM6XC9cL2FydGNvbmVuZHVzdHJpLmNvbVwvd3AtY29udGVudFwvdXBsb2Fkc1wvMjAyM1wvMTBcL3R1bWFkLW1hZGVuY2lsaWstbWljaXItNC5wbmciLCJzbGlkZXNob3ciOiI2OGNkZjliIn0%3D\">\n\t\t\t\t\t<div class=\"e-gallery-image elementor-gallery-item__image\" data-thumbnail=\"https:\/\/artconendustri.com\/wp-content\/uploads\/2023\/10\/tumad-madencilik-micir-4.png\" data-width=\"512\" data-height=\"491\" aria-label=\"\" role=\"img\" ><\/div>\n\t\t\t\t\t\t\t\t\t\t\t<div class=\"elementor-gallery-item__overlay\"><\/div>\n\t\t\t\t\t\t\t\t\t\t\t\t\t\t<\/a>\n\t\t\t\t\t<\/div>\n\t\t\t\t\t<\/div>\n\t\t\t\t<\/div>\n\t\t\t\t\t<\/div>\n\t\t<\/div>\n\t\t\t\t\t<\/div>\n\t\t<\/section>\n\t\t\t\t<\/div>\n\t\t","protected":false},"excerpt":{"rendered":"<p>T\u00fcmad Madencilik\/ Lapseki tesisinde de\u011firmen tromel \u00fczeri m\u0131c\u0131r\u0131n de\u011firmene beslenmesine y\u00f6nelik sistem \u00e7\u00f6z\u00fcm\u00fc uygun bulunmu\u015f ve m\u00fchendislik hesaplar\u0131, 3D projelendirme, detay imalat projeleri, imalat, montaj ve devreye alma i\u015fleri tamamlanarak ve proje teslim edilmi\u015ftir. Proses kapsam\u0131 ekipmanlar \u015f\u00f6yledir: 10 tph Susuzland\u0131rma Ele\u011fi Elek \u00dcn\u00fc Pantolon \u015eut B=500\u00d715 metre, 30 tph Elevat\u00f6r Besleme Konvey\u00f6r\u00fc B=200\u00d79 metre, [&hellip;]<\/p>\n","protected":false},"author":1,"featured_media":0,"parent":0,"menu_order":0,"comment_status":"closed","ping_status":"closed","template":"","meta":{"footnotes":""},"class_list":["post-4615","page","type-page","status-publish","hentry"],"_links":{"self":[{"href":"https:\/\/artconendustri.com\/tr\/wp-json\/wp\/v2\/pages\/4615","targetHints":{"allow":["GET"]}}],"collection":[{"href":"https:\/\/artconendustri.com\/tr\/wp-json\/wp\/v2\/pages"}],"about":[{"href":"https:\/\/artconendustri.com\/tr\/wp-json\/wp\/v2\/types\/page"}],"author":[{"embeddable":true,"href":"https:\/\/artconendustri.com\/tr\/wp-json\/wp\/v2\/users\/1"}],"replies":[{"embeddable":true,"href":"https:\/\/artconendustri.com\/tr\/wp-json\/wp\/v2\/comments?post=4615"}],"version-history":[{"count":33,"href":"https:\/\/artconendustri.com\/tr\/wp-json\/wp\/v2\/pages\/4615\/revisions"}],"predecessor-version":[{"id":5491,"href":"https:\/\/artconendustri.com\/tr\/wp-json\/wp\/v2\/pages\/4615\/revisions\/5491"}],"wp:attachment":[{"href":"https:\/\/artconendustri.com\/tr\/wp-json\/wp\/v2\/media?parent=4615"}],"curies":[{"name":"wp","href":"https:\/\/api.w.org\/{rel}","templated":true}]}}