{"id":4247,"date":"2023-07-01T09:13:36","date_gmt":"2023-07-01T09:13:36","guid":{"rendered":"https:\/\/artconendustri.com\/?page_id=4247"},"modified":"2024-12-31T09:24:49","modified_gmt":"2024-12-31T09:24:49","slug":"misyon-vizyon","status":"publish","type":"page","link":"https:\/\/artconendustri.com\/tr\/misyon-vizyon\/","title":{"rendered":"Misyon &#038; Vizyon"},"content":{"rendered":"\t\t<div data-elementor-type=\"wp-page\" data-elementor-id=\"4247\" class=\"elementor elementor-4247\" data-elementor-post-type=\"page\">\n\t\t\t\t\t\t<section class=\"elementor-section elementor-top-section elementor-element elementor-element-907ccfe elementor-section-boxed elementor-section-height-default elementor-section-height-default\" data-id=\"907ccfe\" data-element_type=\"section\" data-e-type=\"section\">\n\t\t\t\t\t\t<div class=\"elementor-container elementor-column-gap-default\">\n\t\t\t\t\t<div class=\"elementor-column elementor-col-100 elementor-top-column elementor-element elementor-element-37e3a52\" data-id=\"37e3a52\" data-element_type=\"column\" data-e-type=\"column\">\n\t\t\t<div class=\"elementor-widget-wrap elementor-element-populated\">\n\t\t\t\t\t\t<div class=\"elementor-element elementor-element-6244698 elementor-widget elementor-widget-heading\" data-id=\"6244698\" data-element_type=\"widget\" data-e-type=\"widget\" data-widget_type=\"heading.default\">\n\t\t\t\t<div class=\"elementor-widget-container\">\n\t\t\t\t\t<h1 class=\"elementor-heading-title elementor-size-default\">Misyon &amp; Vizyon<\/h1>\t\t\t\t<\/div>\n\t\t\t\t<\/div>\n\t\t\t\t\t<\/div>\n\t\t<\/div>\n\t\t\t\t\t<\/div>\n\t\t<\/section>\n\t\t\t\t<section class=\"elementor-section elementor-top-section elementor-element elementor-element-5d3b764 elementor-section-boxed elementor-section-height-default elementor-section-height-default\" data-id=\"5d3b764\" data-element_type=\"section\" data-e-type=\"section\">\n\t\t\t\t\t\t<div class=\"elementor-container elementor-column-gap-default\">\n\t\t\t\t\t<div class=\"elementor-column elementor-col-50 elementor-top-column elementor-element elementor-element-9f3c4ba\" data-id=\"9f3c4ba\" data-element_type=\"column\" data-e-type=\"column\">\n\t\t\t<div class=\"elementor-widget-wrap elementor-element-populated\">\n\t\t\t\t\t\t<div class=\"elementor-element elementor-element-c8ef60a elementor-widget__width-initial elementor-widget elementor-widget-image\" data-id=\"c8ef60a\" data-element_type=\"widget\" data-e-type=\"widget\" data-widget_type=\"image.default\">\n\t\t\t\t<div class=\"elementor-widget-container\">\n\t\t\t\t\t\t\t\t\t\t\t\t\t\t\t<img fetchpriority=\"high\" decoding=\"async\" width=\"800\" height=\"534\" src=\"https:\/\/artconendustri.com\/wp-content\/uploads\/2023\/07\/artcon-misyon-vizyon-2-1024x684.jpg\" class=\"attachment-large size-large wp-image-4249\" alt=\"\" srcset=\"https:\/\/artconendustri.com\/wp-content\/uploads\/2023\/07\/artcon-misyon-vizyon-2-1024x684.jpg 1024w, https:\/\/artconendustri.com\/wp-content\/uploads\/2023\/07\/artcon-misyon-vizyon-2-300x200.jpg 300w, https:\/\/artconendustri.com\/wp-content\/uploads\/2023\/07\/artcon-misyon-vizyon-2-768x513.jpg 768w, https:\/\/artconendustri.com\/wp-content\/uploads\/2023\/07\/artcon-misyon-vizyon-2-1536x1025.jpg 1536w, https:\/\/artconendustri.com\/wp-content\/uploads\/2023\/07\/artcon-misyon-vizyon-2-2048x1367.jpg 2048w, https:\/\/artconendustri.com\/wp-content\/uploads\/2023\/07\/artcon-misyon-vizyon-2-1200x800.jpg 1200w, https:\/\/artconendustri.com\/wp-content\/uploads\/2023\/07\/artcon-misyon-vizyon-2-460x307.jpg 460w\" sizes=\"(max-width: 800px) 100vw, 800px\" \/>\t\t\t\t\t\t\t\t\t\t\t\t\t\t\t<\/div>\n\t\t\t\t<\/div>\n\t\t\t\t\t<\/div>\n\t\t<\/div>\n\t\t\t\t<div class=\"elementor-column elementor-col-50 elementor-top-column elementor-element elementor-element-20d8937\" data-id=\"20d8937\" data-element_type=\"column\" data-e-type=\"column\">\n\t\t\t<div class=\"elementor-widget-wrap elementor-element-populated\">\n\t\t\t\t\t\t<div class=\"elementor-element elementor-element-5c9ce4d elementor-widget elementor-widget-text-editor\" data-id=\"5c9ce4d\" data-element_type=\"widget\" data-e-type=\"widget\" data-widget_type=\"text-editor.default\">\n\t\t\t\t<div class=\"elementor-widget-container\">\n\t\t\t\t\t\t\t\t\t<p>Artcon End\u00fcstri olarak,<\/p>\n<p><b>Misyonumuz:<\/b><span style=\"font-weight: 400;\"> Sekt\u00f6rdeki deneyimimizi, h\u0131zl\u0131 d\u00fc\u015f\u00fcnen ve eyleme ge\u00e7en bir ekip ile birle\u015ftirerek, i\u015f ortaklar\u0131m\u0131z i\u00e7in en do\u011fru m\u00fchendislik ve taahh\u00fct hizmetlerini en h\u0131zl\u0131 ve ekonomik \u015fekilde sunmakt\u0131r.<\/span><\/p>\n<p><b>Vizyonumuz:<\/b><span style=\"font-weight: 400;\"> \u00dclke ekonomisine katk\u0131 sa\u011flaman\u0131n yan\u0131 s\u0131ra, gen\u00e7 yeteneklere f\u0131rsatlar yaratmay\u0131 hedefleyerek, b\u00f6lgemizde sekt\u00f6rel ihtiya\u00e7lar\u0131 kar\u015f\u0131layan \u00f6nc\u00fc bir kurulu\u015f olmak istiyoruz. \u00d6zg\u00fcn yakla\u015f\u0131m\u0131m\u0131z ve yenilik\u00e7i \u00e7\u00f6z\u00fcm anlay\u0131\u015f\u0131m\u0131zla sekt\u00f6rde ileriye y\u00f6nelik y\u00f6n \u00e7iziyoruz.<\/span><\/p>\t\t\t\t\t\t\t\t<\/div>\n\t\t\t\t<\/div>\n\t\t\t\t\t<\/div>\n\t\t<\/div>\n\t\t\t\t\t<\/div>\n\t\t<\/section>\n\t\t\t\t<\/div>\n\t\t","protected":false},"excerpt":{"rendered":"<p>Misyon &amp; Vizyon Artcon End\u00fcstri olarak, Misyonumuz: Sekt\u00f6rdeki deneyimimizi, h\u0131zl\u0131 d\u00fc\u015f\u00fcnen ve eyleme ge\u00e7en bir ekip ile birle\u015ftirerek, i\u015f ortaklar\u0131m\u0131z i\u00e7in en do\u011fru m\u00fchendislik ve taahh\u00fct hizmetlerini en h\u0131zl\u0131 ve ekonomik \u015fekilde sunmakt\u0131r. Vizyonumuz: \u00dclke ekonomisine katk\u0131 sa\u011flaman\u0131n yan\u0131 s\u0131ra, gen\u00e7 yeteneklere f\u0131rsatlar yaratmay\u0131 hedefleyerek, b\u00f6lgemizde sekt\u00f6rel ihtiya\u00e7lar\u0131 kar\u015f\u0131layan \u00f6nc\u00fc bir kurulu\u015f olmak istiyoruz. \u00d6zg\u00fcn [&hellip;]<\/p>\n","protected":false},"author":1,"featured_media":4250,"parent":0,"menu_order":0,"comment_status":"closed","ping_status":"closed","template":"","meta":{"footnotes":""},"class_list":["post-4247","page","type-page","status-publish","has-post-thumbnail","hentry"],"_links":{"self":[{"href":"https:\/\/artconendustri.com\/tr\/wp-json\/wp\/v2\/pages\/4247","targetHints":{"allow":["GET"]}}],"collection":[{"href":"https:\/\/artconendustri.com\/tr\/wp-json\/wp\/v2\/pages"}],"about":[{"href":"https:\/\/artconendustri.com\/tr\/wp-json\/wp\/v2\/types\/page"}],"author":[{"embeddable":true,"href":"https:\/\/artconendustri.com\/tr\/wp-json\/wp\/v2\/users\/1"}],"replies":[{"embeddable":true,"href":"https:\/\/artconendustri.com\/tr\/wp-json\/wp\/v2\/comments?post=4247"}],"version-history":[{"count":21,"href":"https:\/\/artconendustri.com\/tr\/wp-json\/wp\/v2\/pages\/4247\/revisions"}],"predecessor-version":[{"id":5645,"href":"https:\/\/artconendustri.com\/tr\/wp-json\/wp\/v2\/pages\/4247\/revisions\/5645"}],"wp:featuredmedia":[{"embeddable":true,"href":"https:\/\/artconendustri.com\/tr\/wp-json\/wp\/v2\/media\/4250"}],"wp:attachment":[{"href":"https:\/\/artconendustri.com\/tr\/wp-json\/wp\/v2\/media?parent=4247"}],"curies":[{"name":"wp","href":"https:\/\/api.w.org\/{rel}","templated":true}]}}