{"id":4236,"date":"2023-07-01T08:55:03","date_gmt":"2023-07-01T08:55:03","guid":{"rendered":"https:\/\/artconendustri.com\/?page_id=4236"},"modified":"2024-12-31T09:24:44","modified_gmt":"2024-12-31T09:24:44","slug":"referanslarimiz","status":"publish","type":"page","link":"https:\/\/artconendustri.com\/tr\/referanslarimiz\/","title":{"rendered":"Referanslar\u0131m\u0131z"},"content":{"rendered":"\t\t<div data-elementor-type=\"wp-page\" data-elementor-id=\"4236\" class=\"elementor elementor-4236\" data-elementor-post-type=\"page\">\n\t\t\t\t\t\t<section class=\"elementor-section elementor-top-section elementor-element elementor-element-75de3d8 elementor-section-boxed elementor-section-height-default elementor-section-height-default\" data-id=\"75de3d8\" data-element_type=\"section\" data-e-type=\"section\">\n\t\t\t\t\t\t<div class=\"elementor-container elementor-column-gap-default\">\n\t\t\t\t\t<div class=\"elementor-column elementor-col-100 elementor-top-column elementor-element elementor-element-cbcec61\" data-id=\"cbcec61\" data-element_type=\"column\" data-e-type=\"column\">\n\t\t\t<div class=\"elementor-widget-wrap elementor-element-populated\">\n\t\t\t\t\t\t<div class=\"elementor-element elementor-element-6f713e7 elementor-widget elementor-widget-heading\" data-id=\"6f713e7\" data-element_type=\"widget\" data-e-type=\"widget\" data-widget_type=\"heading.default\">\n\t\t\t\t<div class=\"elementor-widget-container\">\n\t\t\t\t\t<h1 class=\"elementor-heading-title elementor-size-default\">Referanslar\u0131m\u0131z<\/h1>\t\t\t\t<\/div>\n\t\t\t\t<\/div>\n\t\t\t\t\t<\/div>\n\t\t<\/div>\n\t\t\t\t\t<\/div>\n\t\t<\/section>\n\t\t\t\t<section class=\"elementor-section elementor-top-section elementor-element elementor-element-37d64b9 elementor-section-boxed elementor-section-height-default elementor-section-height-default\" data-id=\"37d64b9\" data-element_type=\"section\" data-e-type=\"section\">\n\t\t\t\t\t\t<div class=\"elementor-container elementor-column-gap-default\">\n\t\t\t\t\t<div class=\"elementor-column elementor-col-100 elementor-top-column elementor-element elementor-element-c93f60a\" data-id=\"c93f60a\" data-element_type=\"column\" data-e-type=\"column\">\n\t\t\t<div class=\"elementor-widget-wrap elementor-element-populated\">\n\t\t\t\t\t\t<div class=\"elementor-element elementor-element-c43100f elementor-widget elementor-widget-shortcode\" data-id=\"c43100f\" data-element_type=\"widget\" data-e-type=\"widget\" data-widget_type=\"shortcode.default\">\n\t\t\t\t<div class=\"elementor-widget-container\">\n\t\t\t\t\t\t\t<div class=\"elementor-shortcode\">\n<table id=\"tablepress-3\" class=\"tablepress tablepress-id-3\">\n<thead>\n<tr class=\"row-1\">\n\t<th class=\"column-1\">S\/N<\/th><th class=\"column-2\">F\u0130RMA<\/th><th class=\"column-3\">PROJE TANIMI<\/th><th class=\"column-4\">PROJE LOKASYONU<br \/>\n<\/th><th class=\"column-5\">TAMAMLANMA DURUMU<\/th>\n<\/tr>\n<\/thead>\n<tbody class=\"row-striping row-hover\">\n<tr class=\"row-2\">\n\t<td class=\"column-1\">1<\/td><td class=\"column-2\">MARMARA CAM SANAY\u0130\u0130<\/td><td class=\"column-3\">50 ton\/g\u00fcn Harman Nakil Sistemi<\/td><td class=\"column-4\">Ergene\/Tekirda\u011f<\/td><td class=\"column-5\">TAMAMLANDI<\/td>\n<\/tr>\n<tr class=\"row-3\">\n\t<td class=\"column-1\">2<\/td><td class=\"column-2\">\u00d6ZDO\u011eU SARP \u0130N\u015eAAT A.\u015e.<\/td><td class=\"column-3\">Kaolen tesisi-\u00c7elik Konstr\u00fcksiyon Proses Binas\u0131<\/td><td class=\"column-4\">Ukrayna<\/td><td class=\"column-5\">TAMAMLANDI<\/td>\n<\/tr>\n<tr class=\"row-4\">\n\t<td class=\"column-1\">3<\/td><td class=\"column-2\">YILMAZ PROSES TEKNOLOJ\u0130LER\u0130 LTD. \u015eT\u0130.<\/td><td class=\"column-3\">Eti Bak\u0131r A.\u015e. De\u011firmen besleme ve Elek \u015futlar\u0131<\/td><td class=\"column-4\">Samsun<\/td><td class=\"column-5\">TAMAMLANDI<\/td>\n<\/tr>\n<tr class=\"row-5\">\n\t<td class=\"column-1\">4<\/td><td class=\"column-2\">B\u0130R\u0130K\u0130M M\u00dcHEND\u0130SL\u0130K.LTD. \u015eT\u0130<\/td><td class=\"column-3\">Kazan Soda \/ Zincirli Konvey\u00f6r projelendirme \u0130\u015fi<\/td><td class=\"column-4\">Kazan\/Ankara<\/td><td class=\"column-5\">TAMAMLANDI<\/td>\n<\/tr>\n<tr class=\"row-6\">\n\t<td class=\"column-1\">5<\/td><td class=\"column-2\">\u00d6ZDO\u011eU SARP \u0130N\u015eAAT A.\u015e.<\/td><td class=\"column-3\">Hortum Kaplin \u0130malatlar\u0131<\/td><td class=\"column-4\">Ukrayna<\/td><td class=\"column-5\">TAMAMLANDI<\/td>\n<\/tr>\n<tr class=\"row-7\">\n\t<td class=\"column-1\">6<\/td><td class=\"column-2\">\u00d6ZDO\u011eU SARP \u0130N\u015eAAT A.\u015e.<\/td><td class=\"column-3\">Kaolen tesisi-\u00c7elik Konstr\u00fcksiyon Stok Binas\u0131<\/td><td class=\"column-4\">Ukrayna<\/td><td class=\"column-5\">TAMAMLANDI<\/td>\n<\/tr>\n<tr class=\"row-8\">\n\t<td class=\"column-1\">7<\/td><td class=\"column-2\">\u00d6ZDO\u011eU SARP \u0130N\u015eAAT A.\u015e.<\/td><td class=\"column-3\">Flotasyon Tanklar\u0131-\u00c7\u00f6keltme Tanklar\u0131-Tikiner-Kondisyonel Tanklar\u0131-Su tank\u0131 imalatlar\u0131<\/td><td class=\"column-4\">Ukrayna<\/td><td class=\"column-5\">TAMAMLANDI<\/td>\n<\/tr>\n<tr class=\"row-9\">\n\t<td class=\"column-1\">8<\/td><td class=\"column-2\">\u00d6ZDO\u011eU SARP \u0130N\u015eAAT A.\u015e.<\/td><td class=\"column-3\">Kaplama Aklsesuar ve Bina Ankraj Projeleri<\/td><td class=\"column-4\">Ukrayna<\/td><td class=\"column-5\">TAMAMLANDI<\/td>\n<\/tr>\n<tr class=\"row-10\">\n\t<td class=\"column-1\">9<\/td><td class=\"column-2\">\u00d6ZDO\u011eU SARP \u0130N\u015eAAT A.\u015e.<\/td><td class=\"column-3\">Proses Binas\u0131 52 metre uzat\u0131lmas\u0131 ve Ek Bina \u0130malat\u0131<\/td><td class=\"column-4\">Ukrayna<\/td><td class=\"column-5\">TAMAMLANDI<\/td>\n<\/tr>\n<tr class=\"row-11\">\n\t<td class=\"column-1\">10<\/td><td class=\"column-2\">YILMAZ PROSES TEKNOLOJ\u0130LER\u0130 LTD. \u015eT\u0130.<\/td><td class=\"column-3\">T\u00fcmad Madencilik-Lapseki Alt\u0131n Madeni \/ M\u0131c\u0131r Geri Besleme sistemi<\/td><td class=\"column-4\">Lapseki\/\u00c7anakkele<\/td><td class=\"column-5\">TAMAMLANDI<\/td>\n<\/tr>\n<tr class=\"row-12\">\n\t<td class=\"column-1\">11<\/td><td class=\"column-2\">C\u0130NASO\u011eLU GROUP<\/td><td class=\"column-3\">Ba\u011ffa\u015f\/band\u0131rma Tesisi Triper Konvey\u00f6r imalat ve Montaj i\u015fleri<\/td><td class=\"column-4\">Band\u0131rma \/ Bal\u0131kesir<\/td><td class=\"column-5\">TAMAMLANDI<\/td>\n<\/tr>\n<tr class=\"row-13\">\n\t<td class=\"column-1\">12<\/td><td class=\"column-2\">\u00d6ZDO\u011eU SARP \u0130N\u015eAAT A.\u015e.<\/td><td class=\"column-3\">95 Ton \u00c7elik Bina imalat\u0131 + Y\u00fckleme Bunkeri+2 adet kopnv. \u0130malat\u0131<\/td><td class=\"column-4\">Ukrayna<\/td><td class=\"column-5\">ASKIYA ALINDI<\/td>\n<\/tr>\n<tr class=\"row-14\">\n\t<td class=\"column-1\">13<\/td><td class=\"column-2\">G\u00dcRAL CAM AMBALAJ<\/td><td class=\"column-3\">Batch Charger Tekne \u0130malat\u0131<\/td><td class=\"column-4\">K\u00fctahya<\/td><td class=\"column-5\">TAMAMLANDI<\/td>\n<\/tr>\n<tr class=\"row-15\">\n\t<td class=\"column-1\">14<\/td><td class=\"column-2\">B\u0130R\u0130K\u0130M M\u00dcHEND\u0130SL\u0130K.LTD. \u015eT\u0130<\/td><td class=\"column-3\">Atlas Enerji K\u00f6m\u00fcr Besleme Sistemi<\/td><td class=\"column-4\">\u0130skenderun<\/td><td class=\"column-5\">TAMAMLANDI<\/td>\n<\/tr>\n<tr class=\"row-16\">\n\t<td class=\"column-1\">15<\/td><td class=\"column-2\">YILMAZ PROSES TEKNOLOJ\u0130LER\u0130 LTD. \u015eT\u0130.<\/td><td class=\"column-3\">Eti Bak\u0131r A.\u015e. Otojen De\u011firmen D\u00f6k\u00fc\u015f Pantolon \u015eutu<\/td><td class=\"column-4\">Samsun<\/td><td class=\"column-5\">TAMAMLANDI<\/td>\n<\/tr>\n<tr class=\"row-17\">\n\t<td class=\"column-1\">16<\/td><td class=\"column-2\">C\u0130NASO\u011eLU GROUP<\/td><td class=\"column-3\">Z\u0130NC\u0130RL\u0130 ELEVAT\u00d6R CASING IMALATI \/ ERDEMIR MADENC\u0130L\u0130K + \u0130lave i\u015fler(TL)<\/td><td class=\"column-4\">Ere\u011fli \/ ZONGULDAK<\/td><td class=\"column-5\">TAMAMLANDI<\/td>\n<\/tr>\n<tr class=\"row-18\">\n\t<td class=\"column-1\">17<\/td><td class=\"column-2\">YILMAZ PROSES TEKNOLOJ\u0130LER\u0130 LTD. \u015eT\u0130.<\/td><td class=\"column-3\">3 ADET 5m T\u0130K\u0130NER \u0130MALATI<\/td><td class=\"column-4\">ANKARA<\/td><td class=\"column-5\">TAMAMLANDI<\/td>\n<\/tr>\n<tr class=\"row-19\">\n\t<td class=\"column-1\">18<\/td><td class=\"column-2\">B\u0130R\u0130K\u0130M M\u00dcHEND\u0130SL\u0130K.LTD. \u015eT\u0130<\/td><td class=\"column-3\">B=1200x93 metre Triper Konvey\u00f6r \u0130malat\u0131<\/td><td class=\"column-4\">RUSYA<\/td><td class=\"column-5\">TAMAMLANDI<\/td>\n<\/tr>\n<tr class=\"row-20\">\n\t<td class=\"column-1\">19<\/td><td class=\"column-2\">G\u00dcROK TUR\u0130ZM A.\u015e. (GCA)<\/td><td class=\"column-3\">ELEVAT\u00d6R ALT G\u00d6VDE VE BESLEME \u015eUTU \u0130MALATI<\/td><td class=\"column-4\">K\u00dcTAHYA<\/td><td class=\"column-5\">TAMAMLANDI<\/td>\n<\/tr>\n<tr class=\"row-21\">\n\t<td class=\"column-1\">20<\/td><td class=\"column-2\">YILMAZ PROSES TEKNOLOJ\u0130LER\u0130 LTD. \u015eT\u0130.<\/td><td class=\"column-3\">1800m3 MOD\u00dcLER TANK \u0130MALATI-\u0130MALAT \u0130\u015e\u00c7\u0130L\u0130\u011e\u0130<\/td><td class=\"column-4\">AZERBAYCAN<\/td><td class=\"column-5\">TAMAMLANDI<\/td>\n<\/tr>\n<tr class=\"row-22\">\n\t<td class=\"column-1\">21<\/td><td class=\"column-2\">ANTEK MAK\u0130NA<\/td><td class=\"column-3\">B=1400x21m KONVEY\u00d6R \u00c7EL\u0130\u011e\u0130 \u0130MALATI<\/td><td class=\"column-4\">KASTAMONU<\/td><td class=\"column-5\">TAMAMLANDI<\/td>\n<\/tr>\n<tr class=\"row-23\">\n\t<td class=\"column-1\">22<\/td><td class=\"column-2\">YILMAZ PROSES TEKNOLOJ\u0130LER\u0130 LTD. \u015eT\u0130.<\/td><td class=\"column-3\">ELEK YAN DUVAR TAD\u0130LAT \/AKSU MADENC\u0130L\u0130K<\/td><td class=\"column-4\">S\u0130VAS<\/td><td class=\"column-5\">TAMAMLANDI<\/td>\n<\/tr>\n<tr class=\"row-24\">\n\t<td class=\"column-1\">23<\/td><td class=\"column-2\">C\u0130NASO\u011eLU GROUP<\/td><td class=\"column-3\">BELT BUCKET ELEVATOR CASING FABRICATION<\/td><td class=\"column-4\">N\u0130KARAGUA<\/td><td class=\"column-5\">TAMAMLANDI<\/td>\n<\/tr>\n<tr class=\"row-25\">\n\t<td class=\"column-1\">24<\/td><td class=\"column-2\">MARMARA CAM<\/td><td class=\"column-3\">CAM KIRI\u011eI GER\u0130 D\u00d6N\u00dc\u015e S\u0130STEM\u0130<\/td><td class=\"column-4\">TEK\u0130RDA\u011e<\/td><td class=\"column-5\">TAMAMLANDI<\/td>\n<\/tr>\n<tr class=\"row-26\">\n\t<td class=\"column-1\">25<\/td><td class=\"column-2\">C\u0130NASO\u011eLU GROUP<\/td><td class=\"column-3\">ELEVAT\u00d6R KOVASI<\/td><td class=\"column-4\">G\u00dcNEY AMER\u0130KA<\/td><td class=\"column-5\">TAMAMLANDI<\/td>\n<\/tr>\n<tr class=\"row-27\">\n\t<td class=\"column-1\">26<\/td><td class=\"column-2\">TURMENKA MADENC\u0130L\u0130K<\/td><td class=\"column-3\">\u00c7EL\u0130K B\u0130NA \u0130MALAT MONTAJ VE KAPLAMA TEKL\u0130F\u0130-EK\u0130PMAN MONTAJ TEKL\u0130F\u0130<\/td><td class=\"column-4\">KOYULH\u0130SAR\/S\u0130VAS<\/td><td class=\"column-5\">TAMAMLANDI<\/td>\n<\/tr>\n<tr class=\"row-28\">\n\t<td class=\"column-1\">27<\/td><td class=\"column-2\">MARMARA CAM SANAY\u0130\u0130<\/td><td class=\"column-3\">3 KATLI ELEK VE Y\u00dcKLEME BUNKER\u0130<\/td><td class=\"column-4\">TEK\u0130RDA\u011e<\/td><td class=\"column-5\">TAMAMLANDI<\/td>\n<\/tr>\n<tr class=\"row-29\">\n\t<td class=\"column-1\">28<\/td><td class=\"column-2\">TURMENKA MADENC\u0130L\u0130K<\/td><td class=\"column-3\">KIRICI B\u00d6LGES\u0130 Y\u00dcKLEME BUNKER\u0130 VE PLATFORM \u0130MALATLARI<\/td><td class=\"column-4\">KOYULH\u0130SAR\/S\u0130VAS<\/td><td class=\"column-5\">TAMAMLANDI<\/td>\n<\/tr>\n<tr class=\"row-30\">\n\t<td class=\"column-1\">29<\/td><td class=\"column-2\">C\u0130NASO\u011eLU GROUP<\/td><td class=\"column-3\">\u015e\u0130\u015eECAM-TRAKYA CAM FABR\u0130KASI S\u0130LO BUNKER \u0130MALATLARI<\/td><td class=\"column-4\">KIRKLAREL\u0130<\/td><td class=\"column-5\">TAMAMLANDI<\/td>\n<\/tr>\n<tr class=\"row-31\">\n\t<td class=\"column-1\">30<\/td><td class=\"column-2\">\u00d6ZDO\u011eU SARP \u0130N\u015eAAT A.\u015e.<\/td><td class=\"column-3\">FABR\u0130KA YANGIN MERD\u0130VEN\u0130 VE JENERAT\u00d6R ODASI \u0130MALAT VE MONTAJI<\/td><td class=\"column-4\">ANKARA<\/td><td class=\"column-5\">TAMAMLANDI<\/td>\n<\/tr>\n<tr class=\"row-32\">\n\t<td class=\"column-1\">31<\/td><td class=\"column-2\">ANTEK MAK\u0130NA<\/td><td class=\"column-3\">SURGE TANK AG\u0130DATOR<\/td><td class=\"column-4\">KASTAMONU<\/td><td class=\"column-5\">TAMAMLANDI<\/td>\n<\/tr>\n<tr class=\"row-33\">\n\t<td class=\"column-1\">32<\/td><td class=\"column-2\">YILMAZ PROSES TEKNOLOJ\u0130LER\u0130 LTD. \u015eT\u0130.<\/td><td class=\"column-3\">AZERGOLD PROJES\u0130 KONVEYR MEKAN\u0130K \u0130MALATLARI<\/td><td class=\"column-4\">AZERBAYCAN<\/td><td class=\"column-5\">TAMAMLANDI<\/td>\n<\/tr>\n<tr class=\"row-34\">\n\t<td class=\"column-1\">33<\/td><td class=\"column-2\">ANTEK MAK\u0130NA<\/td><td class=\"column-3\">BORU SUPPORT \u0130MALATLARI<\/td><td class=\"column-4\">KASTAMONU<\/td><td class=\"column-5\">TAMAMLANDI<\/td>\n<\/tr>\n<tr class=\"row-35\">\n\t<td class=\"column-1\">34<\/td><td class=\"column-2\">TURMENKA MADENC\u0130L\u0130K<\/td><td class=\"column-3\">B=800x21 metre KONVEY\u00d6R \u0130MALATI<\/td><td class=\"column-4\">KOYULH\u0130SAR\/S\u0130VAS<\/td><td class=\"column-5\">TAMAMLANDI<\/td>\n<\/tr>\n<tr class=\"row-36\">\n\t<td class=\"column-1\">35<\/td><td class=\"column-2\">ANTEK MAK\u0130NA<\/td><td class=\"column-3\">BORU K\u00d6PR\u00dcS\u00dc \u0130MALATLAr\u0131 ve MONTAJI<\/td><td class=\"column-4\">KASTAMONU<\/td><td class=\"column-5\">TAMAMLANDI<\/td>\n<\/tr>\n<tr class=\"row-37\">\n\t<td class=\"column-1\">36<\/td><td class=\"column-2\">ANTEK MAK\u0130NA<\/td><td class=\"column-3\">T\u0130K\u0130NER OVERFLOW HATTI \u0130MALATLARI<\/td><td class=\"column-4\">KASTAMONU<\/td><td class=\"column-5\">TAMAMLANDI<\/td>\n<\/tr>\n<tr class=\"row-38\">\n\t<td class=\"column-1\">37<\/td><td class=\"column-2\">PARGET MAK\u0130NA<\/td><td class=\"column-3\">ELEVAT\u00d6R PLATFORMLARI<\/td><td class=\"column-4\">UNKNOWN<\/td><td class=\"column-5\">TAMAMLANDI<\/td>\n<\/tr>\n<tr class=\"row-39\">\n\t<td class=\"column-1\">38<\/td><td class=\"column-2\">TURMENKA MADENC\u0130L\u0130K<\/td><td class=\"column-3\">3 ADET 24m3 SU TANKI \u0130MALATI<\/td><td class=\"column-4\">KOYULH\u0130SAR\/S\u0130VAS<\/td><td class=\"column-5\">TAMAMLANDI<\/td>\n<\/tr>\n<tr class=\"row-40\">\n\t<td class=\"column-1\">39<\/td><td class=\"column-2\">YILMAZ PROSES TEKNOLOJ\u0130LER\u0130 LTD. \u015eT\u0130.<\/td><td class=\"column-3\">FLK-AKDA\u011eMADEN PROJES\u0130 8 ADET KONVEY\u00d6R \u0130MALATI<\/td><td class=\"column-4\">YOZGAT<\/td><td class=\"column-5\">DEVAM ED\u0130YOR<\/td>\n<\/tr>\n<tr class=\"row-41\">\n\t<td class=\"column-1\">40<\/td><td class=\"column-2\">TURMENKA MADENC\u0130L\u0130K<\/td><td class=\"column-3\">Mevcut Tikiner Bina Y\u00fckseltme \u0130malat ve Montaj i\u015fleri<\/td><td class=\"column-4\"><\/td><td class=\"column-5\">DEVAM ED\u0130YOR<\/td>\n<\/tr>\n<tr class=\"row-42\">\n\t<td class=\"column-1\">41<\/td><td class=\"column-2\">KAR M\u0130NERAL MADENC\u0130L\u0130K<\/td><td class=\"column-3\">Magneztum Stok Binas\u0131 \u0130malat\u0131 ve Montaj\u0131<\/td><td class=\"column-4\">\u00c7\u0130FTELER\/ESK\u0130\u015eEH\u0130R<\/td><td class=\"column-5\">DEVAM ED\u0130YOR<\/td>\n<\/tr>\n<tr class=\"row-43\">\n\t<td class=\"column-1\">42<\/td><td class=\"column-2\">PARGET MAK\u0130NA<\/td><td class=\"column-3\">Platform ve Merdiven \u0130malatlar\u0131<\/td><td class=\"column-4\"><\/td><td class=\"column-5\">DEVAM ED\u0130YOR<\/td>\n<\/tr>\n<tr class=\"row-44\">\n\t<td class=\"column-1\">43<\/td><td class=\"column-2\">CNS DYNAMICS<\/td><td class=\"column-3\">\u015e\u0130\u015eECAM-TRAKYA CAM FABR\u0130KASI S\u0130LO BUNKER \u0130MALATLARI<\/td><td class=\"column-4\">KIRKLAREL\u0130<\/td><td class=\"column-5\">DEVAM ED\u0130YOR<\/td>\n<\/tr>\n<tr class=\"row-45\">\n\t<td class=\"column-1\">44<\/td><td class=\"column-2\">PARGET MAK\u0130NA<\/td><td class=\"column-3\">Platform ve Merdiven \u0130malatlar\u0131<\/td><td class=\"column-4\"><\/td><td class=\"column-5\">DEVAM ED\u0130YOR<\/td>\n<\/tr>\n<tr class=\"row-46\">\n\t<td class=\"column-1\">45<\/td><td class=\"column-2\">GCA<\/td><td class=\"column-3\">Elevat\u00f6r tambur ve muhtelif aksesuarlar\u0131<\/td><td class=\"column-4\"><\/td><td class=\"column-5\">DEVAM ED\u0130YOR<\/td>\n<\/tr>\n<tr class=\"row-47\">\n\t<td class=\"column-1\">46<\/td><td class=\"column-2\">ANTEK MAK\u0130NA<\/td><td class=\"column-3\">Monoray vin\u00e7 kiri\u015fleri ve Tikiner Sundurma \u0130malatlar\u0131<\/td><td class=\"column-4\"><\/td><td class=\"column-5\">DEVAM ED\u0130YOR<\/td>\n<\/tr>\n<tr class=\"row-48\">\n\t<td class=\"column-1\">47<\/td><td class=\"column-2\">B\u0130R\u0130K\u0130M M\u00dcHEND\u0130SL\u0130K.LTD. \u015eT\u0130<\/td><td class=\"column-3\">AUSENCO 4 ADET KONVEY\u00d6R PROJELEND\u0130RME VE \u0130MALATI<\/td><td class=\"column-4\"><\/td><td class=\"column-5\">DEVAM ED\u0130YOR<\/td>\n<\/tr>\n<tr class=\"row-49\">\n\t<td class=\"column-1\">48<\/td><td class=\"column-2\">TURMENKA MADENC\u0130L\u0130K<\/td><td class=\"column-3\">4m3 KARI\u015eTIRICILI TANK \u0130MALATI<\/td><td class=\"column-4\"><\/td><td class=\"column-5\">DEVAM ED\u0130YOR<\/td>\n<\/tr>\n<tr class=\"row-50\">\n\t<td class=\"column-1\">49<\/td><td class=\"column-2\">TURMENKA MADENC\u0130L\u0130K<\/td><td class=\"column-3\">DE\u011e\u0130RMEN PLATFORMLARI<\/td><td class=\"column-4\"><\/td><td class=\"column-5\">DEVAM ED\u0130YOR<\/td>\n<\/tr>\n<tr class=\"row-51\">\n\t<td class=\"column-1\">50<\/td><td class=\"column-2\">GCA<\/td><td class=\"column-3\">ELEVAT\u00d6R ALT G\u00d6VDE \u0130MALATI<\/td><td class=\"column-4\"><\/td><td class=\"column-5\">DEVAM ED\u0130YOR<\/td>\n<\/tr>\n<\/tbody>\n<\/table>\n<!-- #tablepress-3 from cache --><\/div>\n\t\t\t\t\t\t<\/div>\n\t\t\t\t<\/div>\n\t\t\t\t\t<\/div>\n\t\t<\/div>\n\t\t\t\t\t<\/div>\n\t\t<\/section>\n\t\t\t\t<section class=\"elementor-section elementor-top-section elementor-element elementor-element-b3d8d9b elementor-section-boxed elementor-section-height-default elementor-section-height-default\" data-id=\"b3d8d9b\" data-element_type=\"section\" data-e-type=\"section\">\n\t\t\t\t\t\t<div class=\"elementor-container elementor-column-gap-default\">\n\t\t\t\t\t<div class=\"elementor-column elementor-col-100 elementor-top-column elementor-element elementor-element-241d394\" data-id=\"241d394\" data-element_type=\"column\" data-e-type=\"column\">\n\t\t\t<div class=\"elementor-widget-wrap elementor-element-populated\">\n\t\t\t\t\t\t<div class=\"elementor-element elementor-element-75f6223 elementor-widget elementor-widget-text-editor\" data-id=\"75f6223\" data-element_type=\"widget\" data-e-type=\"widget\" data-widget_type=\"text-editor.default\">\n\t\t\t\t<div class=\"elementor-widget-container\">\n\t\t\t\t\t\t\t\t\t<p>Kurucu orta\u011f\u0131m\u0131z Osman Diken\u2019in ge\u00e7mi\u015f i\u015f ya\u015fant\u0131s\u0131nda sorumlulu\u011funu \u00fcstlendi\u011fi \u00f6nemli projeleri PDF olarak g\u00f6r\u00fcnt\u00fclemek i\u00e7in <a href=\"https:\/\/artconendustri.com\/wp-content\/uploads\/2023\/07\/Referanslarimiz.pdf\">t\u0131klay\u0131n\u0131z<\/a><\/p>\t\t\t\t\t\t\t\t<\/div>\n\t\t\t\t<\/div>\n\t\t\t\t\t<\/div>\n\t\t<\/div>\n\t\t\t\t\t<\/div>\n\t\t<\/section>\n\t\t\t\t<\/div>\n\t\t","protected":false},"excerpt":{"rendered":"<p>Referanslar\u0131m\u0131z Kurucu orta\u011f\u0131m\u0131z Osman Diken\u2019in ge\u00e7mi\u015f i\u015f ya\u015fant\u0131s\u0131nda sorumlulu\u011funu \u00fcstlendi\u011fi \u00f6nemli projeleri PDF olarak g\u00f6r\u00fcnt\u00fclemek i\u00e7in t\u0131klay\u0131n\u0131z<\/p>\n","protected":false},"author":1,"featured_media":4243,"parent":0,"menu_order":0,"comment_status":"closed","ping_status":"closed","template":"","meta":{"footnotes":""},"class_list":["post-4236","page","type-page","status-publish","has-post-thumbnail","hentry"],"_links":{"self":[{"href":"https:\/\/artconendustri.com\/tr\/wp-json\/wp\/v2\/pages\/4236","targetHints":{"allow":["GET"]}}],"collection":[{"href":"https:\/\/artconendustri.com\/tr\/wp-json\/wp\/v2\/pages"}],"about":[{"href":"https:\/\/artconendustri.com\/tr\/wp-json\/wp\/v2\/types\/page"}],"author":[{"embeddable":true,"href":"https:\/\/artconendustri.com\/tr\/wp-json\/wp\/v2\/users\/1"}],"replies":[{"embeddable":true,"href":"https:\/\/artconendustri.com\/tr\/wp-json\/wp\/v2\/comments?post=4236"}],"version-history":[{"count":19,"href":"https:\/\/artconendustri.com\/tr\/wp-json\/wp\/v2\/pages\/4236\/revisions"}],"predecessor-version":[{"id":5642,"href":"https:\/\/artconendustri.com\/tr\/wp-json\/wp\/v2\/pages\/4236\/revisions\/5642"}],"wp:featuredmedia":[{"embeddable":true,"href":"https:\/\/artconendustri.com\/tr\/wp-json\/wp\/v2\/media\/4243"}],"wp:attachment":[{"href":"https:\/\/artconendustri.com\/tr\/wp-json\/wp\/v2\/media?parent=4236"}],"curies":[{"name":"wp","href":"https:\/\/api.w.org\/{rel}","templated":true}]}}