{"id":1743,"date":"2019-12-05T09:17:16","date_gmt":"2019-12-05T09:17:16","guid":{"rendered":"https:\/\/demoapus2.com\/rekon\/?page_id=1743"},"modified":"2024-12-31T09:24:38","modified_gmt":"2024-12-31T09:24:38","slug":"hakkimizda","status":"publish","type":"page","link":"https:\/\/artconendustri.com\/tr\/hakkimizda\/","title":{"rendered":"Hakk\u0131m\u0131zda"},"content":{"rendered":"\t\t<div data-elementor-type=\"wp-page\" data-elementor-id=\"1743\" class=\"elementor elementor-1743\" data-elementor-post-type=\"page\">\n\t\t\t\t\t\t<section class=\"elementor-section elementor-top-section elementor-element elementor-element-2079062 elementor-section-boxed elementor-section-height-default elementor-section-height-default\" data-id=\"2079062\" data-element_type=\"section\" data-e-type=\"section\">\n\t\t\t\t\t\t<div class=\"elementor-container elementor-column-gap-default\">\n\t\t\t\t\t<div class=\"elementor-column elementor-col-100 elementor-top-column elementor-element elementor-element-16f366b\" data-id=\"16f366b\" data-element_type=\"column\" data-e-type=\"column\">\n\t\t\t<div class=\"elementor-widget-wrap elementor-element-populated\">\n\t\t\t\t\t\t<div class=\"elementor-element elementor-element-29d50c3 elementor-widget elementor-widget-heading\" data-id=\"29d50c3\" data-element_type=\"widget\" data-e-type=\"widget\" data-widget_type=\"heading.default\">\n\t\t\t\t<div class=\"elementor-widget-container\">\n\t\t\t\t\t<h1 class=\"elementor-heading-title elementor-size-default\">Hakk\u0131m\u0131zda<\/h1>\t\t\t\t<\/div>\n\t\t\t\t<\/div>\n\t\t\t\t\t<\/div>\n\t\t<\/div>\n\t\t\t\t\t<\/div>\n\t\t<\/section>\n\t\t\t\t<section class=\"elementor-section elementor-top-section elementor-element elementor-element-5d38cf0 elementor-section-stretched elementor-section-boxed elementor-section-height-default elementor-section-height-default\" data-id=\"5d38cf0\" data-element_type=\"section\" data-e-type=\"section\" data-settings=\"{&quot;stretch_section&quot;:&quot;section-stretched&quot;}\">\n\t\t\t\t\t\t<div class=\"elementor-container elementor-column-gap-extended\">\n\t\t\t\t\t<div class=\"elementor-column elementor-col-50 elementor-top-column elementor-element elementor-element-969133f\" data-id=\"969133f\" data-element_type=\"column\" data-e-type=\"column\">\n\t\t\t<div class=\"elementor-widget-wrap elementor-element-populated\">\n\t\t\t\t\t\t<div class=\"elementor-element elementor-element-458c06c elementor-widget elementor-widget-image\" data-id=\"458c06c\" data-element_type=\"widget\" data-e-type=\"widget\" data-widget_type=\"image.default\">\n\t\t\t\t<div class=\"elementor-widget-container\">\n\t\t\t\t\t\t\t\t\t\t\t\t\t\t\t<img decoding=\"async\" src=\"https:\/\/artconendustri.com\/wp-content\/uploads\/2023\/09\/artcon-endustri-hakkimizda-e1695797383197.jpg\" title=\"\" alt=\"\" loading=\"lazy\" \/>\t\t\t\t\t\t\t\t\t\t\t\t\t\t\t<\/div>\n\t\t\t\t<\/div>\n\t\t\t\t\t<\/div>\n\t\t<\/div>\n\t\t\t\t<div class=\"elementor-column elementor-col-50 elementor-top-column elementor-element elementor-element-1058d42\" data-id=\"1058d42\" data-element_type=\"column\" data-e-type=\"column\">\n\t\t\t<div class=\"elementor-widget-wrap elementor-element-populated\">\n\t\t\t\t\t\t<div class=\"elementor-element elementor-element-3bbd28b elementor-widget elementor-widget-heading\" data-id=\"3bbd28b\" data-element_type=\"widget\" data-e-type=\"widget\" data-widget_type=\"heading.default\">\n\t\t\t\t<div class=\"elementor-widget-container\">\n\t\t\t\t\t<h2 class=\"elementor-heading-title elementor-size-default\">Artcon End\u00fcstri<\/h2>\t\t\t\t<\/div>\n\t\t\t\t<\/div>\n\t\t\t\t<div class=\"elementor-element elementor-element-c427ff4 elementor-widget elementor-widget-heading\" data-id=\"c427ff4\" data-element_type=\"widget\" data-e-type=\"widget\" data-widget_type=\"heading.default\">\n\t\t\t\t<div class=\"elementor-widget-container\">\n\t\t\t\t\t<p class=\"elementor-heading-title elementor-size-default\">Artcon End\u00fcstri ve M\u00fchendislik San. Tic. Ltd \u015eti, 2021 y\u0131l\u0131nda Ankara'n\u0131n merkezinde do\u011fdu. Farkl\u0131 end\u00fcstri dallar\u0131na - Camdan Enerjiye, Madencili\u011fe ve \u00c7imentoya - anahtar teslim hizmetler sunarak d\u00f6n\u00fc\u015f\u00fcm\u00fcn \u00f6nc\u00fcs\u00fc olmaya kararl\u0131y\u0131z. Kurucu ortaklar\u0131m\u0131z ve ekibimizin 18 y\u0131l\u0131 a\u015fk\u0131n deneyimi, say\u0131s\u0131z end\u00fcstriyel tesis projemizle \u015fekillendi.\n<\/br><\/br> Firmam\u0131z, temel m\u00fchendislik \u00e7al\u0131\u015fmalar\u0131ndan devreye al\u0131ma kadar gen\u00e7, dinamik ve teknolojiye merakl\u0131 bir ekiple faaliyet g\u00f6sterir. M\u00fchendislik deneyimlerimize duyulan g\u00fcvenin yan\u0131 s\u0131ra, \u00e7\u00f6z\u00fcm sunma konusundaki h\u0131z\u0131m\u0131z ve yarat\u0131c\u0131 yakla\u015f\u0131m\u0131m\u0131zla \u00f6ne \u00e7\u0131kar\u0131z.<\/br> <\/br> \nAmac\u0131m\u0131z, m\u00fc\u015fteri memnuniyetini her zaman \u00f6n planda tutarak, ihtiya\u00e7lar\u0131n\u0131za \u00f6zel en uygun, s\u00fcrd\u00fcr\u00fclebilir ve yenilik\u00e7i \u00e7\u00f6z\u00fcmler sunmakt\u0131r.<\/p>\t\t\t\t<\/div>\n\t\t\t\t<\/div>\n\t\t\t\t\t<\/div>\n\t\t<\/div>\n\t\t\t\t\t<\/div>\n\t\t<\/section>\n\t\t\t\t<\/div>\n\t\t","protected":false},"excerpt":{"rendered":"<p>Hakk\u0131m\u0131zda Artcon End\u00fcstri Artcon End\u00fcstri ve M\u00fchendislik San. Tic. Ltd \u015eti, 2021 y\u0131l\u0131nda Ankara&#8217;n\u0131n merkezinde do\u011fdu. Farkl\u0131 end\u00fcstri dallar\u0131na &#8211; Camdan Enerjiye, Madencili\u011fe ve \u00c7imentoya &#8211; anahtar teslim hizmetler sunarak d\u00f6n\u00fc\u015f\u00fcm\u00fcn \u00f6nc\u00fcs\u00fc olmaya kararl\u0131y\u0131z. Kurucu ortaklar\u0131m\u0131z ve ekibimizin 18 y\u0131l\u0131 a\u015fk\u0131n deneyimi, say\u0131s\u0131z end\u00fcstriyel tesis projemizle \u015fekillendi. Firmam\u0131z, temel m\u00fchendislik \u00e7al\u0131\u015fmalar\u0131ndan devreye al\u0131ma kadar gen\u00e7, [&hellip;]<\/p>\n","protected":false},"author":1,"featured_media":4260,"parent":0,"menu_order":0,"comment_status":"closed","ping_status":"closed","template":"","meta":{"footnotes":""},"class_list":["post-1743","page","type-page","status-publish","has-post-thumbnail","hentry"],"_links":{"self":[{"href":"https:\/\/artconendustri.com\/tr\/wp-json\/wp\/v2\/pages\/1743","targetHints":{"allow":["GET"]}}],"collection":[{"href":"https:\/\/artconendustri.com\/tr\/wp-json\/wp\/v2\/pages"}],"about":[{"href":"https:\/\/artconendustri.com\/tr\/wp-json\/wp\/v2\/types\/page"}],"author":[{"embeddable":true,"href":"https:\/\/artconendustri.com\/tr\/wp-json\/wp\/v2\/users\/1"}],"replies":[{"embeddable":true,"href":"https:\/\/artconendustri.com\/tr\/wp-json\/wp\/v2\/comments?post=1743"}],"version-history":[{"count":29,"href":"https:\/\/artconendustri.com\/tr\/wp-json\/wp\/v2\/pages\/1743\/revisions"}],"predecessor-version":[{"id":5639,"href":"https:\/\/artconendustri.com\/tr\/wp-json\/wp\/v2\/pages\/1743\/revisions\/5639"}],"wp:featuredmedia":[{"embeddable":true,"href":"https:\/\/artconendustri.com\/tr\/wp-json\/wp\/v2\/media\/4260"}],"wp:attachment":[{"href":"https:\/\/artconendustri.com\/tr\/wp-json\/wp\/v2\/media?parent=1743"}],"curies":[{"name":"wp","href":"https:\/\/api.w.org\/{rel}","templated":true}]}}